{"id":21611,"date":"2024-11-18T12:45:26","date_gmt":"2024-11-18T12:45:26","guid":{"rendered":"https:\/\/flaxmanlaw.wpenginepowered.com\/accidente-de-motocicleta-en-south-miami-abogados-de-lesiones-de-motocicleta-en-el-condado-de-miami-dade\/"},"modified":"2024-11-18T12:45:26","modified_gmt":"2024-11-18T12:45:26","slug":"accidente-de-motocicleta-en-south-miami-abogados-de-lesiones-de-motocicleta-en-el-condado-de-miami-dade","status":"publish","type":"page","link":"https:\/\/flaxmanlaw.com\/es\/accidente-de-motocicleta-en-south-miami-abogados-de-lesiones-de-motocicleta-en-el-condado-de-miami-dade\/","title":{"rendered":"Accidente de Motocicleta en South Miami | Abogados de Lesiones de Motocicleta en el Condado de Miami-Dade"},"content":{"rendered":"<div class=\"bodytext\">\n<h2>Accidente de moto en South Miami<\/h1><\/h2>\n<div class=\"description\">\n<p>South Miami est\u00e1 situada en el condado de Miami-Dade, en el sur de Florida. El lema de la ciudad es \u00abla Ciudad de la Vida Agradable\u00bb, porque la comunidad hace mucho por mantener la ciudad bella y confortable. Para ello, la comunidad cuenta con muchos parques y frondosas zonas residenciales. El bien desarrollado centro de la ciudad tiene muchas tiendas independientes, lugares para comer y atracciones.   <\/p>\n<p>Aunque South Miami puede ser un lugar agradable para vivir, las v\u00edctimas de accidentes de moto en la ciudad se enfrentan a cualquier cosa menos a un momento agradable. Muchos <a href=\"accidentes-motos.html\">accidentes<\/a> de moto en South Miami se producen por la negligencia o imprudencia de un conductor que comparte la carretera con un motorista. En estos casos, la v\u00edctima lesionada puede reclamar a las partes responsables una indemnizaci\u00f3n por p\u00e9rdida de ingresos, gastos m\u00e9dicos, dolor y sufrimiento, y otras lesiones causadas por el accidente. Si la imprudencia o negligencia de alguien te ha causado lesiones devastadoras, no hay raz\u00f3n para que tengas que pagar los elevados gastos m\u00e9dicos, la p\u00e9rdida de ingresos y otros gastos relacionados con tu accidente. La legislaci\u00f3n de Florida garantiza que en estos casos puedas solicitar una indemnizaci\u00f3n a tu costa.    <\/p>\n<p>Para llevar adelante un caso de motocicleta en South Miami, generalmente debes demostrar que se ha producido una negligencia. En la mayor\u00eda de los casos, esto requerir\u00e1 un abogado experto en lesiones personales de South Miami, que puede trabajar con investigadores privados y otros profesionales para determinar exactamente qu\u00e9 ha ocurrido en un accidente. Un abogado de lesiones personales cualificado de South Miami investigar\u00e1 ambos veh\u00edculos, las condiciones de la carretera, las condiciones meteorol\u00f3gicas, cualquier posible defecto del coche, un error del conductor y cualquier prueba de que un conductor estaba distra\u00eddo o impedido en el momento de la colisi\u00f3n.  <\/p>\n<p>Adem\u00e1s de demostrar la negligencia, los abogados cualificados de lesiones personales de South Miami evaluar\u00e1n a menudo los costes totales de un accidente. En muchos casos, las v\u00edctimas subestiman gravemente el coste total de sus lesiones, y se dan cuenta demasiado tarde de que tendr\u00e1n que pagar miles o decenas de miles de d\u00f3lares de su bolsillo por sus gastos. Un abogado calificado en accidentes automovil\u00edsticos y de tr\u00e1fico en South Miami generalmente ha trabajado con miles de casos y comprende exactamente el costo real y a largo plazo de una lesi\u00f3n. El Grupo Legal Flaxman, por ejemplo, ha trabajado con miles de v\u00edctimas de lesiones personales en Florida del Sur, y comprende cu\u00e1n devastador puede ser realmente el costo de las lesiones personales.   <\/p>\n<p>Existe un estatuto de limitaciones que limita el tiempo que tienes para presentar una demanda legal contra una parte responsable despu\u00e9s de un accidente. Por esta raz\u00f3n, es importante no retrasarse al contactar con el Grupo Legal Flaxman. Si crees que puedes tener una demanda o si simplemente deseas saber cu\u00e1nto podr\u00eda valer tu caso, es importante que contactes con el <a href=\"index.html\">Grupo Legal<\/a> Flaxman de inmediato. Cuanto m\u00e1s espere, menos probabilidades tendr\u00e1 de recuperar la cantidad total a la que puede tener derecho seg\u00fan la ley de Florida. Tu consulta inicial con el Grupo Legal Flaxman es gratuita y sin compromiso, as\u00ed que no tienes nada que perder al conocer los hechos sobre tu caso.    <\/p>\n<p>El equipo jur\u00eddico del Grupo Legal Flaxman ha trabajado con miles de v\u00edctimas de accidentes de motocicleta y de lesiones personales en Florida del Sur. El Grupo Legal Flaxman es una firma de servicios integrales, y puede encargarse de todos los detalles relacionados con su caso, desde la consulta inicial hasta llevar agresivamente su caso a juicio, si eso es lo que usted decide hacer. <a href=\"contacta con nosotros.html\">Contacta<\/a> hoy mismo <a href=\"contacta con nosotros.html\">con el Grupo Legal Flaxman<\/a> para concertar una consulta inicial gratuita y hablar de tu caso con un abogado experimentado. <\/p>\n<\/p><\/div>\n<div class=\"subpageslist\"> <strong class=\"heading4 widget-title\"><a href=\"accidentes-de-bicis-sur-miami.html\">Accidentes de una sola bicicleta<\/a><\/strong> <strong class=\"heading4 widget-title\"><a href=\"accidentes de moto con visibilidad limitada en el sur de miami.html\">Visibilidad limitada<\/a><\/strong> <strong class=\"heading4 widget-title\"><a href=\"south-miami-perder-control-en-las-vueltas.html\">P\u00e9rdida de control en giros<\/a><\/strong> <strong class=\"heading4 widget-title\"><a href=\"accidentes de moto en el sur de miami.html\">Accidentes por maniobrabilidad<\/a><\/strong> <\/div>\n<\/p><\/div>\n","protected":false},"excerpt":{"rendered":"<p>Sin honorarios a menos que ganemos. Llama al 866-352-9626 para una &#8230; <\/p>\n","protected":false},"author":3,"featured_media":0,"parent":0,"menu_order":0,"comment_status":"closed","ping_status":"closed","template":"template-practice-areas.php","meta":{"footnotes":""},"class_list":["post-21611","page","type-page","status-publish","hentry"],"featured_image_src":null,"featured_image_src_square":null,"_links":{"self":[{"href":"https:\/\/flaxmanlaw.com\/es\/wp-json\/wp\/v2\/pages\/21611","targetHints":{"allow":["GET"]}}],"collection":[{"href":"https:\/\/flaxmanlaw.com\/es\/wp-json\/wp\/v2\/pages"}],"about":[{"href":"https:\/\/flaxmanlaw.com\/es\/wp-json\/wp\/v2\/types\/page"}],"author":[{"embeddable":true,"href":"https:\/\/flaxmanlaw.com\/es\/wp-json\/wp\/v2\/users\/3"}],"replies":[{"embeddable":true,"href":"https:\/\/flaxmanlaw.com\/es\/wp-json\/wp\/v2\/comments?post=21611"}],"version-history":[{"count":0,"href":"https:\/\/flaxmanlaw.com\/es\/wp-json\/wp\/v2\/pages\/21611\/revisions"}],"wp:attachment":[{"href":"https:\/\/flaxmanlaw.com\/es\/wp-json\/wp\/v2\/media?parent=21611"}],"curies":[{"name":"wp","href":"https:\/\/api.w.org\/{rel}","templated":true}]}}