{"id":21613,"date":"2024-11-18T12:45:26","date_gmt":"2024-11-18T12:45:26","guid":{"rendered":"https:\/\/flaxmanlaw.wpenginepowered.com\/colisiones-por-girar-a-la-izquierda-en-south-miami-abogados-de-accidentes-de-coche-en-el-condado-de-miami-dade\/"},"modified":"2024-11-18T12:45:26","modified_gmt":"2024-11-18T12:45:26","slug":"colisiones-por-girar-a-la-izquierda-en-south-miami-abogados-de-accidentes-de-coche-en-el-condado-de-miami-dade","status":"publish","type":"page","link":"https:\/\/flaxmanlaw.com\/es\/colisiones-por-girar-a-la-izquierda-en-south-miami-abogados-de-accidentes-de-coche-en-el-condado-de-miami-dade\/","title":{"rendered":"Colisiones por girar a la izquierda en South Miami | Abogados de accidentes de coche en el condado de Miami-Dade"},"content":{"rendered":"<div class=\"bodytext\">\n<h2>Colisiones por girar a la izquierda en South Miami<\/h1><\/h2>\n<div class=\"description\">\n<p>Los accidentes en las intersecciones de South Miami y Florida suelen implicar giros inseguros a la izquierda. Durante estos giros, los conductores tienen que cruzar otros carriles de tr\u00e1fico y si un solo motorista no obedece las normas de prioridad o no se fija en el tr\u00e1fico que viene en sentido contrario, puede producirse f\u00e1cilmente una colisi\u00f3n. <\/p>\n<p>Los abogados del Grupo Legal Flaxman han estado ayudando a personas lesionadas en accidentes de tr\u00e1fico durante d\u00e9cadas. De hecho, el Grupo Legal Flaxman, antes conocido como Flaxman y L\u00f3pez, es una firma de servicios integrales que ha formado parte del \u00e1rea de Florida del Sur por m\u00e1s de 35 a\u00f1os. Si usted ha resultado lesionado, por favor no dude en contactarnos para una evaluaci\u00f3n gratuita de su caso.  <\/p>\n<p><strong class=\"heading4\">Qu\u00e9 hacer tras un accidente de tr\u00e1fico con giro a la izquierda en South Miami o en tu comunidad<\/strong><\/p>\n<p>Si te has visto implicado en un accidente de tr\u00e1fico grave, hay varias cosas que querr\u00e1s hacer:<\/p>\n<p><strong>1) Consigue atenci\u00f3n m\u00e9dica inmediata.  <\/strong><\/p>\n<p>Si has sufrido lesiones graves, es probable que tengas que llamar al 911 para recibir tratamiento m\u00e9dico de urgencia que te salve la vida. Aunque no parezcas estar herido, es importante que te hagan una evaluaci\u00f3n m\u00e9dica completa lo antes posible despu\u00e9s del accidente. Ten en cuenta que, aunque parezcas estar bien, puedes haber sufrido lesiones graves, como un traumatismo craneal, una lesi\u00f3n de tejidos blandos u otra lesi\u00f3n que pueda requerir atenci\u00f3n m\u00e9dica. Buscar atenci\u00f3n m\u00e9dica sin demora puede ayudarte a reducir el riesgo de complicaciones o incluso de afecciones potencialmente mortales.   <\/p>\n<p><strong>2) Empieza a documentar las pruebas.<\/strong><\/p>\n<p>Las pruebas son importantes en tu caso, tanto si decides reclamar a trav\u00e9s de una compa\u00f1\u00eda de seguros como si decides presentar una demanda judicial y llevar tu caso ante un tribunal. En el lugar del accidente, deber\u00e1s intercambiar informaci\u00f3n de contacto y del seguro con el otro conductor. Tambi\u00e9n querr\u00e1s abstenerte de disculparte por el accidente o de entrar en cualquier tipo de debate o discusi\u00f3n sobre lo que caus\u00f3 la colisi\u00f3n. Deja que los investigadores y los profesionales lo determinen.   <\/p>\n<p><strong>3) Informa del accidente.<\/strong><\/p>\n<p>Si el accidente fue grave o si sospechas que se violaron las normas de tr\u00e1fico o se infringi\u00f3 alguna ley durante el accidente, ponte en contacto con la polic\u00eda. Tambi\u00e9n querr\u00e1s informar del accidente a tu compa\u00f1\u00eda de seguros. Denunciar el accidente con prontitud demuestra que te tomas en serio la protecci\u00f3n de tus derechos y garantiza que las aseguradoras puedan empezar a evaluar tu caso.  <\/p>\n<p><strong>4) Ponte en contacto con un abogado especializado en lesiones personales para que te asesore y represente legalmente.<\/strong><\/p>\n<p>Aunque tengas una cobertura excelente o no est\u00e9s seguro de si tienes derecho a reclamar, es \u00fatil hablar con un abogado de lesiones personales. Un abogado de lesiones personales puede ayudarte a averiguar si tienes una reclamaci\u00f3n u otra opci\u00f3n para buscar una indemnizaci\u00f3n justa en tu caso. Un abogado tambi\u00e9n puede ayudarte con el proceso legal y de seguros para que puedas mejorar tus posibilidades de obtener una indemnizaci\u00f3n justa por las p\u00e9rdidas econ\u00f3micas y los da\u00f1os sufridos.  <\/p>\n<p>Si deseas hablar hoy mismo con un abogado de lesiones personales sobre tu caso y tus lesiones, <a href=\"contacta con nosotros.html\">contacta hoy mismo al Grupo Legal Flaxman<\/a> para una revisi\u00f3n gratuita de tu caso.<\/p>\n<\/p><\/div>\n<\/p><\/div>\n","protected":false},"excerpt":{"rendered":"<p>Sin honorarios a menos que ganemos. Llama al 866-352-9626 para una &#8230; <\/p>\n","protected":false},"author":3,"featured_media":0,"parent":0,"menu_order":0,"comment_status":"closed","ping_status":"closed","template":"template-practice-areas.php","meta":{"footnotes":""},"class_list":["post-21613","page","type-page","status-publish","hentry"],"featured_image_src":null,"featured_image_src_square":null,"_links":{"self":[{"href":"https:\/\/flaxmanlaw.com\/es\/wp-json\/wp\/v2\/pages\/21613","targetHints":{"allow":["GET"]}}],"collection":[{"href":"https:\/\/flaxmanlaw.com\/es\/wp-json\/wp\/v2\/pages"}],"about":[{"href":"https:\/\/flaxmanlaw.com\/es\/wp-json\/wp\/v2\/types\/page"}],"author":[{"embeddable":true,"href":"https:\/\/flaxmanlaw.com\/es\/wp-json\/wp\/v2\/users\/3"}],"replies":[{"embeddable":true,"href":"https:\/\/flaxmanlaw.com\/es\/wp-json\/wp\/v2\/comments?post=21613"}],"version-history":[{"count":0,"href":"https:\/\/flaxmanlaw.com\/es\/wp-json\/wp\/v2\/pages\/21613\/revisions"}],"wp:attachment":[{"href":"https:\/\/flaxmanlaw.com\/es\/wp-json\/wp\/v2\/media?parent=21613"}],"curies":[{"name":"wp","href":"https:\/\/api.w.org\/{rel}","templated":true}]}}