{"id":21615,"date":"2024-11-18T12:45:26","date_gmt":"2024-11-18T12:45:26","guid":{"rendered":"https:\/\/flaxmanlaw.wpenginepowered.com\/accidentes-en-intersecciones-de-south-miami-abogados-de-accidentes-de-coche-del-condado-de-miami-dade\/"},"modified":"2024-11-18T12:45:26","modified_gmt":"2024-11-18T12:45:26","slug":"accidentes-en-intersecciones-de-south-miami-abogados-de-accidentes-de-coche-del-condado-de-miami-dade","status":"publish","type":"page","link":"https:\/\/flaxmanlaw.com\/es\/accidentes-en-intersecciones-de-south-miami-abogados-de-accidentes-de-coche-del-condado-de-miami-dade\/","title":{"rendered":"Accidentes en Intersecciones de South Miami | Abogados de Accidentes de Coche del Condado de Miami-Dade"},"content":{"rendered":"<div class=\"bodytext\">\n<h2>Accidentes en intersecciones de South Miami<\/h1><\/h2>\n<div class=\"description\">\n<p>En las intersecciones de South Miami a menudo hay ciclistas, peatones y veh\u00edculos que circulan en distintas direcciones al mismo tiempo. Debido a la concentraci\u00f3n de veh\u00edculos y peatones en un \u00e1rea reducida y a los muchos tipos de maniobras al volante que suelen producirse en las intersecciones, estas zonas suelen ser escenario de accidentes graves. <\/p>\n<p>Si usted o un ser querido ha resultado lesionado en una intersecci\u00f3n, a los abogados del Grupo Legal Flaxman les gustar\u00eda extenderle una invitaci\u00f3n para una revisi\u00f3n gratuita y sin compromiso de su caso. S\u00f3lo llame a nuestras oficinas al 866-352-9626 o programe su cita a trav\u00e9s de nuestro sitio web para concertar una cita gratuita. <\/p>\n<p><strong class=\"heading4\">Lesiones comunes sufridas en accidentes de coche y cami\u00f3n en intersecciones en South Miami<\/strong><\/p>\n<p>En el sur de Miami y en toda Florida, los accidentes de tr\u00e1fico en las intersecciones provocan muchas lesiones graves, como lesiones de espalda, fracturas, par\u00e1lisis y lesiones craneales. Una consecuencia muy frecuente de los accidentes de coche son las lesiones y traumatismos de la m\u00e9dula espinal. Las lesiones medulares son bastante frecuentes en todo Estados Unidos. Hasta 10.000 personas sufren anualmente este tipo de lesiones en todo el pa\u00eds, y un gran n\u00famero de estos pacientes sufren sus lesiones en colisiones de tr\u00e1fico.   <\/p>\n<p>Las lesiones medulares implican da\u00f1os en la m\u00e9dula espinal y pueden provocar p\u00e9rdida de sensibilidad en las extremidades, par\u00e1lisis parcial, par\u00e1lisis completa y p\u00e9rdida de funciones corporales. Los pacientes de lesiones medulares de Florida se enfrentan a retos considerables cuando intentan recuperarse de su accidente. Por ejemplo, se enfrentan a facturas m\u00e9dicas considerables -m\u00e1s de 100.000 d\u00f3lares s\u00f3lo en el primer a\u00f1o en muchos casos-, as\u00ed como a depresi\u00f3n, dificultad para reincorporarse a su vida cotidiana y tratamientos m\u00e9dicos largos y dolorosos. Los que sufren lesiones permanentes a menudo no pueden volver al trabajo y pueden tener que afrontar toda una vida de cuidados a domicilio.   <\/p>\n<p><strong class=\"heading4\">No te permitas convertirte en v\u00edctima<\/strong><\/p>\n<p>Que hayas sobrevivido a un accidente de tr\u00e1fico no significa que tengas que ser una v\u00edctima. Si has sobrevivido a un accidente de tr\u00e1fico grave, querr\u00e1s obtener asesoramiento jur\u00eddico. Puedes estar seguro de que las partes responsables y sus compa\u00f1\u00edas de seguros obtienen asesoramiento jur\u00eddico. \u00bfNo mereces lo mismo t\u00fa, como perjudicado?   <\/p>\n<p>Trabajar con un abogado especializado en lesiones personales puede ayudarte a obtener una indemnizaci\u00f3n justa, si tienes derecho a ella, para que no tengas que pagar de tu bolsillo o de tus propios ahorros los costes catastr\u00f3ficos de la atenci\u00f3n m\u00e9dica, los salarios perdidos y otros gastos. Un buen abogado de lesiones personales examinar\u00e1 cada detalle de tu caso y te ayudar\u00e1 a buscar todas las opciones de indemnizaci\u00f3n. En algunos casos, la negligencia no es obvia, pero un abogado cualificado sabr\u00e1 d\u00f3nde buscar y sabr\u00e1 c\u00f3mo utilizar las leyes de Florida que est\u00e1n dise\u00f1adas para protegerte.  <\/p>\n<p>Para m\u00e1s informaci\u00f3n sobre accidentes en intersecciones y c\u00f3mo el Grupo Legal <a href=\"index.html\">Flaxman<\/a> puede ayudarle en el camino hacia la recuperaci\u00f3n, <a href=\"contacta con nosotros.html\">contacte<\/a> hoy mismo a las oficinas del Grupo Legal Flaxman. Nuestros abogados pueden manejar cada paso del proceso, desde ayudarte a evaluar tus opciones hasta luchar por tus derechos en la corte o en la mesa de negociaciones. Manejamos la investigaci\u00f3n de tu accidente, la construcci\u00f3n de tu caso y la recuperaci\u00f3n de tu indemnizaci\u00f3n. Incluso podemos ayudarte a encontrar un coche de alquiler o recursos en tu zona mientras te enfrentas a tus lesiones tras el accidente. Para averiguar lo que podemos hacer por ti, contacta hoy mismo con el Grupo Legal Flaxman.    <\/p>\n<\/p><\/div>\n<\/p><\/div>\n","protected":false},"excerpt":{"rendered":"<p>Sin honorarios a menos que ganemos. Llama al 866-352-9626 para una &#8230; <\/p>\n","protected":false},"author":3,"featured_media":0,"parent":0,"menu_order":0,"comment_status":"closed","ping_status":"closed","template":"template-practice-areas.php","meta":{"footnotes":""},"class_list":["post-21615","page","type-page","status-publish","hentry"],"featured_image_src":null,"featured_image_src_square":null,"_links":{"self":[{"href":"https:\/\/flaxmanlaw.com\/es\/wp-json\/wp\/v2\/pages\/21615","targetHints":{"allow":["GET"]}}],"collection":[{"href":"https:\/\/flaxmanlaw.com\/es\/wp-json\/wp\/v2\/pages"}],"about":[{"href":"https:\/\/flaxmanlaw.com\/es\/wp-json\/wp\/v2\/types\/page"}],"author":[{"embeddable":true,"href":"https:\/\/flaxmanlaw.com\/es\/wp-json\/wp\/v2\/users\/3"}],"replies":[{"embeddable":true,"href":"https:\/\/flaxmanlaw.com\/es\/wp-json\/wp\/v2\/comments?post=21615"}],"version-history":[{"count":0,"href":"https:\/\/flaxmanlaw.com\/es\/wp-json\/wp\/v2\/pages\/21615\/revisions"}],"wp:attachment":[{"href":"https:\/\/flaxmanlaw.com\/es\/wp-json\/wp\/v2\/media?parent=21615"}],"curies":[{"name":"wp","href":"https:\/\/api.w.org\/{rel}","templated":true}]}}