{"id":21618,"date":"2024-11-18T12:45:26","date_gmt":"2024-11-18T12:45:26","guid":{"rendered":"https:\/\/flaxmanlaw.wpenginepowered.com\/fallo-mecanico-en-south-miami-abogados-de-accidentes-de-trafico-en-el-condado-de-miami-dade\/"},"modified":"2024-11-18T12:45:26","modified_gmt":"2024-11-18T12:45:26","slug":"fallo-mecanico-en-south-miami-abogados-de-accidentes-de-trafico-en-el-condado-de-miami-dade","status":"publish","type":"page","link":"https:\/\/flaxmanlaw.com\/es\/fallo-mecanico-en-south-miami-abogados-de-accidentes-de-trafico-en-el-condado-de-miami-dade\/","title":{"rendered":"Fallo mec\u00e1nico en South Miami | Abogados de accidentes de tr\u00e1fico en el condado de Miami-Dade"},"content":{"rendered":"<div class=\"bodytext\">\n<h2>Aver\u00eda mec\u00e1nica en South Miami<\/h1><\/h2>\n<div class=\"description\">\n<p>Los fabricantes de autom\u00f3viles ganan miles de millones de d\u00f3lares vendiendo sus coches a clientes como t\u00fa, y los clientes gastan decenas de miles de d\u00f3lares o incluso m\u00e1s en coches que prometen ser seguros en la carretera. Por desgracia, cuando un mal dise\u00f1o, defectos de fabricaci\u00f3n u otros problemas provocan fallos mec\u00e1nicos en South Miami, los pasajeros que pagan sus veh\u00edculos con el dinero que tanto les ha costado ganar a menudo resultan gravemente heridos como consecuencia de defectos evitables. <\/p>\n<p>Si esto te ha sucedido, debes saber que siempre puedes <a href=\"contacta con nosotros.html\">contactar<\/a> al Grupo Legal Flaxman para obtener asesor\u00eda legal gratuita sobre tu situaci\u00f3n. Querr\u00e1s explorar todas tus opciones legales para asegurarte de que se cubran la mayor parte de tus facturas m\u00e9dicas, salarios perdidos y otros gastos. <\/p>\n<p><strong class=\"heading4\">\u00bfQui\u00e9n es responsable de un fallo mec\u00e1nico que provoque un accidente de tr\u00e1fico?<\/strong><\/p>\n<p>Si has sufrido una colisi\u00f3n de tr\u00e1fico en el sur de Miami o en cualquier otro lugar de Florida, puede ser dif\u00edcil determinar cu\u00e1l ha sido la causa del accidente. Aunque sepas que un fallo de los frenos o de los neum\u00e1ticos provoc\u00f3 el accidente, \u00bfc\u00f3mo puedes estar seguro de si el fallo mec\u00e1nico se debi\u00f3 a una negligencia del fabricante del coche? Al fin y al cabo, los neum\u00e1ticos pueden reventar porque est\u00e1n mal dise\u00f1ados o porque tienen alg\u00fan defecto de fabricaci\u00f3n. Sin embargo, tambi\u00e9n pueden fallar si el propietario de un veh\u00edculo no los sustituye cuando es necesario y no los mantiene correctamente. Puede ser dif\u00edcil determinar exactamente lo que ha ocurrido y, en muchos casos, las posibles partes responsables empezar\u00e1n a se\u00f1alar con el dedo para reducir su propia responsabilidad en el caso.    <\/p>\n<p>Necesitas un buen abogado de lesiones personales que te ayude a encontrar respuestas.<\/p>\n<p><strong class=\"heading4\">\u00bfEst\u00e1s cubierto tras tu accidente de coche en South Miami?<\/strong><\/p>\n<p>Muchas personas suponen que, tras un <a href=\"accidentes-coche.html\">accidente de coche<\/a>, est\u00e1n cubiertas por su cobertura sanitaria y su seguro de autom\u00f3vil. Por desgracia, no siempre es as\u00ed. De hecho, tras un accidente de coche grave con lesiones devastadoras o permanentes, no es infrecuente que surja un litigio con el seguro. En muchos casos, las compa\u00f1\u00edas de seguros deniegan una reclamaci\u00f3n o la infravaloran. Su principal objetivo es ganar dinero, y sus beneficios se resienten si pagan el m\u00e1ximo posible en cada caso.    <\/p>\n<p>Por desgracia, si has sufrido lesiones graves en un accidente de tr\u00e1fico y no obtienes la cantidad total de dinero a la que puedes tener derecho en tu caso, puedes acabar teniendo que pagar de tu bolsillo miles o decenas de miles de d\u00f3lares en salarios perdidos, costes de sustituci\u00f3n del coche, facturas m\u00e9dicas y otros gastos. Incluso si tienes ahorros o bienes sustanciales, es injusto que se espere de ti que pagues estos gastos si tus lesiones no fueron causadas por culpa tuya. Por todas estas razones, es buena idea consultar a un abogado de lesiones personales que pueda informarte de tus derechos y ayudarte a comprender el verdadero valor de tu caso.  <\/p>\n<p><a href=\"charles-flaxman.html\">Charles Flaxman<\/a>, del Grupo Legal Flaxman, pas\u00f3 10 a\u00f1os trabajando en la industria de los seguros antes de graduarse con el 2% m\u00e1s alto de su clase de leyes y antes de ganar m\u00e1s de 25 a\u00f1os de experiencia en la sala de juicios. Entiende exactamente c\u00f3mo funcionan las leyes de seguros y las compa\u00f1\u00edas aseguradoras, y sabe qu\u00e9 medidas toman las aseguradoras para limitar la responsabilidad y proporcionar pagos r\u00e1pidos y baratos. Si usted desea que \u00e9l negocie en su nombre con las compa\u00f1\u00edas aseguradoras y si usted desea que \u00e9l luche por la justicia en su caso, contacte <a href=\"index.html\">al Grupo Legal Flaxman<\/a> en cualquier momento para programar una evaluaci\u00f3n de su caso sin compromiso y sin costo alguno.  <\/p>\n<\/p><\/div>\n<\/p><\/div>\n","protected":false},"excerpt":{"rendered":"<p>Sin honorarios a menos que ganemos. Llama al 866-352-9626 para una &#8230; <\/p>\n","protected":false},"author":3,"featured_media":0,"parent":0,"menu_order":0,"comment_status":"closed","ping_status":"closed","template":"template-practice-areas.php","meta":{"footnotes":""},"class_list":["post-21618","page","type-page","status-publish","hentry"],"featured_image_src":null,"featured_image_src_square":null,"_links":{"self":[{"href":"https:\/\/flaxmanlaw.com\/es\/wp-json\/wp\/v2\/pages\/21618","targetHints":{"allow":["GET"]}}],"collection":[{"href":"https:\/\/flaxmanlaw.com\/es\/wp-json\/wp\/v2\/pages"}],"about":[{"href":"https:\/\/flaxmanlaw.com\/es\/wp-json\/wp\/v2\/types\/page"}],"author":[{"embeddable":true,"href":"https:\/\/flaxmanlaw.com\/es\/wp-json\/wp\/v2\/users\/3"}],"replies":[{"embeddable":true,"href":"https:\/\/flaxmanlaw.com\/es\/wp-json\/wp\/v2\/comments?post=21618"}],"version-history":[{"count":0,"href":"https:\/\/flaxmanlaw.com\/es\/wp-json\/wp\/v2\/pages\/21618\/revisions"}],"wp:attachment":[{"href":"https:\/\/flaxmanlaw.com\/es\/wp-json\/wp\/v2\/media?parent=21618"}],"curies":[{"name":"wp","href":"https:\/\/api.w.org\/{rel}","templated":true}]}}