{"id":21622,"date":"2024-11-18T12:45:26","date_gmt":"2024-11-18T12:45:26","guid":{"rendered":"https:\/\/flaxmanlaw.wpenginepowered.com\/seguridad-inadecuada-en-south-miami-abogados-de-responsabilidad-civil-en-el-condado-de-miami-dade\/"},"modified":"2024-11-18T12:45:26","modified_gmt":"2024-11-18T12:45:26","slug":"seguridad-inadecuada-en-south-miami-abogados-de-responsabilidad-civil-en-el-condado-de-miami-dade","status":"publish","type":"page","link":"https:\/\/flaxmanlaw.com\/es\/seguridad-inadecuada-en-south-miami-abogados-de-responsabilidad-civil-en-el-condado-de-miami-dade\/","title":{"rendered":"Seguridad inadecuada en South Miami | Abogados de responsabilidad civil en el condado de Miami-Dade"},"content":{"rendered":"<div class=\"bodytext\">\n<h2>Seguridad inadecuada en South Miami<\/h1><\/h2>\n<div class=\"description\">\n<p>En muchos casos, los propietarios saben que sus propiedades presentan riesgos de seguridad, pero por cuestiones de costes o por simple imprudencia no proporcionan la seguridad adecuada y, en algunos casos, las personas resultan heridas o victimizadas como consecuencia de ello. Si has sobrevivido a un ataque o a un delito y has resultado herido, ponte en contacto con un abogado de lesiones personales en South Miami o en tu comunidad para averiguar si tienes derecho a reclamar. Si sospechas que puedes tener una demanda por responsabilidad de predios o te gustar\u00eda recibir asesor\u00eda legal gratuita sobre tu situaci\u00f3n, no dudes en llamar al Grupo Legal Flaxman en cualquier momento para recibir una evaluaci\u00f3n gratuita y sin compromiso.  <\/p>\n<p><strong class=\"heading4\">\u00bfHas resultado lesionado en una situaci\u00f3n de responsabilidad por da\u00f1os causados por un local o de seguridad inadecuada?<\/strong><\/p>\n<p>En muchos casos, puede ser dif\u00edcil saberlo con seguridad. Si has sobrevivido a alguna actividad delictiva que ha provocado lesiones y da\u00f1os, conviene que hables con un abogado especializado en lesiones personales para saberlo con certeza. <\/p>\n<p>Puede haber muchos indicios de que una seguridad inadecuada te ha llevado a ser superviviente de un delito grave:<\/p>\n<ul>\n<li>Mala iluminaci\u00f3n<\/li>\n<li>Noticias de otros atentados en la misma zona<\/li>\n<li>Sin supervisi\u00f3n ni sistemas de seguridad visibles<\/li>\n<li>No hay personal de seguridad ni otros tipos de supervisi\u00f3n o ayuda (especialmente en zonas remotas o menos pobladas)<\/li>\n<li>Propiedad mal mantenida<\/li>\n<li>Setos o arbustos demasiado crecidos<\/li>\n<li>Cerraduras rotas en ventanas y puertas<\/li>\n<li>No hay botones de emergencia en los ascensores<\/li>\n<li>No hay indicios de que se hayan tomado medidas de seguridad<\/li>\n<li>\u00bfD\u00f3nde puede llevar a cometer delitos una seguridad inadecuada?<\/li>\n<li>Hay muchos lugares en los que una seguridad inadecuada puede provocar delitos:<\/li>\n<li>Dormitorios<\/li>\n<li>Condominios<\/li>\n<li>Complejos de apartamentos<\/li>\n<li>Tiendas<\/li>\n<li>Escuelas<\/li>\n<li>Bancos<\/li>\n<li>Centros comerciales<\/li>\n<li>Restaurantes, pubs y discotecas<\/li>\n<li>Propiedades en l\u00ednea como sitios web y salas de chat<\/li>\n<li>Zonas ATM<\/li>\n<li>Gasolineras<\/li>\n<li>Aparcamientos<\/li>\n<li>Lugares de trabajo<\/li>\n<li>Oficinas<\/li>\n<li>Cruceros<\/li>\n<\/ul>\n<p>Los propietarios de todas estas propiedades tienen la obligaci\u00f3n de mantener a salvo a los visitantes y, si no lo hacen y sufres lesiones por ello, puedes tener derechos, seg\u00fan la legislaci\u00f3n de Florida, a reclamar una indemnizaci\u00f3n.<\/p>\n<p>Si has sufrido lesiones, no dudes en ponerte en contacto con un abogado de lesiones personales en South Miami o en tu comunidad. Los abogados con experiencia pueden ayudar a los supervivientes de delitos a comprender sus opciones legales y a buscar recursos locales que puedan ayudarles. Ayudan a los supervivientes a ver el valor de su caso, los representan ante los tribunales y en las negociaciones con las compa\u00f1\u00edas de seguros, y persiguen una indemnizaci\u00f3n justa para que los supervivientes tengan los recursos econ\u00f3micos que necesitan para llevar una vida normal tras su agresi\u00f3n. En muchos casos, buscar justicia tambi\u00e9n da a los supervivientes una sensaci\u00f3n de esperanza y prop\u00f3sito, al saber que est\u00e1n haciendo todo lo que pueden para evitar que otros sufran una agresi\u00f3n similar. Puede ser un paso poderoso en el camino hacia la curaci\u00f3n y puede ayudar a los supervivientes a conseguir una indemnizaci\u00f3n que les ayude en ese camino.    <\/p>\n<p>\u00bfEst\u00e1s listo para hablar con un abogado sobre tu caso? Ya sea que quieras obtener m\u00e1s detalles o que desees que alguien negocie con tu aseguradora o presente una demanda legal en tu nombre, la firma de servicios integrales del Grupo Legal Flaxman cuenta con poderosos recursos que pueden ponerse a trabajar para ti. Contacte hoy mismo a la firma para su <a href=\"contacta con nosotros.html\">consulta gratuita sobre accidentes<\/a>.  <\/p>\n<\/p><\/div>\n<\/p><\/div>\n","protected":false},"excerpt":{"rendered":"<p>Sin honorarios a menos que ganemos. Llama al 866-352-9626 para una &#8230; <\/p>\n","protected":false},"author":3,"featured_media":0,"parent":0,"menu_order":0,"comment_status":"closed","ping_status":"closed","template":"template-practice-areas.php","meta":{"footnotes":""},"class_list":["post-21622","page","type-page","status-publish","hentry"],"featured_image_src":null,"featured_image_src_square":null,"_links":{"self":[{"href":"https:\/\/flaxmanlaw.com\/es\/wp-json\/wp\/v2\/pages\/21622","targetHints":{"allow":["GET"]}}],"collection":[{"href":"https:\/\/flaxmanlaw.com\/es\/wp-json\/wp\/v2\/pages"}],"about":[{"href":"https:\/\/flaxmanlaw.com\/es\/wp-json\/wp\/v2\/types\/page"}],"author":[{"embeddable":true,"href":"https:\/\/flaxmanlaw.com\/es\/wp-json\/wp\/v2\/users\/3"}],"replies":[{"embeddable":true,"href":"https:\/\/flaxmanlaw.com\/es\/wp-json\/wp\/v2\/comments?post=21622"}],"version-history":[{"count":0,"href":"https:\/\/flaxmanlaw.com\/es\/wp-json\/wp\/v2\/pages\/21622\/revisions"}],"wp:attachment":[{"href":"https:\/\/flaxmanlaw.com\/es\/wp-json\/wp\/v2\/media?parent=21622"}],"curies":[{"name":"wp","href":"https:\/\/api.w.org\/{rel}","templated":true}]}}