{"id":21623,"date":"2024-11-18T12:45:26","date_gmt":"2024-11-18T12:45:26","guid":{"rendered":"https:\/\/flaxmanlaw.wpenginepowered.com\/accidentes-por-no-ceder-el-paso-en-south-miami-abogados-de-accidentes-de-trafico-del-condado-de-miami-dade\/"},"modified":"2024-11-18T12:45:26","modified_gmt":"2024-11-18T12:45:26","slug":"accidentes-por-no-ceder-el-paso-en-south-miami-abogados-de-accidentes-de-trafico-del-condado-de-miami-dade","status":"publish","type":"page","link":"https:\/\/flaxmanlaw.com\/es\/accidentes-por-no-ceder-el-paso-en-south-miami-abogados-de-accidentes-de-trafico-del-condado-de-miami-dade\/","title":{"rendered":"Accidentes por no ceder el paso en South Miami | Abogados de accidentes de tr\u00e1fico del condado de Miami-Dade"},"content":{"rendered":"<div class=\"bodytext\">\n<h2>Accidentes por no ceder el paso en South Miami<\/h1><\/h2>\n<div class=\"description\">\n<p>Seg\u00fan el Departamento de Seguridad Vial y Veh\u00edculos de Motor de Florida, los accidentes de tr\u00e1fico por no ceder el paso fueron la tercera causa principal de muertes en carretera en Florida en 2010. Estos accidentes son evitables y, si has resultado herido en este tipo de colisi\u00f3n, querr\u00e1s explorar todas tus opciones de indemnizaci\u00f3n. <\/p>\n<p>El equipo de abogados del Grupo Legal Flaxman cuenta con m\u00e1s de seis a\u00f1os de experiencia combinada, as\u00ed como con recursos como testigos expertos, investigadores, y otros profesionales para buscar la m\u00e1xima recuperaci\u00f3n en su caso. Si crees que puedes tener una demanda por lesiones personales o accidente de tr\u00e1fico, contacta hoy mismo con el Grupo Legal Flaxman. En una consulta gratuita y sin compromiso podemos revisar tus opciones y aconsejarte sobre lo que puedes hacer para protegerte a ti y a tu familia.  <\/p>\n<p><strong class=\"heading4\">Los accidentes por no ceder el paso en South Miami y Florida pueden provocar lesiones graves<\/strong><\/p>\n<p>Desgraciadamente, muchos accidentes por no ceder el paso son accidentes en intersecciones o accidentes de carretera en los que interviene la velocidad. En consecuencia, suelen causar lesiones graves y devastadoras, entre ellas: <\/p>\n<ul>\n<li>Fallecidos<\/li>\n<li>Lesiones medulares<\/li>\n<li>Amputaciones<\/li>\n<li>Lesiones craneales y cerebrales<\/li>\n<li>Fracturas<\/li>\n<li>Desfiguraci\u00f3n y lesiones faciales<\/li>\n<li>Latigazo cervical<\/li>\n<li>Lesiones de tejidos blandos<\/li>\n<li>Lesiones de espalda<\/li>\n<li>Cicatrizaci\u00f3n<\/li>\n<li>Quemaduras<\/li>\n<li>Lesiones internas<\/li>\n<li>Amputaciones<\/li>\n<\/ul>\n<p><strong class=\"heading4\">Demostrar que tu accidente de tr\u00e1fico fue un accidente por no ceder el paso<\/strong><\/p>\n<p>En muchos casos, una de las cosas m\u00e1s frustrantes de los accidentes de tr\u00e1fico por no ceder el paso en South Miami y Florida es que puede resultar dif\u00edcil demostrar qui\u00e9n ten\u00eda derecho de paso cuando se produjo el accidente. En muchos casos, el conductor culpable intentar\u00e1 alegar que ten\u00eda preferencia de paso y que el conductor lesionado cometi\u00f3 alg\u00fan error que provoc\u00f3 el accidente. Puede ser devastador para el lesionado descubrir que el conductor culpable no entiende las normas b\u00e1sicas de circulaci\u00f3n o simplemente no asume la responsabilidad de sus errores o negligencias intencionadas.  <\/p>\n<p>En estos casos, es importante consultar a un abogado de lesiones personales. Un abogado de lesiones personales en South Miami o en tu comunidad puede revisar los detalles de tu caso y puede empezar a construir tu caso y a investigar qu\u00e9 ha causado el accidente. Tu abogado puede:  <\/p>\n<ul>\n<li>Trabaja con expertos en reconstrucci\u00f3n de accidentes para demostrar exactamente qu\u00e9 provoc\u00f3 el accidente<\/li>\n<li>Interrogar a los testigos para determinar qu\u00e9 ocurri\u00f3 para provocar el accidente<\/li>\n<li>Entrevista al conductor culpable<\/li>\n<li>Investiga los antecedentes del conductor, incluida la recopilaci\u00f3n de informaci\u00f3n sobre accidentes anteriores.<\/li>\n<\/ul>\n<p>Una vez que tu abogado de lesiones personales haya construido un caso s\u00f3lido, puedes tener varias opciones. Tal vez puedas negociar con las compa\u00f1\u00edas de seguros para obtener una indemnizaci\u00f3n justa que pague tus lesiones. O tal vez puedas iniciar una demanda judicial contra el conductor culpable y su compa\u00f1\u00eda de seguros para conseguir una indemnizaci\u00f3n que cubra tus da\u00f1os o p\u00e9rdidas.  <\/p>\n<p>Puedes contactar al Grupo Legal Flaxman las 24 horas del d\u00eda, los siete d\u00edas de la semana al 866-352-9626 o a trav\u00e9s del sitio web de nuestra firma. Cuando <a href=\"contacta con nosotros.html\">nos contactes<\/a>, puedes programar una consulta gratuita de tu caso para que puedas revisar tu situaci\u00f3n con un abogado de lesiones personales. Tu consulta gratuita sobre accidentes te permite conocer mejor tus opciones y abordar algunas de las preguntas o preocupaciones que inevitablemente tendr\u00e1s tras una lesi\u00f3n o accidente grave.  <\/p>\n<\/p><\/div>\n<\/p><\/div>\n","protected":false},"excerpt":{"rendered":"<p>Sin honorarios a menos que ganemos. Llama al 866-352-9626 para una &#8230; <\/p>\n","protected":false},"author":3,"featured_media":0,"parent":0,"menu_order":0,"comment_status":"closed","ping_status":"closed","template":"template-practice-areas.php","meta":{"footnotes":""},"class_list":["post-21623","page","type-page","status-publish","hentry"],"featured_image_src":null,"featured_image_src_square":null,"_links":{"self":[{"href":"https:\/\/flaxmanlaw.com\/es\/wp-json\/wp\/v2\/pages\/21623","targetHints":{"allow":["GET"]}}],"collection":[{"href":"https:\/\/flaxmanlaw.com\/es\/wp-json\/wp\/v2\/pages"}],"about":[{"href":"https:\/\/flaxmanlaw.com\/es\/wp-json\/wp\/v2\/types\/page"}],"author":[{"embeddable":true,"href":"https:\/\/flaxmanlaw.com\/es\/wp-json\/wp\/v2\/users\/3"}],"replies":[{"embeddable":true,"href":"https:\/\/flaxmanlaw.com\/es\/wp-json\/wp\/v2\/comments?post=21623"}],"version-history":[{"count":0,"href":"https:\/\/flaxmanlaw.com\/es\/wp-json\/wp\/v2\/pages\/21623\/revisions"}],"wp:attachment":[{"href":"https:\/\/flaxmanlaw.com\/es\/wp-json\/wp\/v2\/media?parent=21623"}],"curies":[{"name":"wp","href":"https:\/\/api.w.org\/{rel}","templated":true}]}}