{"id":21624,"date":"2024-11-18T12:45:26","date_gmt":"2024-11-18T12:45:26","guid":{"rendered":"https:\/\/flaxmanlaw.wpenginepowered.com\/south-miami-atropellado-por-un-conductor-ebrio-abogados-de-accidentes-de-trafico-del-condado-de-miami-dade\/"},"modified":"2024-11-18T12:45:26","modified_gmt":"2024-11-18T12:45:26","slug":"south-miami-atropellado-por-un-conductor-ebrio-abogados-de-accidentes-de-trafico-del-condado-de-miami-dade","status":"publish","type":"page","link":"https:\/\/flaxmanlaw.com\/es\/south-miami-atropellado-por-un-conductor-ebrio-abogados-de-accidentes-de-trafico-del-condado-de-miami-dade\/","title":{"rendered":"South Miami atropellado por un conductor ebrio | Abogados de accidentes de tr\u00e1fico del condado de Miami-Dade"},"content":{"rendered":"<div class=\"bodytext\">\n<h2>Atropellado en South Miami por un conductor ebrio<\/h1><\/h2>\n<div class=\"description\">\n<p>Miles de personas en Florida y en todo Estados Unidos sufren cada a\u00f1o muertes y lesiones graves debido a conductores que deciden ponerse al volante de un coche despu\u00e9s de haber bebido. Seg\u00fan el Departamento de Seguridad de Carreteras y Veh\u00edculos Motorizados de Florida, s\u00f3lo en 2009 se produjeron cerca de 1.000 muertes y 12.168 lesiones por accidentes de tr\u00e1fico en Florida relacionados con la conducci\u00f3n bajo los efectos del alcohol. Estos accidentes son totalmente evitables y, aunque las fuerzas del orden se han esforzado por concienciar sobre los peligros de la conducci\u00f3n bajo los efectos del alcohol y han tratado de hacer cumplir las leyes sobre conducci\u00f3n bajo los efectos del alcohol, los conductores siguen tomando malas decisiones que provocan muertes y lesiones graves.  <\/p>\n<p>Si usted o un ser querido han sufrido graves lesiones debido a un accidente por conducir ebrio en South Miami, o si ha perdido a un ser querido debido a un accidente por DUI, contacte al Grupo Legal Flaxman para recibir una representaci\u00f3n legal individualizada, profesional y compasiva. Usted puede ser elegible para buscar una compensaci\u00f3n por sus p\u00e9rdidas para que pueda pagar los gastos m\u00e9dicos, salarios perdidos, asesor\u00eda, y otros servicios que pueda necesitar mientras se recupera de sus lesiones. <\/p>\n<p><strong class=\"heading4\">Tipos de accidentes por DUI<\/strong><\/p>\n<p>Hay muchos tipos de accidentes por conducci\u00f3n bajo los efectos del alcohol que se producen cada a\u00f1o, entre ellos<\/p>\n<ul>\n<li>Accidentes de cami\u00f3n<\/li>\n<li>Accidentes de tr\u00e1fico en South Miami<\/li>\n<li>Accidentes mortales<\/li>\n<li>Accidentes de bicicleta<\/li>\n<li>Accidentes de navegaci\u00f3n<\/li>\n<li>Accidentes de ATV<\/li>\n<li>Accidentes de peatones<\/li>\n<\/ul>\n<p>No tienes por qu\u00e9 enfrentarte solo al proceso tras un accidente de coche. Un abogado de lesiones personales en South Miami o en tu comunidad puede ayudarte a revisar tu caso y puede ayudarte a comprender tus opciones legales. Emprender una reclamaci\u00f3n legal, como m\u00ednimo, puede ayudarte a buscar justicia, lo que puede ayudarte a obtener una sensaci\u00f3n de cierre y empoderamiento que puede ayudarte con el trauma emocional del accidente.  <\/p>\n<p>Reclamar judicialmente tambi\u00e9n puede ayudarte a obtener los recursos econ\u00f3micos que puedas necesitar para asegurarte una asistencia m\u00e9dica de calidad en tu situaci\u00f3n. Ten en cuenta que tus gastos m\u00e9dicos pueden ser m\u00e1s elevados de lo que crees, y que si aceptas ahora el dinero del seguro puedes estar renunciando a tus derechos a reclamar m\u00e1s indemnizaciones m\u00e1s adelante. <\/p>\n<p>Como m\u00ednimo, presentar una reclamaci\u00f3n judicial puede ayudarte a evitar parte de la angustia econ\u00f3mica que te ha causado tu accidente de coche. No hay motivo para sufrir penurias econ\u00f3micas si existen opciones legales en tu caso. <\/p>\n<p>Si est\u00e1s buscando un abogado de lesiones personales, no dudes en contactar con nuestro bufete para una consulta gratuita sobre accidentes. Si usted decide trabajar con el <a href=\"contacta con nosotros.html\">Grupo Legal Flaxman<\/a>, nuestra firma legal est\u00e1 dispuesta a tomar casos en base a honorarios de contingencia. Esto significa que usted no tendr\u00e1 que pagar por adelantado los costos legales y de abogado hasta que y a menos que lleguemos a un acuerdo o ganemos su caso en la corte. Si tienes un caso leg\u00edtimo, pero te preocupa el elevado coste de contratar a un abogado, el plan de honorarios condicionales te garantiza que podr\u00e1s seguir adelante con tu caso y conseguir que se haga justicia en \u00e9l sin tener que preocuparte por el dinero.   <\/p>\n<\/p><\/div>\n<\/p><\/div>\n","protected":false},"excerpt":{"rendered":"<p>Sin honorarios a menos que ganemos. Llama al 866-352-9626 para una &#8230; <\/p>\n","protected":false},"author":3,"featured_media":0,"parent":0,"menu_order":0,"comment_status":"closed","ping_status":"closed","template":"template-practice-areas.php","meta":{"footnotes":""},"class_list":["post-21624","page","type-page","status-publish","hentry"],"featured_image_src":null,"featured_image_src_square":null,"_links":{"self":[{"href":"https:\/\/flaxmanlaw.com\/es\/wp-json\/wp\/v2\/pages\/21624","targetHints":{"allow":["GET"]}}],"collection":[{"href":"https:\/\/flaxmanlaw.com\/es\/wp-json\/wp\/v2\/pages"}],"about":[{"href":"https:\/\/flaxmanlaw.com\/es\/wp-json\/wp\/v2\/types\/page"}],"author":[{"embeddable":true,"href":"https:\/\/flaxmanlaw.com\/es\/wp-json\/wp\/v2\/users\/3"}],"replies":[{"embeddable":true,"href":"https:\/\/flaxmanlaw.com\/es\/wp-json\/wp\/v2\/comments?post=21624"}],"version-history":[{"count":0,"href":"https:\/\/flaxmanlaw.com\/es\/wp-json\/wp\/v2\/pages\/21624\/revisions"}],"wp:attachment":[{"href":"https:\/\/flaxmanlaw.com\/es\/wp-json\/wp\/v2\/media?parent=21624"}],"curies":[{"name":"wp","href":"https:\/\/api.w.org\/{rel}","templated":true}]}}