{"id":21625,"date":"2024-11-18T12:45:26","date_gmt":"2024-11-18T12:45:26","guid":{"rendered":"https:\/\/flaxmanlaw.wpenginepowered.com\/abuso-de-ancianos-en-south-miami-abogados-de-negligencia-en-residencias-de-ancianos-del-condado-de-miami-dade\/"},"modified":"2024-11-18T12:45:26","modified_gmt":"2024-11-18T12:45:26","slug":"abuso-de-ancianos-en-south-miami-abogados-de-negligencia-en-residencias-de-ancianos-del-condado-de-miami-dade","status":"publish","type":"page","link":"https:\/\/flaxmanlaw.com\/es\/abuso-de-ancianos-en-south-miami-abogados-de-negligencia-en-residencias-de-ancianos-del-condado-de-miami-dade\/","title":{"rendered":"Abuso de ancianos en South Miami | Abogados de negligencia en residencias de ancianos del condado de Miami-Dade"},"content":{"rendered":"<div class=\"bodytext\">\n<h2>Abuso de ancianos en South Miami<\/h1><\/h2>\n<div class=\"description\">\n<p>Los ancianos son vulnerables a los maltratadores por varias razones. En algunos casos, los ancianos se sienten solos o tienen valores tradicionales que les permiten confiar en los dem\u00e1s. Los delincuentes pueden aprovecharse de estos hechos -o de la disminuci\u00f3n de sus facultades mentales o f\u00edsicas- para aprovecharse de los ancianos. El maltrato de ancianos en South Miami y Florida puede adoptar muchas formas, como maltrato f\u00edsico, negligencia, abuso sexual, abuso econ\u00f3mico y maltrato m\u00e9dico. Todas las formas de maltrato son censurables y pueden dejar cicatrices permanentes. Estas cicatrices pueden ser f\u00edsicas, emocionales o econ\u00f3micas, y quienes se han visto afectados por cualquier forma de maltrato merecen nuestro apoyo y ayuda.     <\/p>\n<p>Los abogados de la firma del Grupo Legal Flaxman est\u00e1n comprometidos a mejorar la calidad de vida de los ancianos. Ayudamos a las familias a luchar contra el abuso de ancianos con todo el peso de la ley. Si un miembro de tu familia ha resultado lesionado en un asilo de ancianos o por abuso de ancianos, contacta con nuestro bufete en cualquier momento para una revisi\u00f3n gratuita y sin compromiso de tu caso. Siempre puedes ponerte en contacto con el Grupo Legal Flaxman usando nuestro sitio web o llamando al 866-352-9626.   <\/p>\n<p><strong class=\"heading4\">Una forma de maltrato a ancianos que a menudo se pasa por alto: El Abuso M\u00e9dico en el Sur de Miami y Florida<\/strong><\/p>\n<p>Hay muchos tipos de malos tratos que pueden afectar a los ancianos, pero cuando la mayor\u00eda de la gente piensa en malos tratos se imagina malos tratos f\u00edsicos o abusos sexuales. Sin embargo, en las residencias de ancianos y otros entornos asistenciales, una forma de maltrato frecuente y que se pasa por alto es el maltrato m\u00e9dico. Puede adoptar muchas formas:  <\/p>\n<ul>\n<li>Sobremedicar a un paciente<\/li>\n<li>Submedicar a un paciente<\/li>\n<li>No llevar a un paciente a profesionales m\u00e9dicos<\/li>\n<li>No administrar a un paciente la medicaci\u00f3n o el tratamiento prescrito por un m\u00e9dico<\/li>\n<\/ul>\n<p>El maltrato m\u00e9dico se produce por muchas razones. Algunos cuidadores no llevan al paciente al m\u00e9dico para encubrir otras formas de maltrato, por ejemplo. En algunos casos, la inframedicaci\u00f3n o la falta de tratamiento se producen por negligencia. Algunos cuidadores sobremedican deliberadamente a un paciente para mantenerlo tranquilo y obediente.   <\/p>\n<p>Esta forma de abuso puede tener consecuencias devastadoras. Un paciente que no recibe el tratamiento m\u00e9dico adecuado o no tiene acceso a la atenci\u00f3n m\u00e9dica puede sufrir enfermedades y complicaciones graves e incluso mortales. La sobremedicaci\u00f3n puede provocar sobredosis o dejar al paciente tan drogado que no pueda disfrutar de la vida y viva en una especie de estasis aterradora. En estos casos, es importante que los amigos y familiares de la v\u00edctima act\u00faen como defensores y tomen medidas para poner fin al abuso.   <\/p>\n<p>\u00bfNecesitas asesor\u00eda legal despu\u00e9s de que un miembro de tu familia ha sufrido una lesi\u00f3n debido al abuso en una residencia asistida o en un asilo de ancianos? <a href=\"contacta con nosotros.html\">El Grupo Legal Flaxman<\/a> es una firma de servicios integrales en lesiones personales con oficinas en Miami, Homestead y Hollywood. Nuestro equipo de abogados ha servido a miles de demandantes por abuso y lesiones personales en los Condados de Miami-Dade, South Miami Heights, Palm Beach, Broward, y en todo Florida del Sur, asegurando m\u00e1s de $100 millones para nuestros clientes. Si alg\u00fan miembro de tu familia se ha visto afectado por negligencia o malos tratos en un centro asistencial, ll\u00e1manos al 866-352-9626 o utiliza nuestro sitio web para concertar una consulta gratuita y sin compromiso.  <\/p>\n<\/p><\/div>\n<\/p><\/div>\n","protected":false},"excerpt":{"rendered":"<p>Sin honorarios a menos que ganemos. Llama al 866-352-9626 para una &#8230; <\/p>\n","protected":false},"author":3,"featured_media":0,"parent":0,"menu_order":0,"comment_status":"closed","ping_status":"closed","template":"template-practice-areas.php","meta":{"footnotes":""},"class_list":["post-21625","page","type-page","status-publish","hentry"],"featured_image_src":null,"featured_image_src_square":null,"_links":{"self":[{"href":"https:\/\/flaxmanlaw.com\/es\/wp-json\/wp\/v2\/pages\/21625","targetHints":{"allow":["GET"]}}],"collection":[{"href":"https:\/\/flaxmanlaw.com\/es\/wp-json\/wp\/v2\/pages"}],"about":[{"href":"https:\/\/flaxmanlaw.com\/es\/wp-json\/wp\/v2\/types\/page"}],"author":[{"embeddable":true,"href":"https:\/\/flaxmanlaw.com\/es\/wp-json\/wp\/v2\/users\/3"}],"replies":[{"embeddable":true,"href":"https:\/\/flaxmanlaw.com\/es\/wp-json\/wp\/v2\/comments?post=21625"}],"version-history":[{"count":0,"href":"https:\/\/flaxmanlaw.com\/es\/wp-json\/wp\/v2\/pages\/21625\/revisions"}],"wp:attachment":[{"href":"https:\/\/flaxmanlaw.com\/es\/wp-json\/wp\/v2\/media?parent=21625"}],"curies":[{"name":"wp","href":"https:\/\/api.w.org\/{rel}","templated":true}]}}