{"id":21626,"date":"2024-11-18T12:45:26","date_gmt":"2024-11-18T12:45:26","guid":{"rendered":"https:\/\/flaxmanlaw.wpenginepowered.com\/accidente-por-atropello-en-south-miami-abogados-de-accidentes-de-coche-en-el-condado-de-miami-dade\/"},"modified":"2024-11-18T12:45:26","modified_gmt":"2024-11-18T12:45:26","slug":"accidente-por-atropello-en-south-miami-abogados-de-accidentes-de-coche-en-el-condado-de-miami-dade","status":"publish","type":"page","link":"https:\/\/flaxmanlaw.com\/es\/accidente-por-atropello-en-south-miami-abogados-de-accidentes-de-coche-en-el-condado-de-miami-dade\/","title":{"rendered":"Accidente por atropello en South Miami | Abogados de accidentes de coche en el condado de Miami-Dade"},"content":{"rendered":"<div class=\"bodytext\">\n<h2>Accidente con fuga en South Miami<\/h1><\/h2>\n<div class=\"description\">\n<p>Los conductores de Florida tienen el deber de detenerse y ofrecer ayuda en los accidentes de tr\u00e1fico con lesiones personales o muerte. Esto se debe a que el tiempo suele ser esencial para los heridos en un accidente grave de coche o cami\u00f3n. Si los conductores no se detienen y prestan auxilio en el lugar del accidente, es posible que el personal de urgencias no llegue a tiempo o no disponga de la informaci\u00f3n necesaria para proporcionar tratamiento m\u00e9dico que salve la vida de los peatones o las v\u00edctimas de un accidente de tr\u00e1fico.  <\/p>\n<p>Simplemente, no detenerse en la escena de un accidente automovil\u00edstico en Miami del Sur o en cualquier parte de Florida es un delito. Si usted ha resultado lesionado por un conductor que se dio a la fuga, contacte hoy mismo al Grupo Legal Flaxman para programar una consulta gratuita sobre accidentes y revisar su situaci\u00f3n. Incluso si usted no tiene la informaci\u00f3n de contacto o detalles del otro conductor, puede tener opciones legales que pueden ayudarle a buscar una compensaci\u00f3n en su situaci\u00f3n. El Grupo Legal Flaxman sirve a toda el \u00e1rea del sur de Florida.   <\/p>\n<p><strong class=\"heading4\">Las leyes de Florida y los accidentes con fuga<\/strong><\/p>\n<p>Seg\u00fan el art\u00edculo 316.027(1)(a) de los Estatutos de Florida, abandonar la escena de un accidente de coche con lesiones personales es un delito grave de tercer grado. Seg\u00fan el art\u00edculo 316.027(1)(b) de los Estatutos de Florida, abandonar el lugar de un accidente de tr\u00e1fico con v\u00edctimas mortales es un delito grave de primer grado. En situaciones en las que un conductor que se da a la fuga tambi\u00e9n conduc\u00eda bajo los efectos del alcohol y ha causado un accidente mortal, existe una sentencia obligatoria m\u00ednima de dos a\u00f1os en estas situaciones.<\/p>\n<p>Por desgracia, en muchos casos los conductores que se dan a la fuga abandonan el lugar del accidente porque no tienen carn\u00e9 de conducir, no tienen seguro o tienen una orden de detenci\u00f3n. En estas situaciones, si se descubre a los conductores que se dan a la fuga, pueden ser procesados penalmente y las v\u00edctimas pueden presentar cargos civiles contra ellos y su compa\u00f1\u00eda de seguros. <\/p>\n<p><strong class=\"heading4\">El tiempo corre tras un accidente de tr\u00e1fico<\/strong><\/p>\n<p>En la mayor\u00eda de los casos de accidente de coche, s\u00f3lo tienes un tiempo limitado para emprender acciones legales. Adem\u00e1s, las pruebas empiezan a desaparecer poco despu\u00e9s de tu accidente. Cuanto antes te pongas en contacto con un abogado de lesiones personales en South Miami o en tu comunidad, m\u00e1s r\u00e1pidamente podr\u00e1 empezar a salvaguardar tus derechos y a buscar una indemnizaci\u00f3n en tu nombre. Puedes construir un caso m\u00e1s s\u00f3lido con tu abogado si no te demoras.   <\/p>\n<p>Debido a la naturaleza de los accidentes automovil\u00edsticos, es importante contactar al <a href=\"contacta con nosotros.html\">Grupo Legal<\/a> Flaxman tan pronto como sea posible despu\u00e9s de tu accidente. El Grupo Legal Flaxman no cobra costos por adelantado. Tu consulta inicial es gratuita y sin compromiso, as\u00ed que no te cuesta nada obtener una evaluaci\u00f3n legal de tu situaci\u00f3n. El equipo jur\u00eddico del Grupo Legal Flaxman tambi\u00e9n est\u00e1 dispuesto a trabajar en base a honorarios de contingencia, lo que significa que en algunos casos puede que no tengas que pagar los costos legales ni ning\u00fan otro cargo por adelantado hasta que y a menos que el Grupo Legal Flaxman pueda recuperar los da\u00f1os en tu nombre. Si te preocupa el costo de buscar justicia en tu caso, el Grupo Legal Flaxman hace todo lo posible para mantener los costos bajos y para ayudarte a buscar una compensaci\u00f3n que pueda ayudarte a enfrentar tu futuro con confianza.    <\/p>\n<\/p><\/div>\n<\/p><\/div>\n","protected":false},"excerpt":{"rendered":"<p>Sin honorarios a menos que ganemos. Llama al 866-352-9626 para una &#8230; <\/p>\n","protected":false},"author":3,"featured_media":0,"parent":0,"menu_order":0,"comment_status":"closed","ping_status":"closed","template":"template-practice-areas.php","meta":{"footnotes":""},"class_list":["post-21626","page","type-page","status-publish","hentry"],"featured_image_src":null,"featured_image_src_square":null,"_links":{"self":[{"href":"https:\/\/flaxmanlaw.com\/es\/wp-json\/wp\/v2\/pages\/21626","targetHints":{"allow":["GET"]}}],"collection":[{"href":"https:\/\/flaxmanlaw.com\/es\/wp-json\/wp\/v2\/pages"}],"about":[{"href":"https:\/\/flaxmanlaw.com\/es\/wp-json\/wp\/v2\/types\/page"}],"author":[{"embeddable":true,"href":"https:\/\/flaxmanlaw.com\/es\/wp-json\/wp\/v2\/users\/3"}],"replies":[{"embeddable":true,"href":"https:\/\/flaxmanlaw.com\/es\/wp-json\/wp\/v2\/comments?post=21626"}],"version-history":[{"count":0,"href":"https:\/\/flaxmanlaw.com\/es\/wp-json\/wp\/v2\/pages\/21626\/revisions"}],"wp:attachment":[{"href":"https:\/\/flaxmanlaw.com\/es\/wp-json\/wp\/v2\/media?parent=21626"}],"curies":[{"name":"wp","href":"https:\/\/api.w.org\/{rel}","templated":true}]}}