{"id":21627,"date":"2024-11-18T12:45:26","date_gmt":"2024-11-18T12:45:26","guid":{"rendered":"https:\/\/flaxmanlaw.wpenginepowered.com\/south-miami-dwi-dui-accidentes-de-coche-abogados-de-lesiones-del-condado-de-miami-dade\/"},"modified":"2024-11-18T12:45:26","modified_gmt":"2024-11-18T12:45:26","slug":"south-miami-dwi-dui-accidentes-de-coche-abogados-de-lesiones-del-condado-de-miami-dade","status":"publish","type":"page","link":"https:\/\/flaxmanlaw.com\/es\/south-miami-dwi-dui-accidentes-de-coche-abogados-de-lesiones-del-condado-de-miami-dade\/","title":{"rendered":"South Miami DWI\/DUI Accidentes de coche | Abogados de lesiones del condado de Miami-Dade"},"content":{"rendered":"<div class=\"bodytext\">\n<h2>Accidentes de coche por DWI\/DUI en South Miami<\/h1><\/h2>\n<div class=\"description\">\n<p>Seg\u00fan las estad\u00edsticas, uno de cada dos mil viajes que hacen los estadounidenses al a\u00f1o implica a un conductor que ha bebido. Las estad\u00edsticas tambi\u00e9n muestran que aproximadamente en uno de cada tres accidentes mortales de tr\u00e1fico est\u00e1 implicado un conductor que ha bebido. En otras palabras, aunque s\u00f3lo un peque\u00f1o n\u00famero de conductores conduce de forma irresponsable, los accidentes por conducir ebrio o bajo los efectos del alcohol son una causa importante de lesiones y muertes en nuestras comunidades. Si has resultado herido por un conductor ebrio en el sur de Miami o en otra comunidad de Florida, es importante que busques una indemnizaci\u00f3n. No s\u00f3lo es una forma de buscar justicia en tu caso y de responsabilizar al automovilista culpable de sus actos, sino que es un paso importante para conseguir una indemnizaci\u00f3n econ\u00f3mica que te permita pagar los salarios perdidos, las estancias en el hospital y los muchos otros gastos que probablemente tengas que afrontar tras este tipo de accidente de tr\u00e1fico.    <\/p>\n<p>A los abogados del <a href=\"index.html\">Grupo Legal<\/a> Flaxman les gustar\u00eda ayudar. Si usted ha resultado gravemente lesionado por un conductor ebrio, no dude en contactar de inmediato al Grupo Legal Flaxman para programar una consulta gratuita sobre accidentes y averiguar qu\u00e9 puede hacerse en su situaci\u00f3n para asegurarle una compensaci\u00f3n justa. <\/p>\n<p><strong class=\"heading4\">Un accidente por DUI puede causarte problemas econ\u00f3micos<\/strong><\/p>\n<p>Un accidente por conducir ebrio no s\u00f3lo puede causar lesiones graves, da\u00f1os en el coche y gran angustia, sino que tambi\u00e9n puede afectar gravemente a tus finanzas. La realidad es que, incluso con seguro, un accidente por conducir ebrio puede causar lesiones graves que tengan un impacto duradero en tus ingresos, as\u00ed como en tus facturas m\u00e9dicas. Tras un accidente por conducir bajo los efectos del alcohol, puedes enfrentarte a importantes retos y costes econ\u00f3micos, entre los que se incluyen:  <\/p>\n<ul>\n<li>Salarios perdidos<\/li>\n<li>Futuras oportunidades de ingresos perdidas<\/li>\n<li>Facturas m\u00e9dicas<\/li>\n<li>Medicaci\u00f3n<\/li>\n<li>Facturas de urgencias o de la unidad de traumatolog\u00eda<\/li>\n<li>Costes quir\u00fargicos<\/li>\n<li>Rehabilitaci\u00f3n, terapia o fisioterapia<\/li>\n<li>Gastos de cuidados de enfermer\u00eda a domicilio o de residencia asistida<\/li>\n<li>Gastos de reparaci\u00f3n o sustituci\u00f3n del coche<\/li>\n<li>Gastos imprevistos, como el coste de instalar una rampa en tu casa o coger un taxi para visitar a los especialistas.<\/li>\n<li>Atenci\u00f3n m\u00e9dica de seguimiento<\/li>\n<li>Toda una vida de mayores gastos m\u00e9dicos si tus lesiones son permanentes<\/li>\n<li>Medicaci\u00f3n<\/li>\n<li>Aumento de las primas del seguro m\u00e9dico<\/li>\n<li>Productos sanitarios<\/li>\n<\/ul>\n<p>Estos costes pueden ser sustanciales. Pueden oscilar entre decenas de miles de d\u00f3lares y m\u00e1s de un mill\u00f3n de d\u00f3lares en caso de lesiones graves y permanentes. Ten en cuenta que incluso un latigazo cervical puede costarte miles de d\u00f3lares de tu bolsillo s\u00f3lo en medicamentos y pruebas diagn\u00f3sticas. No querr\u00e1s que te pillen pagando t\u00fa mismo todos estos gastos. Empieza a ocuparte de tus derechos legales tras un accidente para asegurarte de que la indemnizaci\u00f3n cubra la mayor parte posible de los costes del accidente. Es importante que hables con un abogado de lesiones personales en South Miami o en tu comunidad para revisar todas tus opciones, de modo que no te enfrentes a angustias econ\u00f3micas, adem\u00e1s del dolor y el sufrimiento de tu lesi\u00f3n.     <\/p>\n<p><strong class=\"heading4\">Habla hoy con un abogado de lesiones personales<\/strong><\/p>\n<p>Si necesitas asesor\u00eda o representaci\u00f3n legal, <a href=\"contacta con nosotros.html\">contacta<\/a> al Grupo Legal Flaxman para una evaluaci\u00f3n gratuita de tu caso. Cuando usted nos contacte para su consulta inicial gratuita sobre accidentes, nos tomaremos el tiempo para escuchar realmente sus preocupaciones, responder a sus preguntas, y ayudar a guiarle a trav\u00e9s de sus opciones legales. Hablamos espa\u00f1ol y criollo, adem\u00e1s de ingl\u00e9s, por lo que estaremos encantados de hablar de tu caso en el idioma con el que te sientas m\u00e1s c\u00f3modo. Ll\u00e1manos hoy al 866-352-9626 para iniciar una conversaci\u00f3n franca y honesta sobre tus opciones legales.   <\/p>\n<\/p><\/div>\n<\/p><\/div>\n","protected":false},"excerpt":{"rendered":"<p>Sin honorarios a menos que ganemos. Llama al 866-352-9626 para una &#8230; <\/p>\n","protected":false},"author":3,"featured_media":0,"parent":0,"menu_order":0,"comment_status":"closed","ping_status":"closed","template":"template-practice-areas.php","meta":{"footnotes":""},"class_list":["post-21627","page","type-page","status-publish","hentry"],"featured_image_src":null,"featured_image_src_square":null,"_links":{"self":[{"href":"https:\/\/flaxmanlaw.com\/es\/wp-json\/wp\/v2\/pages\/21627","targetHints":{"allow":["GET"]}}],"collection":[{"href":"https:\/\/flaxmanlaw.com\/es\/wp-json\/wp\/v2\/pages"}],"about":[{"href":"https:\/\/flaxmanlaw.com\/es\/wp-json\/wp\/v2\/types\/page"}],"author":[{"embeddable":true,"href":"https:\/\/flaxmanlaw.com\/es\/wp-json\/wp\/v2\/users\/3"}],"replies":[{"embeddable":true,"href":"https:\/\/flaxmanlaw.com\/es\/wp-json\/wp\/v2\/comments?post=21627"}],"version-history":[{"count":0,"href":"https:\/\/flaxmanlaw.com\/es\/wp-json\/wp\/v2\/pages\/21627\/revisions"}],"wp:attachment":[{"href":"https:\/\/flaxmanlaw.com\/es\/wp-json\/wp\/v2\/media?parent=21627"}],"curies":[{"name":"wp","href":"https:\/\/api.w.org\/{rel}","templated":true}]}}