{"id":21629,"date":"2024-11-18T12:45:26","date_gmt":"2024-11-18T12:45:26","guid":{"rendered":"https:\/\/flaxmanlaw.wpenginepowered.com\/accidente-de-autobus-en-south-miami-abogados-de-lesiones-personales-del-condado-de-miami-dade\/"},"modified":"2024-11-18T12:45:26","modified_gmt":"2024-11-18T12:45:26","slug":"accidente-de-autobus-en-south-miami-abogados-de-lesiones-personales-del-condado-de-miami-dade","status":"publish","type":"page","link":"https:\/\/flaxmanlaw.com\/es\/accidente-de-autobus-en-south-miami-abogados-de-lesiones-personales-del-condado-de-miami-dade\/","title":{"rendered":"Accidente de autob\u00fas en South Miami | Abogados de lesiones personales del condado de Miami-Dade"},"content":{"rendered":"<div class=\"bodytext\">\n<h2>Accidente de autob\u00fas en South Miami<\/h1><\/h2>\n<div class=\"description\">\n<p>South Miami es famoso por su hist\u00f3rico distrito de Cambridge Lawns. Este distrito incluye una treintena de casas, muchas de las cuales datan de la d\u00e9cada de 1920, todas con una arquitectura \u00fanica de estilo Tudor revival y mediterr\u00e1neo. South Miami es una zona suburbana cercana a Miami, famosa tambi\u00e9n por sus restaurantes, parques y tiendas.  <\/p>\n<p>Dado que South Miami est\u00e1 cerca de Miami y de otras importantes atracciones tur\u00edsticas del sur de Florida, hay muchos operadores de autobuses tur\u00edsticos, autobuses ch\u00e1rter y formas de transporte p\u00fablico disponibles hacia y desde la ciudad. En general, el transporte en autob\u00fas es una forma segura de llegar a South Miami y ver todo lo que la ciudad puede ofrecer. Los conductores de autob\u00fas, al igual que los de cami\u00f3n, deben recibir una amplia formaci\u00f3n y someterse a numerosas normas de seguridad. Sin embargo, todos los a\u00f1os se producen accidentes de autob\u00fas en South Miami, y los resultados de estos accidentes pueden ser devastadores. S\u00f3lo en 2008, se produjeron 247 accidentes de autob\u00fas mortales en todo el pa\u00eds, que causaron un total de 307 muertes. Ese mismo a\u00f1o, hubo m\u00e1s de 24.000 heridos en todo el pa\u00eds y m\u00e1s de 11.000 accidentes de autob\u00fas. Algunas de estas personas sufrieron lesiones permanentes y devastadoras, como traumatismos craneoencef\u00e1licos, lesiones medulares, quemaduras y otras lesiones graves en South Miami.      <\/p>\n<p>Los accidentes de autob\u00fas pueden ser especialmente devastadores cuando afectan a ni\u00f1os. Los padres conf\u00edan diariamente sus hijos a los conductores de autobuses escolares, y aunque \u00e9sta puede ser una de las formas m\u00e1s seguras de ir y volver de la escuela, los accidentes de autobuses escolares en South Miami siguen siendo una gran preocupaci\u00f3n para los padres. Seg\u00fan las estad\u00edsticas nacionales, entre 1991 y 2001 murieron unos 26 ni\u00f1os al a\u00f1o, por t\u00e9rmino medio, en accidentes de autob\u00fas escolar. M\u00e1s de la mitad de estas v\u00edctimas eran menores de siete a\u00f1os, y un gran porcentaje murieron en accidentes de peatones, al bajar o subir a un autob\u00fas escolar.   <\/p>\n<p>Si usted ha resultado lesionado en un <a href=\"accidentes-autob\u00fas.html\">accidente de autob\u00fas en el Sur de Miami<\/a> o ha perdido a un ser querido en un accidente de autob\u00fas, contacte hoy mismo al Grupo Legal Flaxman. El equipo jur\u00eddico del Grupo Legal Flaxman trabaja diligentemente y se ha dedicado a ayudar a las familias del \u00e1rea de Florida del Sur. Con despachos en Miami, Homestead, y Hollywood, el Grupo Legal Flaxman se complace en servir tambi\u00e9n a las comunidades circunvecinas. El equipo jur\u00eddico del Grupo Legal Flaxman lucha agresivamente para proteger los derechos de las v\u00edctimas que han resultado lesionadas en accidentes de tr\u00e1fico y por otras lesiones. Bajo la ley de Florida, usted tiene derecho a buscar una compensaci\u00f3n en los casos en que un accidente de tr\u00e1fico en South Miami fue causado por negligencia o imprudencia. Pedir una indemnizaci\u00f3n en estos casos ayuda a responsabilizar a las empresas inseguras y a garantizar que dispongas de recursos econ\u00f3micos para buscar la mejor atenci\u00f3n m\u00e9dica y ayuda para el futuro de tu familia.     <\/p>\n<p>Nuestro objetivo es trabajar con usted para ayudarle a obtener la compensaci\u00f3n econ\u00f3mica que merece seg\u00fan la ley de Florida para cubrir los gastos m\u00e9dicos, rehabilitaci\u00f3n a largo plazo, p\u00e9rdida de ingresos, dolor y sufrimiento, y otros gastos relacionados con sus lesiones. El equipo jur\u00eddico del <a href=\"index.html\">Grupo<\/a> Legal <a href=\"index.html\">Flaxman<\/a> ya ha recuperado m\u00e1s de 25 millones de d\u00f3lares a favor de clientes de lesiones personales en Florida del Sur. Contacte hoy mismo al Grupo Legal Flaxman para averiguar lo que podemos hacer por usted. Su consulta inicial es gratuita y no conlleva absolutamente ninguna obligaci\u00f3n, as\u00ed que es una manera ideal de obtener una opini\u00f3n legal sobre su situaci\u00f3n sin ning\u00fan riesgo.  <\/p>\n<\/p><\/div>\n<\/p><\/div>\n","protected":false},"excerpt":{"rendered":"<p>Sin honorarios a menos que ganemos. Llama al 866-352-9626 para una &#8230; <\/p>\n","protected":false},"author":3,"featured_media":0,"parent":0,"menu_order":0,"comment_status":"closed","ping_status":"closed","template":"template-practice-areas.php","meta":{"footnotes":""},"class_list":["post-21629","page","type-page","status-publish","hentry"],"featured_image_src":null,"featured_image_src_square":null,"_links":{"self":[{"href":"https:\/\/flaxmanlaw.com\/es\/wp-json\/wp\/v2\/pages\/21629","targetHints":{"allow":["GET"]}}],"collection":[{"href":"https:\/\/flaxmanlaw.com\/es\/wp-json\/wp\/v2\/pages"}],"about":[{"href":"https:\/\/flaxmanlaw.com\/es\/wp-json\/wp\/v2\/types\/page"}],"author":[{"embeddable":true,"href":"https:\/\/flaxmanlaw.com\/es\/wp-json\/wp\/v2\/users\/3"}],"replies":[{"embeddable":true,"href":"https:\/\/flaxmanlaw.com\/es\/wp-json\/wp\/v2\/comments?post=21629"}],"version-history":[{"count":0,"href":"https:\/\/flaxmanlaw.com\/es\/wp-json\/wp\/v2\/pages\/21629\/revisions"}],"wp:attachment":[{"href":"https:\/\/flaxmanlaw.com\/es\/wp-json\/wp\/v2\/media?parent=21629"}],"curies":[{"name":"wp","href":"https:\/\/api.w.org\/{rel}","templated":true}]}}