{"id":21631,"date":"2024-11-18T12:45:26","date_gmt":"2024-11-18T12:45:26","guid":{"rendered":"https:\/\/flaxmanlaw.wpenginepowered.com\/south-miami-drogas-peligrosas-abogados-de-responsabilidad-por-productos-defectuosos-del-condado-de-miami-dade\/"},"modified":"2024-11-18T12:45:26","modified_gmt":"2024-11-18T12:45:26","slug":"south-miami-drogas-peligrosas-abogados-de-responsabilidad-por-productos-defectuosos-del-condado-de-miami-dade","status":"publish","type":"page","link":"https:\/\/flaxmanlaw.com\/es\/south-miami-drogas-peligrosas-abogados-de-responsabilidad-por-productos-defectuosos-del-condado-de-miami-dade\/","title":{"rendered":"South Miami Drogas Peligrosas | Abogados de Responsabilidad por Productos Defectuosos del Condado de Miami-Dade"},"content":{"rendered":"<div class=\"bodytext\">\n<h2>Drogas peligrosas en South Miami<\/h1><\/h2>\n<div class=\"description\">\n<p>Los medicamentos con receta y los dispositivos farmac\u00e9uticos pueden salvar vidas y mejorar la calidad de vida. Sin embargo, en algunos casos los medicamentos inseguros pueden causar muertes o lesiones graves. Puede ser desgarrador para una persona gravemente herida o enferma, sobre todo, sufrir lesiones que pongan a\u00fan m\u00e1s en peligro su vida debido a un producto inseguro que nunca deber\u00eda haber estado en el mercado en primer lugar.  <\/p>\n<p>Los abogados del Grupo Legal Flaxman creen que las compa\u00f1\u00edas de medicamentos y farmac\u00e9uticas deben ser responsabilizadas cuando sus productos no son probados adecuadamente o cuando la negligencia causa que sus productos sean inseguros. Si has resultado lesionado tras tomar un medicamento o utilizar un dispositivo farmac\u00e9utico, contacta inmediatamente con el Grupo Legal Flaxman para averiguar cu\u00e1les son tus opciones para buscar compensaci\u00f3n y justicia. Puedes tener una demanda legal en el Sur de Miami o en tu domicilio de Florida.  <\/p>\n<p><strong class=\"heading4\">\u00bfCu\u00e1les son algunos de los peligros de las drogas peligrosas?<\/strong><\/p>\n<p>Cuando los fabricantes de medicamentos son negligentes, los pacientes se enfrentan a muchos peligros:<\/p>\n<ul>\n<li>Un medicamento de venta libre o con receta puede no enumerar todos los f\u00e1rmacos con los que puede interactuar, haciendo que el paciente experimente una interacci\u00f3n farmacol\u00f3gica grave<\/li>\n<li>Los medicamentos pueden no estar correctamente etiquetados o las etiquetas pueden tener informaci\u00f3n incorrecta o inadecuada<\/li>\n<li>Los fabricantes de medicamentos pueden no revelar las posibilidades de efectos secundarios graves, como la posibilidad de co\u00e1gulos sangu\u00edneos u otros riesgos graves<\/li>\n<li>Algunos f\u00e1rmacos tienen una tasa inaceptablemente alta de efectos secundarios, como convulsiones y otras lesiones graves<\/li>\n<li>Algunos fabricantes de medicamentos pueden no proporcionar informaci\u00f3n adecuada a las farmacias, lo que significa que \u00e9stas pueden componer (mezclar) medicamentos de forma incorrecta o pueden acabar dando informaci\u00f3n m\u00e9dica err\u00f3nea a los pacientes.<\/li>\n<li>Algunos fabricantes de medicamentos y sus representantes pueden hacer afirmaciones enga\u00f1osas sobre la eficacia de su medicamento para tratar una enfermedad espec\u00edfica<\/li>\n<li>Algunos fabricantes de medicamentos pueden ocultar informaci\u00f3n sobre problemas graves que se han producido en los ensayos<\/li>\n<\/ul>\n<p><strong class=\"heading4\">Tienes Derechos En Casos De Drogas Peligrosas En South Miami Y Florida<\/strong><\/p>\n<p>Cuando te recetan un medicamento, esperas razonablemente que:<\/p>\n<ul>\n<li>Consigue la dosis y la medicaci\u00f3n adecuadas<\/li>\n<li>Obt\u00e9n un servicio adecuado tanto del farmac\u00e9utico como del m\u00e9dico para asegurarte de que recibes la informaci\u00f3n correcta y la prescripci\u00f3n adecuada<\/li>\n<li>Estar plena y adecuadamente informado sobre la dosis y el uso adecuados de un medicamento<\/li>\n<li>Estar plena y adecuadamente informado sobre las posibles interacciones con otros medicamentos que puedas estar tomando<\/li>\n<li>Estar plenamente informado de los efectos secundarios, as\u00ed como de otra informaci\u00f3n pertinente sobre la medicaci\u00f3n que te han recetado<\/li>\n<\/ul>\n<p>Si te has lesionado, ponte en contacto con la farmacia inmediatamente y deja de tomar el medicamento hasta que puedas averiguar qu\u00e9 ha ocurrido. Si sospechas que el medicamento era peligroso o defectuoso de alg\u00fan modo, ponte en contacto con un abogado de lesiones personales de tu comunidad para obtener algunas respuestas. Un abogado puede investigar si tienes derecho a reclamar, puede ayudarte a comprender el valor de tu reclamaci\u00f3n y puede buscar justicia e indemnizaci\u00f3n en tu caso.  <\/p>\n<p>Los abogados del Grupo Legal Flaxman cuentan con m\u00e1s de seis d\u00e9cadas de experiencia combinada representando a personas lesionadas en todo tipo de demandas legales y de seguros. Nuestros abogados ya han recuperado m\u00e1s de 100 millones de d\u00f3lares en nombre de demandantes en victorias judiciales y acuerdos. El objetivo de nuestros abogados es siempre proporcionar justicia, apoyo legal y representaci\u00f3n de calidad en nombre de nuestros clientes. Si deseas saber m\u00e1s sobre nuestros servicios legales o si tienes preguntas sobre tu situaci\u00f3n legal, <a href=\"contacta con nosotros.html\">contacta al Grupo Legal Flaxman<\/a> para una consulta inicial gratuita.   <\/p>\n<\/p><\/div>\n<\/p><\/div>\n","protected":false},"excerpt":{"rendered":"<p>Sin honorarios a menos que ganemos. Llama al 866-352-9626 para una &#8230; <\/p>\n","protected":false},"author":3,"featured_media":0,"parent":0,"menu_order":0,"comment_status":"closed","ping_status":"closed","template":"template-practice-areas.php","meta":{"footnotes":""},"class_list":["post-21631","page","type-page","status-publish","hentry"],"featured_image_src":null,"featured_image_src_square":null,"_links":{"self":[{"href":"https:\/\/flaxmanlaw.com\/es\/wp-json\/wp\/v2\/pages\/21631","targetHints":{"allow":["GET"]}}],"collection":[{"href":"https:\/\/flaxmanlaw.com\/es\/wp-json\/wp\/v2\/pages"}],"about":[{"href":"https:\/\/flaxmanlaw.com\/es\/wp-json\/wp\/v2\/types\/page"}],"author":[{"embeddable":true,"href":"https:\/\/flaxmanlaw.com\/es\/wp-json\/wp\/v2\/users\/3"}],"replies":[{"embeddable":true,"href":"https:\/\/flaxmanlaw.com\/es\/wp-json\/wp\/v2\/comments?post=21631"}],"version-history":[{"count":0,"href":"https:\/\/flaxmanlaw.com\/es\/wp-json\/wp\/v2\/pages\/21631\/revisions"}],"wp:attachment":[{"href":"https:\/\/flaxmanlaw.com\/es\/wp-json\/wp\/v2\/media?parent=21631"}],"curies":[{"name":"wp","href":"https:\/\/api.w.org\/{rel}","templated":true}]}}