{"id":21632,"date":"2024-11-18T12:45:26","date_gmt":"2024-11-18T12:45:26","guid":{"rendered":"https:\/\/flaxmanlaw.wpenginepowered.com\/accidentes-de-trafico-en-south-miami-abogados-de-accidentes-de-trafico-del-condado-de-miami-dade\/"},"modified":"2024-11-18T12:45:26","modified_gmt":"2024-11-18T12:45:26","slug":"accidentes-de-trafico-en-south-miami-abogados-de-accidentes-de-trafico-del-condado-de-miami-dade","status":"publish","type":"page","link":"https:\/\/flaxmanlaw.com\/es\/accidentes-de-trafico-en-south-miami-abogados-de-accidentes-de-trafico-del-condado-de-miami-dade\/","title":{"rendered":"Accidentes de tr\u00e1fico en South Miami | Abogados de accidentes de tr\u00e1fico del condado de Miami-Dade"},"content":{"rendered":"<div class=\"bodytext\">\n<h2>Colisiones en el Sur de Miami<\/h1><\/h2>\n<div class=\"description\">\n<p>\u00bfQu\u00e9 har\u00edas si te ocurriera una colisi\u00f3n lateral con un coche? \u00bfSabr\u00edas d\u00f3nde acudir? \u00bfC\u00f3mo conseguir\u00edas una indemnizaci\u00f3n justa por tus lesiones? Sufrir este tipo de accidente es aterrador. Las lesiones graves son frecuentes, ya que cuando un veh\u00edculo golpea el lateral de tu coche, pr\u00e1cticamente no tienes zona de deformaci\u00f3n y, a menudo, muy pocas capas de protecci\u00f3n entre t\u00fa y el otro veh\u00edculo. Si sufres una colisi\u00f3n lateral con un cami\u00f3n u otro veh\u00edculo m\u00e1s grande, las lesiones que sufran tus pasajeros pueden ser permanentes o incluso mortales.     <\/p>\n<p>Los abogados del Grupo Legal Flaxman cuentan con m\u00e1s de 60 a\u00f1os de experiencia en juicios. Los abogados de nuestra firma de servicios integrales han lidiado con muchos accidentes automovil\u00edsticos graves y fatales en el Sur de Miami y a lo largo de Florida, incluyendo accidentes de colisi\u00f3n lateral y choques laterales. Para averiguar qu\u00e9 se puede hacer en tu caso, <a href=\"contacta con nosotros.html\">contacta<\/a> hoy mismo al Grupo Legal Flaxman al 866-352-9626 para programar una revisi\u00f3n gratuita y sin compromiso de tu caso.  <\/p>\n<p><strong class=\"heading4\">Preguntas que puedes tener tras la colisi\u00f3n de tu coche o cami\u00f3n en South Miami<\/strong><\/p>\n<p>Despu\u00e9s de resultar herido en un accidente grave de coche, cami\u00f3n o moto, es normal preguntarse:<\/p>\n<ul>\n<li>\u00bfPor d\u00f3nde puedes empezar en el proceso?<\/li>\n<li>\u00bfC\u00f3mo afrontar\u00e1s las facturas m\u00e9dicas, la p\u00e9rdida de ingresos, las reparaciones del coche y otros gastos?<\/li>\n<li>\u00bfQu\u00e9 debes decir a tu compa\u00f1\u00eda de seguros?<\/li>\n<li>\u00bfCu\u00e1nto dinero necesitar\u00e1s para pagar tus gastos?<\/li>\n<li>\u00bfD\u00f3nde puedes acudir?<\/li>\n<li>\u00bfC\u00f3mo puedes ocuparte de todos los detalles, como el proceso del seguro, el alquiler del coche y otras necesidades?<\/li>\n<li>\u00bfC\u00f3mo puedes proteger a tu familia?<\/li>\n<li>\u00bfQu\u00e9 significa realmente el papeleo que se espera que rellenes?<\/li>\n<\/ul>\n<p>Estas preguntas son las que los abogados del Grupo Legal Flaxman escuchan a menudo despu\u00e9s de una colisi\u00f3n lateral u otro accidente de tr\u00e1fico. Es muy com\u00fan tener estas preguntas, y si quieres respuestas, querr\u00e1s consultar con un abogado de lesiones personales para revisar tus opciones y obtener respuestas. <\/p>\n<p>Un abogado de lesiones personales puede revisar tus opciones y ayudarte a comprender qu\u00e9 leyes afectan a tu caso. Si decides presentar una reclamaci\u00f3n judicial, un abogado de lesiones personales puede ocuparse de todos los detalles y puede construir en tu nombre el caso m\u00e1s s\u00f3lido posible. Si algo falla en el proceso de reclamaci\u00f3n al seguro o si la compa\u00f1\u00eda de seguros intenta infravalorar tu reclamaci\u00f3n, un abogado de lesiones personales puede utilizar su experiencia en el campo del derecho para protegerte a ti y a tu familia.  <\/p>\n<p><strong class=\"heading4\">Trabajar con un abogado de lesiones personales<\/strong><\/p>\n<p><a href=\"charles-flaxman.html\">Charles Flaxman<\/a> del Grupo Legal Flaxman es el fundador de nuestra firma de servicios legales integrales, y tambi\u00e9n abogado de la firma. Antes de establecer el Grupo Legal Flaxman, Charles Flaxman trabaj\u00f3 durante diez a\u00f1os como ajustador de seguros y despu\u00e9s se gradu\u00f3 entre el 2% de los mejores de su clase de derecho. Su trabajo como ajustador de seguros significa que entiende qu\u00e9 t\u00e1cticas utilizan las compa\u00f1\u00edas de seguros y las aseguradoras para infravalorar las reclamaciones, retrasar los pagos, e impedir de otro modo que los demandantes obtengan una compensaci\u00f3n completa por sus lesiones. Los abogados del Grupo Legal Flaxman utilizan este conocimiento cada d\u00eda para luchar agresivamente a favor de los derechos de los demandantes. Si usted desea hablar con Charles Flaxman o con uno de los abogados del Grupo Legal <a href=\"index.html\">Flaxman<\/a>, no dude en contactar hoy mismo al Grupo Legal Flaxman al 866-352-9626 para programar una revisi\u00f3n confidencial y gratuita de su caso.    <\/p>\n<\/p><\/div>\n<\/p><\/div>\n","protected":false},"excerpt":{"rendered":"<p>Sin honorarios a menos que ganemos. Llama al 866-352-9626 para una &#8230; <\/p>\n","protected":false},"author":3,"featured_media":0,"parent":0,"menu_order":0,"comment_status":"closed","ping_status":"closed","template":"template-practice-areas.php","meta":{"footnotes":""},"class_list":["post-21632","page","type-page","status-publish","hentry"],"featured_image_src":null,"featured_image_src_square":null,"_links":{"self":[{"href":"https:\/\/flaxmanlaw.com\/es\/wp-json\/wp\/v2\/pages\/21632","targetHints":{"allow":["GET"]}}],"collection":[{"href":"https:\/\/flaxmanlaw.com\/es\/wp-json\/wp\/v2\/pages"}],"about":[{"href":"https:\/\/flaxmanlaw.com\/es\/wp-json\/wp\/v2\/types\/page"}],"author":[{"embeddable":true,"href":"https:\/\/flaxmanlaw.com\/es\/wp-json\/wp\/v2\/users\/3"}],"replies":[{"embeddable":true,"href":"https:\/\/flaxmanlaw.com\/es\/wp-json\/wp\/v2\/comments?post=21632"}],"version-history":[{"count":0,"href":"https:\/\/flaxmanlaw.com\/es\/wp-json\/wp\/v2\/pages\/21632\/revisions"}],"wp:attachment":[{"href":"https:\/\/flaxmanlaw.com\/es\/wp-json\/wp\/v2\/media?parent=21632"}],"curies":[{"name":"wp","href":"https:\/\/api.w.org\/{rel}","templated":true}]}}