{"id":21634,"date":"2024-11-18T12:45:26","date_gmt":"2024-11-18T12:45:26","guid":{"rendered":"https:\/\/flaxmanlaw.wpenginepowered.com\/lesiones-infantiles-en-south-miami-abogados-de-accidentes-del-condado-de-miami-dade\/"},"modified":"2024-11-18T12:45:26","modified_gmt":"2024-11-18T12:45:26","slug":"lesiones-infantiles-en-south-miami-abogados-de-accidentes-del-condado-de-miami-dade","status":"publish","type":"page","link":"https:\/\/flaxmanlaw.com\/es\/lesiones-infantiles-en-south-miami-abogados-de-accidentes-del-condado-de-miami-dade\/","title":{"rendered":"Lesiones infantiles en South Miami | Abogados de accidentes del condado de Miami-Dade"},"content":{"rendered":"<div class=\"bodytext\">\n<h2>Lesiones infantiles en South Miami<\/h1><\/h2>\n<div class=\"description\">\n<p>South Miami, en el condado de Miami Dade, es una comunidad con una rica historia. La zona fue colonizada oficialmente por primera vez por W.A. Larkins en 1897. Larkins fue un pionero que estableci\u00f3 una lecher\u00eda y m\u00e1s tarde una oficina de correos con su familia. En 1906, el Ferrocarril de la Costa Este de Florida ten\u00eda una extensi\u00f3n de Miami a Homestead y Larkins estableci\u00f3 un almac\u00e9n de suministros generales y una tienda de comestibles en la ruta, cerca de lo que hoy es Red Road y Sunset Drive. La primera comunidad se llam\u00f3 Larkins. En 1917 hab\u00eda 350 residentes en la zona y, con el auge de la tierra de los a\u00f1os 20, a\u00fan m\u00e1s gente acudi\u00f3 a la zona. Con el auge, los residentes de la ciudad se reunieron en 1926 para incorporarla como South Miami.      <\/p>\n<p><strong class=\"heading4\">Lesiones infantiles en South Miami y alrededores<\/strong><\/p>\n<p>Como todas las ciudades, South Miami y las comunidades circundantes sufren su parte de lesiones infantiles. Estas lesiones se producen con mayor frecuencia debido a accidentes de tr\u00e1fico y colisiones automovil\u00edsticas en South Miami y otras comunidades, pero tambi\u00e9n pueden deberse a productos defectuosos, seguridad inadecuada y otros muchos problemas. <\/p>\n<p><a href=\"index.html\">El Grupo Legal Flaxman<\/a> cree que todos los operadores comerciales y proveedores de cuidado infantil deben ser responsabilizados si son negligentes al proporcionar cuidado y supervisi\u00f3n de la m\u00e1s alta calidad a los ni\u00f1os. Cuando los ni\u00f1os resultan lesionados por negligencia o imprudencia, los padres tienen derecho a emprender acciones legales para obtener una indemnizaci\u00f3n. <\/p>\n<p>Si tu hijo ha sufrido lesiones graves en un parque de atracciones, parque infantil, colegio, actividad escolar, guarder\u00eda u otro entorno, buscar una indemnizaci\u00f3n justa es tu derecho y puede ayudarte a pagar una serie de cosas que pueden ayudar a tu hijo:<\/p>\n<ul>\n<li>Indemnizaci\u00f3n por p\u00e9rdida de ingresos, para que puedas quedarte con tu hijo mientras se recupera sin preocuparte por p\u00e9rdidas econ\u00f3micas.<\/li>\n<li>Atenci\u00f3n m\u00e9dica para tu hijo<\/li>\n<li>Tutor\u00eda y escolarizaci\u00f3n de tu hijo, para que no se retrase en sus estudios<\/li>\n<li>Asesoramiento o terapia para tu hijo si sus lesiones son graves o han provocado un traumatismo<\/li>\n<li>Da\u00f1os materiales<\/li>\n<li>Dolor y sufrimiento<\/li>\n<\/ul>\n<p><strong class=\"heading4\">Iniciar una demanda por lesiones personales en South Miami o en tu comunidad<\/strong><\/p>\n<p>Por supuesto, quieres lo mejor para tu hijo. Si tu hijo ha resultado gravemente herido, pedir una indemnizaci\u00f3n puede ayudar a que los responsables rindan cuentas de sus actos. En muchos casos, esto contribuye a introducir importantes cambios en la seguridad que ayudan a evitar tragedias en otras familias. Pedir una indemnizaci\u00f3n tambi\u00e9n puede garantizar que dispongas de los recursos econ\u00f3micos necesarios para proporcionar a tu hijo los mejores cuidados posibles, aumentando las posibilidades de que pueda recuperarse plenamente.   <\/p>\n<p>Si tu hijo ha sufrido lesiones graves, siempre puedes <a href=\"contacta con nosotros.html\">contactar<\/a> al Grupo Legal Flaxman para programar una consulta gratuita sobre accidentes y hablar sobre tu situaci\u00f3n con un abogado de lesiones personales. Es natural sentirse solo y asustado si su hijo ha sufrido una lesi\u00f3n grave, pero la firma de servicios integrales del Grupo Legal Flaxman se complace en apoyar a las familias en cada paso del camino y proporcionar asesor\u00eda legal, representaci\u00f3n y servicios de negociaci\u00f3n cuando sea necesario. Para averiguar qu\u00e9 servicios y recursos puede ofrecer el Grupo Legal Flaxman a tu familia, contacta hoy mismo con el <a href=\"index.html\">Grupo<\/a> Legal Flaxman.  <\/p>\n<\/p><\/div>\n<\/p><\/div>\n","protected":false},"excerpt":{"rendered":"<p>Sin honorarios a menos que ganemos. Llama al 866-352-9626 para una &#8230; <\/p>\n","protected":false},"author":3,"featured_media":0,"parent":0,"menu_order":0,"comment_status":"closed","ping_status":"closed","template":"template-practice-areas.php","meta":{"footnotes":""},"class_list":["post-21634","page","type-page","status-publish","hentry"],"featured_image_src":null,"featured_image_src_square":null,"_links":{"self":[{"href":"https:\/\/flaxmanlaw.com\/es\/wp-json\/wp\/v2\/pages\/21634","targetHints":{"allow":["GET"]}}],"collection":[{"href":"https:\/\/flaxmanlaw.com\/es\/wp-json\/wp\/v2\/pages"}],"about":[{"href":"https:\/\/flaxmanlaw.com\/es\/wp-json\/wp\/v2\/types\/page"}],"author":[{"embeddable":true,"href":"https:\/\/flaxmanlaw.com\/es\/wp-json\/wp\/v2\/users\/3"}],"replies":[{"embeddable":true,"href":"https:\/\/flaxmanlaw.com\/es\/wp-json\/wp\/v2\/comments?post=21634"}],"version-history":[{"count":0,"href":"https:\/\/flaxmanlaw.com\/es\/wp-json\/wp\/v2\/pages\/21634\/revisions"}],"wp:attachment":[{"href":"https:\/\/flaxmanlaw.com\/es\/wp-json\/wp\/v2\/media?parent=21634"}],"curies":[{"name":"wp","href":"https:\/\/api.w.org\/{rel}","templated":true}]}}