{"id":21636,"date":"2024-11-18T12:45:26","date_gmt":"2024-11-18T12:45:26","guid":{"rendered":"https:\/\/flaxmanlaw.wpenginepowered.com\/accidentes-en-cadena-en-south-miami-abogados-de-accidentes-de-coche-en-el-condado-de-miami-dade\/"},"modified":"2024-11-18T12:45:26","modified_gmt":"2024-11-18T12:45:26","slug":"accidentes-en-cadena-en-south-miami-abogados-de-accidentes-de-coche-en-el-condado-de-miami-dade","status":"publish","type":"page","link":"https:\/\/flaxmanlaw.com\/es\/accidentes-en-cadena-en-south-miami-abogados-de-accidentes-de-coche-en-el-condado-de-miami-dade\/","title":{"rendered":"Accidentes en cadena en South Miami | Abogados de accidentes de coche en el condado de Miami-Dade"},"content":{"rendered":"<div class=\"bodytext\">\n<h2>Accidentes en cadena en South Miami<\/h1><\/h2>\n<div class=\"description\">\n<p>Las colisiones automovil\u00edsticas en cadena en South Miami y otras ciudades suelen provocar una reacci\u00f3n en cadena de culpas. Estos accidentes de coche suelen ser una serie de colisiones de coches por detr\u00e1s. Como hay varios coches implicados y como en la mayor\u00eda de los casos se supone que todos los conductores tienen al menos cierta parte de culpa, no es raro que se culpe a un conductor inocente de causar parte del accidente.  <\/p>\n<p>Si esto te ha sucedido, contacta al Grupo Legal Flaxman para programar una consulta gratuita sobre accidentes y hablar sobre tus opciones. Puedes tener derecho a alguna indemnizaci\u00f3n que te ayude a pagar las facturas m\u00e9dicas. <\/p>\n<p><strong class=\"heading4\">Errores comunes tras un accidente en cadena<\/strong><\/p>\n<p>Quienes se han visto implicados en un accidente de varios veh\u00edculos suelen cometer algunos errores b\u00e1sicos que pueden acabar cost\u00e1ndoles decenas de miles o incluso cientos de miles de d\u00f3lares:<\/p>\n<p><strong>1) No contactar con un abogado de lesiones personales.<\/strong>  Aunque tengas un seguro excelente, en muchos casos el seguro s\u00f3lo cubrir\u00e1 una parte de tus gastos m\u00e9dicos, los costes m\u00e9dicos a largo plazo, los salarios perdidos y otros gastos. Especialmente si tus lesiones son graves o permanentes, es probable que las compa\u00f1\u00edas de seguros infravaloren tu reclamaci\u00f3n porque el coste de la misma ser\u00e1 muy elevado. Un abogado de lesiones personales en South Miami o en tu comunidad puede ayudarte a revisar tu caso para averiguar si necesitas presentar una demanda legal o negociar con tu compa\u00f1\u00eda de seguros para obtener una indemnizaci\u00f3n justa.  <\/p>\n<p><strong>2) Decir cualquier cosa que pudiera interpretarse como aceptar la culpa o culpar a alguien en el lugar del accidente.<\/strong>  En el lugar del accidente, es importante atenerse s\u00f3lo a los hechos. Incluso decir algo tan simple como \u00ablo siento\u00bb puede interpretarse como aceptar la culpa o la responsabilidad del accidente. La mejor respuesta es preguntar \u00ab\u00bfEst\u00e1s bien? Intercambiemos informaci\u00f3n de contacto y podremos resolver esto\u00bb. Mant\u00e9n un lenguaje lo m\u00e1s neutro posible para evitar problemas legales en el futuro..;   <\/p>\n<p><strong>3) No recibir atenci\u00f3n m\u00e9dica inmediata.<\/strong>  Si tienes la suerte de salir ileso de un accidente, puedes pensar que no has sufrido lesiones. Por desgracia, no siempre es as\u00ed. Algunos tipos de lesiones suelen tardar d\u00edas o incluso semanas en desarrollar s\u00edntomas. Algunas tardan varias horas en desarrollar s\u00edntomas. El latigazo cervical, por ejemplo, puede no manifestarse hasta unos d\u00edas despu\u00e9s de tu accidente. Una lesi\u00f3n cerebral potencialmente mortal que podr\u00eda resultar fatal puede no causarte dolor de cabeza ni ning\u00fan otro s\u00edntoma hasta unas horas despu\u00e9s del accidente. Aunque creas que no has sufrido lesiones, es buena idea pecar de precavido y someterte a una evaluaci\u00f3n m\u00e9dica inmediata tras el accidente.      <\/p>\n<p>\u00bfHas resultado lesionado en un grave accidente de tr\u00e1fico? Contacte hoy mismo al Grupo Legal Flaxman para programar una consulta gratuita sobre accidentes. El Grupo Legal Flaxman es una firma de servicios integrales con tres oficinas en el \u00e1rea de Florida del Sur. Si usted no puede viajar a nuestras oficinas en Homestead, Hollywood, o Miami debido a sus lesiones, nuestro equipo legal puede visitarle en su cuarto de hospital, lugar de trabajo, o casa. Ll\u00e1manos hoy al 866-352-9626 para concertar tu cita gratuita.    <\/p>\n<\/p><\/div>\n<\/p><\/div>\n","protected":false},"excerpt":{"rendered":"<p>Sin honorarios a menos que ganemos. Llama al 866-352-9626 para una &#8230; <\/p>\n","protected":false},"author":3,"featured_media":0,"parent":0,"menu_order":0,"comment_status":"closed","ping_status":"closed","template":"template-practice-areas.php","meta":{"footnotes":""},"class_list":["post-21636","page","type-page","status-publish","hentry"],"featured_image_src":null,"featured_image_src_square":null,"_links":{"self":[{"href":"https:\/\/flaxmanlaw.com\/es\/wp-json\/wp\/v2\/pages\/21636","targetHints":{"allow":["GET"]}}],"collection":[{"href":"https:\/\/flaxmanlaw.com\/es\/wp-json\/wp\/v2\/pages"}],"about":[{"href":"https:\/\/flaxmanlaw.com\/es\/wp-json\/wp\/v2\/types\/page"}],"author":[{"embeddable":true,"href":"https:\/\/flaxmanlaw.com\/es\/wp-json\/wp\/v2\/users\/3"}],"replies":[{"embeddable":true,"href":"https:\/\/flaxmanlaw.com\/es\/wp-json\/wp\/v2\/comments?post=21636"}],"version-history":[{"count":0,"href":"https:\/\/flaxmanlaw.com\/es\/wp-json\/wp\/v2\/pages\/21636\/revisions"}],"wp:attachment":[{"href":"https:\/\/flaxmanlaw.com\/es\/wp-json\/wp\/v2\/media?parent=21636"}],"curies":[{"name":"wp","href":"https:\/\/api.w.org\/{rel}","templated":true}]}}