{"id":21637,"date":"2024-11-18T12:45:26","date_gmt":"2024-11-18T12:45:26","guid":{"rendered":"https:\/\/flaxmanlaw.wpenginepowered.com\/puntos-ciegos-de-south-miami-abogados-de-accidentes-de-camion-del-condado-de-miami-dade\/"},"modified":"2024-11-18T12:45:26","modified_gmt":"2024-11-18T12:45:26","slug":"puntos-ciegos-de-south-miami-abogados-de-accidentes-de-camion-del-condado-de-miami-dade","status":"publish","type":"page","link":"https:\/\/flaxmanlaw.com\/es\/puntos-ciegos-de-south-miami-abogados-de-accidentes-de-camion-del-condado-de-miami-dade\/","title":{"rendered":"Puntos Ciegos de South Miami | Abogados de Accidentes de Cami\u00f3n del Condado de Miami-Dade"},"content":{"rendered":"<div class=\"bodytext\">\n<h2>Puntos ciegos del sur de Miami<\/h1><\/h2>\n<div class=\"description\">\n<p>Un \u00e1ngulo muerto o zona ciega se refiere al \u00e1rea alrededor de un cami\u00f3n o coche que no puede verse desde los retrovisores, los espejos laterales o mientras el conductor mira hacia delante. Hay muchas formas en que los conductores pueden hacer frente a los \u00e1ngulos muertos. Por ejemplo, al cambiar de carril, los conductores deben darse la vuelta y comprobar f\u00edsicamente los \u00e1ngulos muertos. Lo mismo ocurre al dar marcha atr\u00e1s. Adem\u00e1s, los conductores deben utilizar los retrovisores correctamente y ajustarlos cuando sea necesario para tener la mejor visibilidad posible. Cuando los conductores son negligentes y no toman estas sencillas precauciones, el resultado habitual son graves accidentes de tr\u00e1fico en el sur de Miami y otras comunidades de Florida.     <\/p>\n<p>Si usted o un ser querido ha resultado lesionado debido a un accidente automovil\u00edstico por punto ciego, puede tener derecho a una compensaci\u00f3n por sus da\u00f1os, ya que este tipo de accidentes a menudo son causados debido a una acci\u00f3n negligente. Los abogados del Grupo Legal Flaxman creen que las partes responsables deben rendir cuentas y que las partes lesionadas por la negligencia de alguien m\u00e1s deben obtener una compensaci\u00f3n justa por sus lesiones. Si usted desea saber m\u00e1s sobre c\u00f3mo le protege la ley de Florida y si desea saber qu\u00e9 puede hacer para proteger sus derechos a una compensaci\u00f3n justa, <a href=\"contacta con nosotros.html\">contacte<\/a> hoy mismo al Grupo Legal Flaxman para programar una revisi\u00f3n gratuita y confidencial de su caso.  <\/p>\n<p><strong class=\"heading4\">Tipos de colisiones provocadas por \u00e1ngulos muertos<\/strong><\/p>\n<p>En la mayor\u00eda de los accidentes por \u00e1ngulo muerto, los conductores no comprueban manualmente si hay veh\u00edculos en sus \u00e1ngulos muertos antes de cambiar de carril. Sin embargo, los accidentes de \u00e1ngulo muerto tambi\u00e9n pueden producirse cuando los coches chocan contra un peat\u00f3n porque no comprueban sus \u00e1ngulos muertos antes de dar marcha atr\u00e1s. Este tipo de colisiones automovil\u00edsticas tambi\u00e9n pueden producirse cuando los coches giran sin comprobar sus \u00e1ngulos muertos.  <\/p>\n<p>Las colisiones de coches y camiones en puntos ciegos en South Miami y otras comunidades pueden adoptar muchas formas, entre ellas:<\/p>\n<ul>\n<li>Accidentes de peatones<\/li>\n<li>Accidentes de cami\u00f3n<\/li>\n<li>Colisiones de autom\u00f3viles y motocicletas<\/li>\n<li>Incidentes de vuelco<\/li>\n<li>Colisiones de derivaci\u00f3n de lectura<\/li>\n<li>Accidentes de bicicleta<\/li>\n<li>Colisiones de un solo veh\u00edculo en las que est\u00e1 implicado un objeto<\/li>\n<li>Colisiones laterales o de costado<\/li>\n<li>Accidentes por vuelco<\/li>\n<li>Choques traseros<\/li>\n<\/ul>\n<p>Este tipo de accidentes se cobran vidas y causan un sufrimiento considerable. Lo que resulta especialmente frustrante es que a menudo estos accidentes son tan evitables. <\/p>\n<p><strong class=\"heading4\">\u00bfNecesitas ayuda tras sufrir lesiones en un accidente de tr\u00e1fico?<\/strong><\/p>\n<p>Los abogados del Grupo Legal Flaxman han obtenido miles de veredictos favorables para clientes y hemos ayudado a recuperar m\u00e1s de $100 millones de d\u00f3lares en acuerdos y compensaciones a favor de demandantes en todo Florida del Sur. Desde tres oficinas en Florida del Sur, nuestros abogados trabajan d\u00eda y noche para ayudar a los demandantes a obtener la justicia y la compensaci\u00f3n que merecen. Si est\u00e1s demasiado lesionado para desplazarte a una de nuestras tres oficinas en Homestead, Miami o Hollywood, nuestros abogados est\u00e1n dispuestos a desplazarse a tu domicilio, lugar de trabajo o habitaci\u00f3n de hospital para reunirse contigo. Si te gustar\u00eda tener una consulta gratuita y sin compromiso, contacta hoy mismo <a href=\"index.html\">al Grupo Legal Flaxman<\/a> a trav\u00e9s de nuestro sitio web o llamando a nuestra l\u00ednea directa 24\/7 al 866-352-9626.   <\/p>\n<\/p><\/div>\n<\/p><\/div>\n","protected":false},"excerpt":{"rendered":"<p>Sin honorarios a menos que ganemos. Llama al 866-352-9626 para una &#8230; <\/p>\n","protected":false},"author":3,"featured_media":0,"parent":0,"menu_order":0,"comment_status":"closed","ping_status":"closed","template":"template-practice-areas.php","meta":{"footnotes":""},"class_list":["post-21637","page","type-page","status-publish","hentry"],"featured_image_src":null,"featured_image_src_square":null,"_links":{"self":[{"href":"https:\/\/flaxmanlaw.com\/es\/wp-json\/wp\/v2\/pages\/21637","targetHints":{"allow":["GET"]}}],"collection":[{"href":"https:\/\/flaxmanlaw.com\/es\/wp-json\/wp\/v2\/pages"}],"about":[{"href":"https:\/\/flaxmanlaw.com\/es\/wp-json\/wp\/v2\/types\/page"}],"author":[{"embeddable":true,"href":"https:\/\/flaxmanlaw.com\/es\/wp-json\/wp\/v2\/users\/3"}],"replies":[{"embeddable":true,"href":"https:\/\/flaxmanlaw.com\/es\/wp-json\/wp\/v2\/comments?post=21637"}],"version-history":[{"count":0,"href":"https:\/\/flaxmanlaw.com\/es\/wp-json\/wp\/v2\/pages\/21637\/revisions"}],"wp:attachment":[{"href":"https:\/\/flaxmanlaw.com\/es\/wp-json\/wp\/v2\/media?parent=21637"}],"curies":[{"name":"wp","href":"https:\/\/api.w.org\/{rel}","templated":true}]}}