{"id":21639,"date":"2024-11-18T12:45:26","date_gmt":"2024-11-18T12:45:26","guid":{"rendered":"https:\/\/flaxmanlaw.wpenginepowered.com\/lesiones-de-nacimiento-en-south-miami-abogados-de-negligencia-medica-en-el-condado-de-miami-dade\/"},"modified":"2024-11-18T12:45:26","modified_gmt":"2024-11-18T12:45:26","slug":"lesiones-de-nacimiento-en-south-miami-abogados-de-negligencia-medica-en-el-condado-de-miami-dade","status":"publish","type":"page","link":"https:\/\/flaxmanlaw.com\/es\/lesiones-de-nacimiento-en-south-miami-abogados-de-negligencia-medica-en-el-condado-de-miami-dade\/","title":{"rendered":"Lesiones de Nacimiento en South Miami | Abogados de Negligencia M\u00e9dica en el Condado de Miami-Dade"},"content":{"rendered":"<div class=\"bodytext\">\n<h2>Lesiones de parto en South Miami<\/h1><\/h2>\n<div class=\"description\">\n<p>Seg\u00fan la legislaci\u00f3n de Florida, los padres tienen derecho a solicitar una indemnizaci\u00f3n por sus lesiones en los casos en que el ni\u00f1o se lesiona al nacer o inmediatamente despu\u00e9s de nacer debido a una negligencia o imprudencia m\u00e9dica. Por desgracia, en muchos casos los padres no acuden primero a un abogado porque suponen que el acuerdo o el apoyo que reciben del personal m\u00e9dico son adecuados. En algunos casos, los padres no se dan cuenta de que la negligencia desempe\u00f1\u00f3 un papel en las lesiones de su hijo.  <\/p>\n<p>Si tu hijo ha resultado lesionado, es importante obtener todos los datos sobre tu situaci\u00f3n. Contacta al equipo legal del Grupo Legal Flaxman para obtener una evaluaci\u00f3n de tu caso. Los abogados del Grupo Legal Flaxman pueden decirle qu\u00e9 tipos de lesiones en el parto en Miami del Sur y en Florida son probablemente resultado de negligencia m\u00e9dica y pueden ayudarle a comprender todas sus opciones legales para que pueda tomar las decisiones correctas para su familia y su hijo.  <\/p>\n<p><strong class=\"heading4\">Actuar con rapidez es importante en los casos de lesiones personales<\/strong><\/p>\n<p>Cuanto antes act\u00faes, m\u00e1s r\u00e1pidamente podremos ponernos a trabajar para ayudarte a ti y a tu familia. Hay un plazo de prescripci\u00f3n que te obliga a actuar con rapidez en estos casos si quieres evitar perder una indemnizaci\u00f3n. <\/p>\n<p>Una lesi\u00f3n de nacimiento puede significar que tu hijo se enfrente a un largo proceso de rehabilitaci\u00f3n y a muchos procedimientos m\u00e9dicos. Puede que tengas que hacer tu casa m\u00e1s accesible porque tu hijo no pueda valerse por s\u00ed mismo. La grave lesi\u00f3n de tu hijo puede impedirle buscar un trabajo normal, por lo que puede que tengas que reponer los ingresos perdidos o unos ingresos m\u00e1s bajos durante el resto de su vida. Adem\u00e1s, algunas lesiones infantiles pueden hacer que tu hijo sea m\u00e1s propenso a sufrir complicaciones. Si tu hijo experimenta alguna complicaci\u00f3n, puede que tengas que pagar atenci\u00f3n m\u00e9dica adicional. Pedir una indemnizaci\u00f3n si tu hijo ha sufrido una lesi\u00f3n cerebral en South Miami o cualquier lesi\u00f3n grave es importante para asegurarte de que puedes hacer frente a todos estos gastos.     <\/p>\n<p><strong class=\"heading4\">La ventaja del Grupo Legal Flaxman<\/strong><\/p>\n<p>Si tu hijo ha resultado lesionado, contacta al <a href=\"contacta con nosotros.html\">Grupo Legal<\/a> Flaxman. El Grupo Legal Flaxman cuenta con un equipo de marido y mujer que trabajan en la misma oficina, as\u00ed que entendemos la familia y la confianza. Nos enorgullece decir que muchos de nuestros clientes se han convertido en amigos despu\u00e9s de que hemos desempe\u00f1ado un papel en ayudarles a iniciar el camino hacia la recuperaci\u00f3n. Nuestros abogados trabajan en equipo con investigadores privados, peritos m\u00e9dicos y testigos expertos para construirte el caso m\u00e1s s\u00f3lido posible.   <\/p>\n<p>Desde la consulta inicial hasta el final de tu caso, nuestros abogados trabajan sin descanso para proporcionarte una atenci\u00f3n de alto nivel, de modo que puedas centrarte en tu familia mientras nosotros nos dedicamos a proteger tus derechos legales. Sabemos que una lesi\u00f3n en el parto puede ser devastadora, por eso nos esforzamos en hacer todo lo posible para que el proceso legal sea m\u00e1s f\u00e1cil. <\/p>\n<p>El Grupo Legal Flaxman comprende que si su familia tiene un hijo gravemente lesionado, usted puede no ser capaz de salir f\u00e1cilmente de su casa o del hospital para visitar a un abogado. Es por ello que el Grupo Legal Flaxman cuenta con tres oficinas convenientemente ubicadas en Florida del Sur, y nuestros abogados tambi\u00e9n se desplazar\u00e1n a su hogar, lugar de trabajo, o cuarto de hospital para hablar sobre su situaci\u00f3n. La consulta es gratuita y sin compromiso, incluso si nos desplazamos para hablar con usted en su domicilio.  <\/p>\n<\/p><\/div>\n<\/p><\/div>\n","protected":false},"excerpt":{"rendered":"<p>Sin honorarios a menos que ganemos. Llama al 866-352-9626 para una &#8230; <\/p>\n","protected":false},"author":3,"featured_media":0,"parent":0,"menu_order":0,"comment_status":"closed","ping_status":"closed","template":"template-practice-areas.php","meta":{"footnotes":""},"class_list":["post-21639","page","type-page","status-publish","hentry"],"featured_image_src":null,"featured_image_src_square":null,"_links":{"self":[{"href":"https:\/\/flaxmanlaw.com\/es\/wp-json\/wp\/v2\/pages\/21639","targetHints":{"allow":["GET"]}}],"collection":[{"href":"https:\/\/flaxmanlaw.com\/es\/wp-json\/wp\/v2\/pages"}],"about":[{"href":"https:\/\/flaxmanlaw.com\/es\/wp-json\/wp\/v2\/types\/page"}],"author":[{"embeddable":true,"href":"https:\/\/flaxmanlaw.com\/es\/wp-json\/wp\/v2\/users\/3"}],"replies":[{"embeddable":true,"href":"https:\/\/flaxmanlaw.com\/es\/wp-json\/wp\/v2\/comments?post=21639"}],"version-history":[{"count":0,"href":"https:\/\/flaxmanlaw.com\/es\/wp-json\/wp\/v2\/pages\/21639\/revisions"}],"wp:attachment":[{"href":"https:\/\/flaxmanlaw.com\/es\/wp-json\/wp\/v2\/media?parent=21639"}],"curies":[{"name":"wp","href":"https:\/\/api.w.org\/{rel}","templated":true}]}}