{"id":21640,"date":"2024-11-18T12:45:28","date_gmt":"2024-11-18T12:45:28","guid":{"rendered":"https:\/\/flaxmanlaw.wpenginepowered.com\/accidente-de-motorista-con-seguro-insuficiente-en-south-miami-abogados-de-accidentes-de-coche-en-el-condado-de-miami-dade\/"},"modified":"2024-11-18T12:45:28","modified_gmt":"2024-11-18T12:45:28","slug":"accidente-de-motorista-con-seguro-insuficiente-en-south-miami-abogados-de-accidentes-de-coche-en-el-condado-de-miami-dade","status":"publish","type":"page","link":"https:\/\/flaxmanlaw.com\/es\/accidente-de-motorista-con-seguro-insuficiente-en-south-miami-abogados-de-accidentes-de-coche-en-el-condado-de-miami-dade\/","title":{"rendered":"Accidente de motorista con seguro insuficiente en South Miami | Abogados de accidentes de coche en el condado de Miami-Dade"},"content":{"rendered":"<div class=\"bodytext\">\n<h2>Accidente de motorista con seguro insuficiente en South Miami<\/h1><\/h2>\n<div class=\"description\">\n<p>Un accidente de tr\u00e1fico grave en el sur de Miami o en Florida puede ser bastante devastador. Tras tu colisi\u00f3n de tr\u00e1fico puedes enfrentarte a un largo periodo de recuperaci\u00f3n, tiempo perdido en el trabajo, dolor y sufrimiento, y un complicado programa de tratamiento para curarte de tus lesiones. Puede ser a\u00fan m\u00e1s devastador saber que tambi\u00e9n te enfrentas a presiones econ\u00f3micas porque el otro conductor implicado en el accidente no ten\u00eda seguro o no ten\u00eda la cobertura adecuada para cubrir todos tus gastos.  <\/p>\n<p>Desafortunadamente, los abogados del Grupo Legal Flaxman han visto este tipo de situaciones ocurrir una y otra vez. Si te encuentras en una situaci\u00f3n en la que no est\u00e1s seguro de c\u00f3mo proceder o si necesitas asesor\u00eda legal despu\u00e9s de un grave accidente de tr\u00e1fico, siempre puedes contactar con los abogados del Grupo Legal Flaxman para una revisi\u00f3n gratuita y sin compromiso de tu caso. <\/p>\n<p><strong class=\"heading4\">Las lesiones graves pueden devastar tu vida tras una colisi\u00f3n de tr\u00e1fico en South Miami<\/strong><\/p>\n<p>Una lesi\u00f3n grave puede afectar a todos los \u00e1mbitos de tu vida. Puede: <\/p>\n<ul>\n<li>Requerir que te ausentes del trabajo<\/li>\n<li>Puede dejarte lesionado permanentemente de modo que no puedas reincorporarte a tu carrera o trabajo, dej\u00e1ndote sin ingresos<\/li>\n<li>Da lugar a facturas y costes m\u00e9dicos muy elevados<\/li>\n<li>Requerir cuidados a domicilio o cuidados de larga duraci\u00f3n en un centro de vida asistida o en una residencia de ancianos si has sufrido lesiones permanentes o graves.<\/li>\n<li>Dificultarte la realizaci\u00f3n de las tareas cotidianas<\/li>\n<li>Afectar a la calidad de tu vida<\/li>\n<li>Acorta tu esperanza de vida<\/li>\n<li>Afecta a tus relaciones<\/li>\n<li>Te hacen vulnerable a la depresi\u00f3n y a otras enfermedades graves<\/li>\n<li>Afectar a tu perspectiva m\u00e9dica para el resto de tu vida<\/li>\n<li>Te hacen m\u00e1s vulnerable a las infecciones y otras complicaciones m\u00e9dicas<\/li>\n<li>Requieren una mayor atenci\u00f3n m\u00e9dica y vigilancia durante toda la vida<\/li>\n<li>Dejarte incapacitado para conducir un coche o cuidar de tu familia<\/li>\n<\/ul>\n<p>Una lesi\u00f3n grave puede afectar a tus relaciones, a tu econom\u00eda e incluso a tu vida cotidiana. Puede ser devastador sufrir una lesi\u00f3n cerebral o problemas de movilidad que te incapaciten para reanudar tu vida cotidiana y tus responsabilidades en el hogar. En estas situaciones, un abogado especializado en lesiones personales no puede devolverte la movilidad ni eliminar la lesi\u00f3n. Sin embargo, pueden ayudarte a comprender qu\u00e9 opciones legales tienes para reclamar una indemnizaci\u00f3n, de modo que puedas disfrutar de la mejor atenci\u00f3n m\u00e9dica y los servicios que necesitas para mejorar tu calidad de vida y aumentar las posibilidades de recuperaci\u00f3n en tu caso.   <\/p>\n<p><strong class=\"heading4\">\u00bfCrees que tus lesiones son leves?<\/strong><\/p>\n<p>Puede sorprenderte descubrir que incluso una simple fractura u otra lesi\u00f3n de la que esperas recuperarte totalmente puede acabar cost\u00e1ndote cantidades considerables de dinero. No hagas conjeturas cuando se trata de tu salud y de tus finanzas. Habla con los abogados del Grupo Legal Flaxman para averiguar el probable costo total de tus lesiones, as\u00ed como el valor y la fuerza de tu caso. Los abogados del Grupo Legal Flaxman pueden reunirse contigo en una consulta gratuita y confidencial para responder a tus preguntas y ayudarte a comprender tus opciones legales, as\u00ed como el valor probable de tu caso potencial. Llame hoy mismo a nuestra firma de servicios integrales para programar una consulta gratuita sobre accidentes.    <\/p>\n<\/p><\/div>\n<\/p><\/div>\n","protected":false},"excerpt":{"rendered":"<p>Sin honorarios a menos que ganemos. Llama al 866-352-9626 para una &#8230; <\/p>\n","protected":false},"author":3,"featured_media":0,"parent":0,"menu_order":0,"comment_status":"closed","ping_status":"closed","template":"template-practice-areas.php","meta":{"footnotes":""},"class_list":["post-21640","page","type-page","status-publish","hentry"],"featured_image_src":null,"featured_image_src_square":null,"_links":{"self":[{"href":"https:\/\/flaxmanlaw.com\/es\/wp-json\/wp\/v2\/pages\/21640","targetHints":{"allow":["GET"]}}],"collection":[{"href":"https:\/\/flaxmanlaw.com\/es\/wp-json\/wp\/v2\/pages"}],"about":[{"href":"https:\/\/flaxmanlaw.com\/es\/wp-json\/wp\/v2\/types\/page"}],"author":[{"embeddable":true,"href":"https:\/\/flaxmanlaw.com\/es\/wp-json\/wp\/v2\/users\/3"}],"replies":[{"embeddable":true,"href":"https:\/\/flaxmanlaw.com\/es\/wp-json\/wp\/v2\/comments?post=21640"}],"version-history":[{"count":0,"href":"https:\/\/flaxmanlaw.com\/es\/wp-json\/wp\/v2\/pages\/21640\/revisions"}],"wp:attachment":[{"href":"https:\/\/flaxmanlaw.com\/es\/wp-json\/wp\/v2\/media?parent=21640"}],"curies":[{"name":"wp","href":"https:\/\/api.w.org\/{rel}","templated":true}]}}