{"id":21641,"date":"2024-11-18T12:45:26","date_gmt":"2024-11-18T12:45:26","guid":{"rendered":"https:\/\/flaxmanlaw.wpenginepowered.com\/accidente-de-bicicleta-en-south-miami-abogados-de-accidentes-de-bicicleta-en-el-condado-de-miami-dade\/"},"modified":"2024-11-18T12:45:26","modified_gmt":"2024-11-18T12:45:26","slug":"accidente-de-bicicleta-en-south-miami-abogados-de-accidentes-de-bicicleta-en-el-condado-de-miami-dade","status":"publish","type":"page","link":"https:\/\/flaxmanlaw.com\/es\/accidente-de-bicicleta-en-south-miami-abogados-de-accidentes-de-bicicleta-en-el-condado-de-miami-dade\/","title":{"rendered":"Accidente de bicicleta en South Miami | Abogados de accidentes de bicicleta en el condado de Miami-Dade"},"content":{"rendered":"<div class=\"bodytext\">\n<h2>Accidente de bicicleta en South Miami<\/h1><\/h2>\n<div class=\"description\">\n<p>South Miami es una ciudad suburbana del condado de Miami Dade, en Florida. La rica historia de la zona queda patente en el distrito hist\u00f3rico Cambridge Lawns de la ciudad. El distrito cuenta con una treintena de casas de estilo mediterr\u00e1neo y Tudor revival, muchas de las cuales datan de la d\u00e9cada de 1920. Adem\u00e1s del distrito hist\u00f3rico, South Miami h parques, tiendas, restaurantes y muchas otras cosas que ver y hacer.   <\/p>\n<p>Una forma estupenda de ver South Miami es dar un tranquilo paseo en bicicleta por las numerosas y fascinantes calles de la ciudad. Los ciclistas disfrutan contemplando la bella arquitectura de la ciudad, as\u00ed como sus numerosos espacios verdes. Por desgracia, cada a\u00f1o muchos residentes y visitantes de la ciudad tambi\u00e9n resultan gravemente heridos o incluso mueren en<a href=\"accidentes-de-bicicleta.html\"> accidentes de bicicleta<\/a> en South Miami. Es un hecho triste que Florida est\u00e9 a la cabeza del pa\u00eds en cuanto a lesiones mortales por accidentes de bicicleta. Aunque Florida tiene muchos carriles bici y ha dado grandes pasos en los \u00faltimos a\u00f1os para proporcionar carriles bici y rutas ciclistas seguras, este tipo de <a href=\"accidentes-coche.html\">accidentes de tr\u00e1fico<\/a> siguen produci\u00e9ndose con regularidad.    <\/p>\n<p>Si has resultado herido en un accidente de bicicleta en South Miami, es normal que est\u00e9s asustado. Puede que te lleven de urgencia al hospital, porque este tipo de accidentes de tr\u00e1fico en South Miami suelen ser mortales o muy graves para los ciclistas. Puede que tengas que pasar meses en fisioterapia o en el hospital mientras te recuperas de tus lesiones, y puede que tengas que hacer frente a considerables facturas m\u00e9dicas, as\u00ed como a la p\u00e9rdida de ingresos. Puede que tengas preguntas sobre c\u00f3mo ocurri\u00f3 el accidente, y puede que te enfrentes a cierta confusi\u00f3n al intentar negociar el proceso de reclamaci\u00f3n al seguro, a menudo complicado.   <\/p>\n<p>Aunque el proceso de recuperaci\u00f3n tras un accidente de bicicleta en South Miami es a veces abrumador, no tienes por qu\u00e9 hacerlo solo. Consultar a un abogado de accidentes de bicicleta en South Miami poco despu\u00e9s de sufrir lesiones puede ser una de las cosas m\u00e1s inteligentes que puedes hacer. Un abogado cualificado en accidentes de bicicleta en South Miami puede informarte de tus derechos, ayudarte a evaluar los costes de tus lesiones, ayudarte a negociar con la compa\u00f1\u00eda de seguros, ayudarte a presentar una demanda judicial si es aconsejable hacerlo, y ayudarte a comprender c\u00f3mo se aplican las leyes de Florida a tus lesiones.  <\/p>\n<p>El <a href=\"index.html\">Grupo Legal Flaxman<\/a> ha ayudado a miles de v\u00edctimas de accidentes de bicicleta y de lesiones personales en Florida del Sur a lo largo de los a\u00f1os. El equipo jur\u00eddico del Grupo Legal Flaxman se enorgullece de adoptar un enfoque compasivo y profesional en cada caso, ayudando individualmente a los pacientes a recuperar acuerdos justos, as\u00ed como a asegurar la asistencia que necesitan para iniciar el camino hacia la recuperaci\u00f3n. El objetivo del Grupo Legal Flaxman es ayudar a defender a los pacientes y sus derechos, para que los pacientes obtengan la asistencia que necesitan para recuperarse lo m\u00e1s plenamente posible.  <\/p>\n<p>El Grupo Legal Flaxman tambi\u00e9n se enorgullece de ofrecer una consulta inicial gratuita y sin compromiso. Es su oportunidad de hablar sobre su caso con un abogado de lesiones personales y de obtener todos los hechos sobre las leyes de Florida y su caso antes de tomar cualquier decisi\u00f3n sobre su situaci\u00f3n. No hay riesgo ni costo, as\u00ed que <a href=\"contacta con nosotros.html\">contacte hoy mismo al Grupo Legal Flaxman<\/a> para programar su consulta.  <\/p>\n<\/p><\/div>\n<\/p><\/div>\n","protected":false},"excerpt":{"rendered":"<p>Sin honorarios a menos que ganemos. Llama al 866-352-9626 para una &#8230; <\/p>\n","protected":false},"author":3,"featured_media":0,"parent":0,"menu_order":0,"comment_status":"closed","ping_status":"closed","template":"template-practice-areas.php","meta":{"footnotes":""},"class_list":["post-21641","page","type-page","status-publish","hentry"],"featured_image_src":null,"featured_image_src_square":null,"_links":{"self":[{"href":"https:\/\/flaxmanlaw.com\/es\/wp-json\/wp\/v2\/pages\/21641","targetHints":{"allow":["GET"]}}],"collection":[{"href":"https:\/\/flaxmanlaw.com\/es\/wp-json\/wp\/v2\/pages"}],"about":[{"href":"https:\/\/flaxmanlaw.com\/es\/wp-json\/wp\/v2\/types\/page"}],"author":[{"embeddable":true,"href":"https:\/\/flaxmanlaw.com\/es\/wp-json\/wp\/v2\/users\/3"}],"replies":[{"embeddable":true,"href":"https:\/\/flaxmanlaw.com\/es\/wp-json\/wp\/v2\/comments?post=21641"}],"version-history":[{"count":0,"href":"https:\/\/flaxmanlaw.com\/es\/wp-json\/wp\/v2\/pages\/21641\/revisions"}],"wp:attachment":[{"href":"https:\/\/flaxmanlaw.com\/es\/wp-json\/wp\/v2\/media?parent=21641"}],"curies":[{"name":"wp","href":"https:\/\/api.w.org\/{rel}","templated":true}]}}