{"id":21642,"date":"2024-11-18T12:45:28","date_gmt":"2024-11-18T12:45:28","guid":{"rendered":"https:\/\/flaxmanlaw.wpenginepowered.com\/fatiga-del-conductor-de-camion-en-south-miami-abogados-de-accidentes-de-camion-en-el-condado-de-miami-dade\/"},"modified":"2024-11-18T12:45:28","modified_gmt":"2024-11-18T12:45:28","slug":"fatiga-del-conductor-de-camion-en-south-miami-abogados-de-accidentes-de-camion-en-el-condado-de-miami-dade","status":"publish","type":"page","link":"https:\/\/flaxmanlaw.com\/es\/fatiga-del-conductor-de-camion-en-south-miami-abogados-de-accidentes-de-camion-en-el-condado-de-miami-dade\/","title":{"rendered":"Fatiga del conductor de cami\u00f3n en South Miami | Abogados de accidentes de cami\u00f3n en el condado de Miami-Dade"},"content":{"rendered":"<div class=\"bodytext\">\n<h2>Fatiga del conductor de cami\u00f3n en South Miami<\/h1><\/h2>\n<div class=\"description\">\n<p>La fatiga del camionero es una causa com\u00fan de muchos accidentes graves de cami\u00f3n. Los conductores de grandes camiones y cabezas tractoras tienen un trabajo muy exigente y a veces se sienten presionados para hacer las entregas a tiempo, hasta el punto de infringir las normas federales que limitan el tiempo que los camioneros pueden permanecer en la carretera antes de tener que descansar. Cuando los camioneros infringen las normas o no cuidan su salud y, como consecuencia, conducen fatigados, el resultado habitual son graves accidentes de cami\u00f3n y de coche en South Miami y otras comunidades.  <\/p>\n<p>\u00bfHas resultado herido en este tipo de accidente de cami\u00f3n? Si es as\u00ed, \u00bfsab\u00edas que la ley de Florida puede permitirte buscar una compensaci\u00f3n que te ayude a pagar tus cuentas m\u00e9dicas, los da\u00f1os a tu auto y otros gastos? Para obtener detalles y averiguar si tienes un caso, siempre puedes contactar con el Grupo Legal Flaxman para concertar una consulta gratuita sobre accidentes.  <\/p>\n<p><strong class=\"heading4\">\u00bfQui\u00e9n es responsable de mi accidente de cami\u00f3n?<\/strong><\/p>\n<p>En muchos casos de accidentes de camiones comerciales, es especialmente importante buscar a todas las partes responsables para aumentar las posibilidades de que el superviviente de una colisi\u00f3n obtenga una indemnizaci\u00f3n justa. Puede haber m\u00faltiples partes responsables en tu colisi\u00f3n de tr\u00e1fico, entre ellas: <\/p>\n<ul>\n<li>Otros automovilistas que conducen veh\u00edculos de pasajeros<\/li>\n<li>El camionero<\/li>\n<li>El transportista<\/li>\n<li>La empresa que alquila el cami\u00f3n<\/li>\n<li>La empresa que manten\u00eda el cami\u00f3n<\/li>\n<li>El fabricante del cami\u00f3n o del componente del cami\u00f3n que fall\u00f3<\/li>\n<li>El municipio o lugar donde se produjo el accidente (si las condiciones de la carretera fueron un factor)<\/li>\n<\/ul>\n<p><strong class=\"heading4\">C\u00f3mo obtener ayuda tras una colisi\u00f3n grave con un cami\u00f3n en South Miami o en tu comunidad<\/strong><\/p>\n<p>La mejor forma de determinar las partes responsables en tu situaci\u00f3n y de averiguar qu\u00e9 puedes hacer en tu caso es ponerte en contacto con un abogado de lesiones personales en South Miami o en tu comunidad. Un abogado de lesiones personales suele trabajar con investigadores privados, expertos en reconstrucci\u00f3n de accidentes y otros profesionales. Juntos, estos profesionales pueden darte respuestas sobre tu colisi\u00f3n de tr\u00e1fico, pero tambi\u00e9n pueden ayudarte a construir un caso s\u00f3lido y pueden ayudarte a determinar los probables costes a largo plazo de tus lesiones. Un abogado especializado en lesiones puede negociar con las compa\u00f1\u00edas de seguros, puede ayudarte a construir un caso s\u00f3lido y puede ayudarte a presentar una reclamaci\u00f3n legal. Un abogado con experiencia tambi\u00e9n puede ayudarte a comprender todas tus opciones legales para que puedas tomar una decisi\u00f3n informada sobre qu\u00e9 hacer a continuaci\u00f3n.    <\/p>\n<p>Adem\u00e1s de buscar ayuda m\u00e9dica y de denunciar tu accidente, una de las primeras cosas que debes hacer tras una colisi\u00f3n de tr\u00e1fico grave es ponerte en contacto con un abogado de lesiones personales para que te asesore jur\u00eddicamente. Esto se debe a que, adem\u00e1s de proteger tu salud y salvaguardar el importe de tu reclamaci\u00f3n al seguro, querr\u00e1s proteger tambi\u00e9n tus derechos legales, y un abogado de lesiones personales puede ayudarte con ello. <\/p>\n<p>Contacta con el despacho del Grupo Legal Flaxman en cualquier momento para hablar sobre tu situaci\u00f3n con un abogado de lesiones personales o de accidentes de cami\u00f3n. Podemos darte una evaluaci\u00f3n honesta y detallada de tu situaci\u00f3n legal y opciones. Tambi\u00e9n podemos ayudarte a resolver cualquier pregunta o preocupaci\u00f3n que puedas tener despu\u00e9s de tu accidente. Siempre puedes ponerte en contacto con nosotros a trav\u00e9s de nuestro <a href=\"contacta con nosotros.html\">sitio web<\/a> o por tel\u00e9fono llamando al 866-352-9626.   <\/p>\n<\/p><\/div>\n<\/p><\/div>\n","protected":false},"excerpt":{"rendered":"<p>Sin honorarios a menos que ganemos. Llama al 866-352-9626 para una &#8230; <\/p>\n","protected":false},"author":3,"featured_media":0,"parent":0,"menu_order":0,"comment_status":"closed","ping_status":"closed","template":"template-practice-areas.php","meta":{"footnotes":""},"class_list":["post-21642","page","type-page","status-publish","hentry"],"featured_image_src":null,"featured_image_src_square":null,"_links":{"self":[{"href":"https:\/\/flaxmanlaw.com\/es\/wp-json\/wp\/v2\/pages\/21642","targetHints":{"allow":["GET"]}}],"collection":[{"href":"https:\/\/flaxmanlaw.com\/es\/wp-json\/wp\/v2\/pages"}],"about":[{"href":"https:\/\/flaxmanlaw.com\/es\/wp-json\/wp\/v2\/types\/page"}],"author":[{"embeddable":true,"href":"https:\/\/flaxmanlaw.com\/es\/wp-json\/wp\/v2\/users\/3"}],"replies":[{"embeddable":true,"href":"https:\/\/flaxmanlaw.com\/es\/wp-json\/wp\/v2\/comments?post=21642"}],"version-history":[{"count":0,"href":"https:\/\/flaxmanlaw.com\/es\/wp-json\/wp\/v2\/pages\/21642\/revisions"}],"wp:attachment":[{"href":"https:\/\/flaxmanlaw.com\/es\/wp-json\/wp\/v2\/media?parent=21642"}],"curies":[{"name":"wp","href":"https:\/\/api.w.org\/{rel}","templated":true}]}}