{"id":21643,"date":"2024-11-18T12:45:26","date_gmt":"2024-11-18T12:45:26","guid":{"rendered":"https:\/\/flaxmanlaw.wpenginepowered.com\/south-miami-beach-mal-diseno-de-la-carretera-abogados-de-accidentes-de-trafico-del-condado-de-miami-dade\/"},"modified":"2024-11-18T12:45:26","modified_gmt":"2024-11-18T12:45:26","slug":"south-miami-beach-mal-diseno-de-la-carretera-abogados-de-accidentes-de-trafico-del-condado-de-miami-dade","status":"publish","type":"page","link":"https:\/\/flaxmanlaw.com\/es\/south-miami-beach-mal-diseno-de-la-carretera-abogados-de-accidentes-de-trafico-del-condado-de-miami-dade\/","title":{"rendered":"South Miami, Beach Mal dise\u00f1o de la carretera | Abogados de accidentes de tr\u00e1fico del condado de Miami-Dade"},"content":{"rendered":"<div class=\"bodytext\">\n<h2>South Miami, Beach Mal dise\u00f1o de las carreteras<\/h1><\/h2>\n<div class=\"description\">\n<p>Las leyes federales y de Florida existen para garantizar que nuestras carreteras sean seguras y est\u00e9n dise\u00f1adas para ayudar a prevenir las colisiones de tr\u00e1fico. Por desgracia, todos los conductores de Florida se han encontrado alguna vez con carreteras mal mantenidas o mal dise\u00f1adas. Puede tratarse de una carretera plagada de baches o de una carretera sin medianas, se\u00f1ales o barandillas adecuadas. Si te has lesionado en una carretera mal dise\u00f1ada o si tu accidente de tr\u00e1fico en el sur de Miami o en Florida fue causado por carreteras mal mantenidas, puedes tener una reclamaci\u00f3n legal que te permita pedir una indemnizaci\u00f3n por tus lesiones.   <\/p>\n<p>Para saber m\u00e1s, contacta con el Grupo Legal Flaxman para concertar una consulta gratuita y personalizada sobre tu situaci\u00f3n. Los abogados de nuestra firma de servicios integrales pueden reunirse con usted en una de nuestras tres oficinas en Florida del Sur o en su hogar, lugar de trabajo, o cuarto de hospital. <\/p>\n<p><strong class=\"heading4\">El mal dise\u00f1o de las carreteras y los peligros en las carreteras del sur de Miami provocan accidentes cada a\u00f1o<\/strong><\/p>\n<p>Un mal dise\u00f1o de la carretera puede provocar varios accidentes, entre ellos:<\/p>\n<ul>\n<li>Accidentes en intersecciones<\/li>\n<li>Accidentes de bicicleta<\/li>\n<li>Accidentes en el derecho de paso<\/li>\n<li>Accidentes de peatones<\/li>\n<li>Accidentes de un solo veh\u00edculo<\/li>\n<li>Colisiones en cadena<\/li>\n<li>Accidentes de moto<\/li>\n<\/ul>\n<p><strong class=\"heading4\">Por qu\u00e9 las reclamaciones por mal dise\u00f1o de la carretera requieren la ayuda de un abogado experto en lesiones personales<\/strong><\/p>\n<p>Las demandas por mal dise\u00f1o de las carreteras son muy complicadas, en parte porque los demandados suelen ser entidades poderosas, como grandes empresas constructoras, ayuntamientos y organismos p\u00fablicos. Estos demandados suelen tener la ley de su parte. Algunos organismos p\u00fablicos, por ejemplo, tienen derechos legales para evitar algunos tipos de responsabilidad. Adem\u00e1s, existe una ley de prescripci\u00f3n que protege a estos demandados, porque s\u00f3lo concede a los demandantes un plazo muy limitado para presentar una demanda. Adem\u00e1s, los organismos p\u00fablicos y otros grandes demandados suelen estar protegidos por poderosas compa\u00f1\u00edas de seguros, legisladores y equipos enteros de poderosos abogados.    <\/p>\n<p>Puede ser desalentador intentar enfrentarse a este tipo de acusados, aunque sepas que tienes un caso s\u00f3lido. Puede ser especialmente frustrante sufrir lesiones debido a un mal dise\u00f1o de la carretera o a una mala reparaci\u00f3n de la misma, y descubrir que tienes problemas para obtener justicia e indemnizaci\u00f3n porque resulta que el acusado es poderoso. <\/p>\n<p>Si quieres igualar las condiciones, es importante que consultes enseguida a un abogado especializado en lesiones personales. Un abogado experto en lesiones personales puede actuar de inmediato para reunir pruebas en tu caso, investigar tu demanda y tomar medidas para protegerte a ti y a tu familia. Un abogado con experiencia sabe c\u00f3mo utilizar la ley para garantizar la protecci\u00f3n de tus derechos e intereses.  <\/p>\n<p><strong class=\"heading4\">\u00bfQuieres hablar hoy con un abogado de lesiones personales?<\/strong><\/p>\n<p>Los abogados del Grupo Legal Flaxman cuentan con m\u00e1s de seis d\u00e9cadas de experiencia combinada en juicios y experiencia negociando con las aseguradoras. Si has resultado lesionado sin tener la culpa, llama al Grupo Legal Flaxman al 866-352-9626 para programar una consulta gratuita y sin compromiso. Podemos responder a tus preguntas y ayudarte a entender si tienes una demanda. Incluso podemos ayudarte a entender cu\u00e1nto puede valer tu demanda y qu\u00e9 opciones legales tienes para obtener justicia e indemnizaci\u00f3n.   <\/p>\n<\/p><\/div>\n<\/p><\/div>\n","protected":false},"excerpt":{"rendered":"<p>Sin honorarios a menos que ganemos. Llama al 866-352-9626 para una &#8230; <\/p>\n","protected":false},"author":3,"featured_media":0,"parent":0,"menu_order":0,"comment_status":"closed","ping_status":"closed","template":"template-practice-areas.php","meta":{"footnotes":""},"class_list":["post-21643","page","type-page","status-publish","hentry"],"featured_image_src":null,"featured_image_src_square":null,"_links":{"self":[{"href":"https:\/\/flaxmanlaw.com\/es\/wp-json\/wp\/v2\/pages\/21643","targetHints":{"allow":["GET"]}}],"collection":[{"href":"https:\/\/flaxmanlaw.com\/es\/wp-json\/wp\/v2\/pages"}],"about":[{"href":"https:\/\/flaxmanlaw.com\/es\/wp-json\/wp\/v2\/types\/page"}],"author":[{"embeddable":true,"href":"https:\/\/flaxmanlaw.com\/es\/wp-json\/wp\/v2\/users\/3"}],"replies":[{"embeddable":true,"href":"https:\/\/flaxmanlaw.com\/es\/wp-json\/wp\/v2\/comments?post=21643"}],"version-history":[{"count":0,"href":"https:\/\/flaxmanlaw.com\/es\/wp-json\/wp\/v2\/pages\/21643\/revisions"}],"wp:attachment":[{"href":"https:\/\/flaxmanlaw.com\/es\/wp-json\/wp\/v2\/media?parent=21643"}],"curies":[{"name":"wp","href":"https:\/\/api.w.org\/{rel}","templated":true}]}}