{"id":21645,"date":"2024-11-18T12:45:26","date_gmt":"2024-11-18T12:45:26","guid":{"rendered":"https:\/\/flaxmanlaw.wpenginepowered.com\/south-miami-neumaticos-calzados-reventon-de-neumatico-abogados-de-accidentes-de-camion-del-condado-de-miami-dade\/"},"modified":"2024-11-18T12:45:26","modified_gmt":"2024-11-18T12:45:26","slug":"south-miami-neumaticos-calzados-reventon-de-neumatico-abogados-de-accidentes-de-camion-del-condado-de-miami-dade","status":"publish","type":"page","link":"https:\/\/flaxmanlaw.com\/es\/south-miami-neumaticos-calzados-reventon-de-neumatico-abogados-de-accidentes-de-camion-del-condado-de-miami-dade\/","title":{"rendered":"South Miami Neum\u00e1ticos Calzados \/ Revent\u00f3n de Neum\u00e1tico | Abogados de Accidentes de Cami\u00f3n del Condado de Miami-Dade"},"content":{"rendered":"<div class=\"bodytext\">\n<h2>South Miami Neum\u00e1ticos Calvos \/ Revent\u00f3n de Neum\u00e1ticos<\/h1><\/h2>\n<div class=\"description\">\n<p>Las normas federales y de Florida protegen a los conductores de las inspecciones deficientes y el mantenimiento inadecuado de los camiones. Hay normas, por ejemplo, que obligan a los camioneros a inspeccionar los neum\u00e1ticos antes de cada viaje y a llevar un registro de sus inspecciones visuales. Tambi\u00e9n hay leyes que obligan a los transportistas y propietarios de camiones a mantener adecuadamente sus flotas. Adem\u00e1s, existe una legalizaci\u00f3n que permite a las personas que han resultado lesionadas en un accidente de cami\u00f3n sin tener culpa alguna, solicitar una indemnizaci\u00f3n en demandas por lesiones personales en el sur de Miami y en todo el sur de Florida.   <\/p>\n<p>\u00bfComprendes las leyes que podr\u00edan afectar a tu caso y las que podr\u00edan protegerte tras una colisi\u00f3n grave? Si no es as\u00ed, consulta a un abogado de lesiones personales que tenga la experiencia y la comprensi\u00f3n de las leyes para ayudarte a conseguir una compensaci\u00f3n justa en tu situaci\u00f3n. En el Grupo Legal Flaxman, estamos listos para responder a tus preguntas a cualquier hora del d\u00eda. Nuestras l\u00edneas telef\u00f3nicas est\u00e1n atendidas las veinticuatro horas del d\u00eda y nuestro personal trabaja largas horas para asegurarse de que obtengas la informaci\u00f3n y el apoyo que necesitas. Para poner a trabajar para usted el poder de una firma de servicios integrales en Florida del Sur, contacte hoy mismo al Grupo Legal Flaxman para recibir una evaluaci\u00f3n gratuita de su caso.    <\/p>\n<p><strong class=\"heading4\">Por qu\u00e9 se revientan los neum\u00e1ticos en South Miami y Florida<\/strong><\/p>\n<p>La normativa federal obliga a los conductores de camiones y a los transportistas a comprobar regularmente los neum\u00e1ticos antes de cada viaje y a llevar un registro de todas las inspecciones visuales de los neum\u00e1ticos. Estas leyes tienen por objeto proteger a los dem\u00e1s conductores y usuarios de la carretera en Florida y en todo Estados Unidos. Por desgracia, algunos camioneros y transportistas son negligentes a la hora de comprobar los neum\u00e1ticos, lo que provoca graves accidentes cada a\u00f1o. Hay muchas razones por las que no se siguen las directrices federales relativas a los neum\u00e1ticos:   <\/p>\n<ul>\n<li>Errores involuntarios<\/li>\n<li>La conducci\u00f3n distra\u00edda o fatigada puede hacer que el conductor se olvide de revisar los neum\u00e1ticos<\/li>\n<li>Los transportistas pueden intentar reducir costes evitando el mantenimiento necesario de los neum\u00e1ticos<\/li>\n<li>Los camioneros pueden tener prisa debido a plazos ajustados y descuidar la revisi\u00f3n de los neum\u00e1ticos<\/li>\n<li>Los conductores de camiones pueden estar poco formados y no saber c\u00f3mo comprobar los neum\u00e1ticos para detectar posibles defectos y problemas<\/li>\n<\/ul>\n<p>No hay excusa para poner tu vida -y la de tu familia- en peligro. Si un transportista o un camionero han sido negligentes y esta negligencia ha provocado tus lesiones, puedes tener opciones legales a las que puedes recurrir. <\/p>\n<p><strong class=\"heading4\">\u00bfTienes una reclamaci\u00f3n legal?<\/strong><\/p>\n<p>En el Grupo Legal Flaxman, nuestros abogados pueden escucharte para ayudarte a evaluar si quieres llegar a un acuerdo o llevar tu caso a juicio. Puede ser dif\u00edcil decidir qu\u00e9 hacer si has sufrido lesiones graves. Puedes tener la opci\u00f3n de no hacer nada, interponer una demanda judicial o reclamar al seguro. \u00bfQu\u00e9 opci\u00f3n ser\u00eda mejor para ti? Los abogados de nuestro bufete de servicios integrales pueden sentarse contigo en una consulta gratuita sobre accidentes para explorar tu situaci\u00f3n y poder asesorarte legalmente sobre qu\u00e9 opciones pueden ayudarte a conseguir la mayor y m\u00e1s justa indemnizaci\u00f3n posible para ti y tu familia. <a href=\"contacta con nosotros.html\">Ponte en contacto con nosotros<\/a> hoy mismo para una consulta gratuita de tu caso.    <\/p>\n<\/p><\/div>\n<\/p><\/div>\n","protected":false},"excerpt":{"rendered":"<p>Sin honorarios a menos que ganemos. Llama al 866-352-9626 para una &#8230; <\/p>\n","protected":false},"author":3,"featured_media":0,"parent":0,"menu_order":0,"comment_status":"closed","ping_status":"closed","template":"template-practice-areas.php","meta":{"footnotes":""},"class_list":["post-21645","page","type-page","status-publish","hentry"],"featured_image_src":null,"featured_image_src_square":null,"_links":{"self":[{"href":"https:\/\/flaxmanlaw.com\/es\/wp-json\/wp\/v2\/pages\/21645","targetHints":{"allow":["GET"]}}],"collection":[{"href":"https:\/\/flaxmanlaw.com\/es\/wp-json\/wp\/v2\/pages"}],"about":[{"href":"https:\/\/flaxmanlaw.com\/es\/wp-json\/wp\/v2\/types\/page"}],"author":[{"embeddable":true,"href":"https:\/\/flaxmanlaw.com\/es\/wp-json\/wp\/v2\/users\/3"}],"replies":[{"embeddable":true,"href":"https:\/\/flaxmanlaw.com\/es\/wp-json\/wp\/v2\/comments?post=21645"}],"version-history":[{"count":0,"href":"https:\/\/flaxmanlaw.com\/es\/wp-json\/wp\/v2\/pages\/21645\/revisions"}],"wp:attachment":[{"href":"https:\/\/flaxmanlaw.com\/es\/wp-json\/wp\/v2\/media?parent=21645"}],"curies":[{"name":"wp","href":"https:\/\/api.w.org\/{rel}","templated":true}]}}