{"id":21647,"date":"2024-11-18T12:45:26","date_gmt":"2024-11-18T12:45:26","guid":{"rendered":"https:\/\/flaxmanlaw.wpenginepowered.com\/south-miami-automobile-motorcycle-abogados-de-accidentes-de-auto-en-el-condado-de-miami-dade\/"},"modified":"2024-11-18T12:45:26","modified_gmt":"2024-11-18T12:45:26","slug":"south-miami-automobile-motorcycle-abogados-de-accidentes-de-auto-en-el-condado-de-miami-dade","status":"publish","type":"page","link":"https:\/\/flaxmanlaw.com\/es\/south-miami-automobile-motorcycle-abogados-de-accidentes-de-auto-en-el-condado-de-miami-dade\/","title":{"rendered":"South Miami Automobile &amp; Motorcycle | Abogados de Accidentes de Auto en el Condado de Miami-Dade"},"content":{"rendered":"<div class=\"bodytext\">\n<h2>South Miami Autom\u00f3vil y Motocicleta<\/h1><\/h2>\n<div class=\"description\">\n<p>Si eres propietario de una motocicleta y alguna vez te ves implicado en una colisi\u00f3n con un coche, tu accidente puede provocarte lesiones graves, as\u00ed como p\u00e9rdidas econ\u00f3micas devastadoras. Adem\u00e1s de causar da\u00f1os a tu motocicleta, un accidente de tr\u00e1fico grave en South Miami puede dejarte con lesiones graves o permanentes que generen enormes facturas m\u00e9dicas y te dejen incapacitado para trabajar. Lo que es a\u00fan m\u00e1s mortificante es que el conductor culpable de un turismo en el mismo accidente puede salir indemne, e incluso culpar al motorista del accidente.  <\/p>\n<p>\u00bfTe sientes frustrado y preocupado por tu futuro despu\u00e9s de un accidente de auto o motocicleta? Contacta hoy mismo con el Grupo Legal Flaxman para revisar tu situaci\u00f3n con un abogado de lesiones personales. Puedes tener m\u00e1s opciones de las que crees y tu primera consulta es gratuita y sin compromiso, as\u00ed que no arriesgas nada al obtener asesor\u00eda legal.  <\/p>\n<p>Las colisiones de tr\u00e1fico pueden robarte m\u00e1s de lo que crees<\/p>\n<p>Por supuesto, los accidentes de moto pueden ser aterradores. Sin embargo, tambi\u00e9n pueden provocar lesiones a largo plazo y lesiones graves que pueden devastarte a muchos niveles. Tras un accidente grave de moto y coche, es frecuente:  <\/p>\n<ul>\n<li>Tienes facturas m\u00e9dicas importantes<\/li>\n<li>Perder tiempo en el trabajo y, por tanto, oportunidades de ingresos<\/li>\n<li>Atrasarte en las facturas porque no tienes ingresos<\/li>\n<li>Luchas con el proceso de reclamaci\u00f3n al seguro y tienes problemas para obtener una indemnizaci\u00f3n justa por tus lesiones<\/li>\n<li>Te cuesta luchar contra el dolor y el sufrimiento que pueden causar las lesiones<\/li>\n<li>Enfrentarte a importantes facturas de sustituci\u00f3n o reparaci\u00f3n de tu coche o moto<\/li>\n<li>Me siento desolada y tengo muchas preguntas<\/li>\n<\/ul>\n<p>\u00bfAlgo de lo anterior describe tu situaci\u00f3n? Puede que no tengas que enfrentarte solo al proceso de curaci\u00f3n. Hay recursos locales que pueden ayudar a los supervivientes de accidentes y hablar con un abogado de lesiones personales en South Miami o en tu comunidad puede ayudarte a generar algunas ideas sobre los pr\u00f3ximos pasos que puedes dar para proteger la econom\u00eda de tu familia.  <\/p>\n<p><strong class=\"heading4\">\u00bfQui\u00e9n es responsable de mi accidente de tr\u00e1fico?<\/strong><\/p>\n<p>Determinar la culpa tras un accidente de moto y coche suele ser un reto. En demasiados casos, se culpa sin m\u00e1s al motorista simplemente porque la gente hace suposiciones sobre la maniobrabilidad de la moto o sobre la persona que conduce una moto. Determinar qu\u00e9 ha causado el accidente suele requerir expertos en reconstrucci\u00f3n de accidentes, investigadores privados, ingenieros, peritos y otros profesionales. Los abogados de lesiones personales trabajan con redes de estos profesionales para llegar al fondo de tu accidente y construir un caso s\u00f3lido en tu nombre.   <\/p>\n<p>Charles Flaxman del <a href=\"contacta con nosotros.html\">Grupo Legal Flaxman<\/a> es el director y fundador del Grupo Legal Flaxman, una firma legal de servicios integrales en Florida del Sur. Trabaj\u00f3 durante una d\u00e9cada en la industria de seguros como ajustador de reclamaciones antes de graduarse entre el 2% de los mejores de su clase de derecho y dedicar su vida a demandantes como t\u00fa. Su experiencia en el sector de los seguros le permite comprender exactamente qu\u00e9 t\u00e1cticas utilizan las compa\u00f1\u00edas de seguros cuando eval\u00faan las reclamaciones por lesiones y esto le da una ventaja cuando negocia en tu nombre. Su comprensi\u00f3n de la ley de seguros y sus m\u00e1s de 25 a\u00f1os de experiencia en juicios son un poderoso aliado para los demandantes. Contacta hoy mismo con <a href=\"contacta con nosotros.html\">el Grupo Legal Flaxman<\/a> para averiguar c\u00f3mo puede ayudarte esta experiencia.    <\/p>\n<\/p><\/div>\n<\/p><\/div>\n","protected":false},"excerpt":{"rendered":"<p>Sin honorarios a menos que ganemos. Llama al 866-352-9626 para una &#8230; <\/p>\n","protected":false},"author":3,"featured_media":0,"parent":0,"menu_order":0,"comment_status":"closed","ping_status":"closed","template":"template-practice-areas.php","meta":{"footnotes":""},"class_list":["post-21647","page","type-page","status-publish","hentry"],"featured_image_src":null,"featured_image_src_square":null,"_links":{"self":[{"href":"https:\/\/flaxmanlaw.com\/es\/wp-json\/wp\/v2\/pages\/21647","targetHints":{"allow":["GET"]}}],"collection":[{"href":"https:\/\/flaxmanlaw.com\/es\/wp-json\/wp\/v2\/pages"}],"about":[{"href":"https:\/\/flaxmanlaw.com\/es\/wp-json\/wp\/v2\/types\/page"}],"author":[{"embeddable":true,"href":"https:\/\/flaxmanlaw.com\/es\/wp-json\/wp\/v2\/users\/3"}],"replies":[{"embeddable":true,"href":"https:\/\/flaxmanlaw.com\/es\/wp-json\/wp\/v2\/comments?post=21647"}],"version-history":[{"count":0,"href":"https:\/\/flaxmanlaw.com\/es\/wp-json\/wp\/v2\/pages\/21647\/revisions"}],"wp:attachment":[{"href":"https:\/\/flaxmanlaw.com\/es\/wp-json\/wp\/v2\/media?parent=21647"}],"curies":[{"name":"wp","href":"https:\/\/api.w.org\/{rel}","templated":true}]}}