{"id":21648,"date":"2024-11-18T12:45:28","date_gmt":"2024-11-18T12:45:28","guid":{"rendered":"https:\/\/flaxmanlaw.wpenginepowered.com\/resbalones-y-caidas-en-south-miami-abogados-de-responsabilidad-de-locales-en-el-condado-de-miami-dade\/"},"modified":"2024-11-18T12:45:28","modified_gmt":"2024-11-18T12:45:28","slug":"resbalones-y-caidas-en-south-miami-abogados-de-responsabilidad-de-locales-en-el-condado-de-miami-dade","status":"publish","type":"page","link":"https:\/\/flaxmanlaw.com\/es\/resbalones-y-caidas-en-south-miami-abogados-de-responsabilidad-de-locales-en-el-condado-de-miami-dade\/","title":{"rendered":"Resbalones y Ca\u00eddas en South Miami | Abogados de Responsabilidad de Locales en el Condado de Miami-Dade"},"content":{"rendered":"<div class=\"bodytext\">\n<h2>Resbal\u00f3n y ca\u00edda en South Miami<\/h1><\/h2>\n<div class=\"description\">\n<p>South Miami est\u00e1 situada en el sur de Florida y se la conoce como la \u00abCiudad de la Vida Agradable\u00bb porque la comunidad tiene muchos parques y calles arboladas. Adem\u00e1s, la ciudad tiene muchas tiendas, restaurantes y edificios hist\u00f3ricos. El centro de la ciudad tiene muchos negocios que proporcionan trabajo y puntos de inter\u00e9s tanto para los visitantes como para los residentes. South Miami es una comunidad tri\u00e9tnica y est\u00e1 considerada una de las ciudades m\u00e1s antiguas del sur de Florida.   <\/p>\n<p>Un accidente por resbal\u00f3n y ca\u00edda puede ocurrir en South Miami en cualquier momento, y puede causar lesiones sorprendentemente devastadoras. Muchas v\u00edctimas no se dan cuenta de que las lesiones por resbal\u00f3n y ca\u00edda pueden causar lesiones de espalda, lesiones faciales, lesiones cerebrales en South Miami, fracturas \u00f3seas, lesiones de tejidos blandos y otras lesiones graves. Un simple accidente por resbal\u00f3n y ca\u00edda en South Miami puede durar unos segundos, pero puede acarrear muchos miles de d\u00f3lares de p\u00e9rdida de ingresos, facturas m\u00e9dicas y otros gastos.  <\/p>\n<p>Si te has lesionado tras un <a href=\"accidentes por resbalones y ca\u00eddas.html\">accidente por resbal\u00f3n y ca\u00edda<\/a> en South Miami, es importante que te tomes en serio tus lesiones. Si te has golpeado la cabeza, especialmente, es imprescindible que busques ayuda m\u00e9dica de inmediato. Por desgracia, algunas lesiones cerebrales graves no presentan s\u00edntomas inmediatos, y alguien podr\u00eda tener una lesi\u00f3n cerebral permanente o incluso potencialmente mortal y no darse cuenta en el momento del accidente. Conseguir asistencia y obtener ayuda m\u00e9dica debe ser tu primera prioridad.   <\/p>\n<p>Sin embargo, obtener asistencia jur\u00eddica debe ser una segunda prioridad. En muchos casos, los accidentes por resbal\u00f3n y ca\u00edda en South Miami son causados por propietarios que no mantienen adecuadamente sus propiedades en buen estado o libres de obst\u00e1culos o derrames. Los propietarios y due\u00f1os de viviendas se consideran responsables si no toman las precauciones adecuadas para mantener a salvo a los visitantes.  <\/p>\n<p>La legislaci\u00f3n de Florida te protege si has sufrido una lesi\u00f3n. Si tu lesi\u00f3n fue causada por la imprudencia o negligencia de alguien, puedes presentar una reclamaci\u00f3n legal para recuperar el coste de los ingresos perdidos, los da\u00f1os materiales, los gastos m\u00e9dicos y otros gastos relacionados con tu lesi\u00f3n. Por desgracia, sin asistencia jur\u00eddica cualificada, en muchos casos puedes acabar pagando muchos de estos gastos de tu bolsillo. Consultar a un abogado cualificado especializado en lesiones personales de South Miami es una de las mejores formas de salvaguardar tus finanzas y tu futuro.   <\/p>\n<p>El equipo jur\u00eddico del <a href=\"index.html\">Grupo Legal Flaxman<\/a> ha visto de primera mano el devastador impacto de los accidentes por resbal\u00f3n y ca\u00edda, y ha ayudado a miles de v\u00edctimas a obtener una compensaci\u00f3n justa por sus lesiones. Esta compensaci\u00f3n puede ser esencial para pagar la atenci\u00f3n m\u00e9dica, la p\u00e9rdida de ingresos y otros gastos relacionados con tu accidente. El Grupo Legal Flaxman es un bufete de servicios integrales, por lo que el equipo legal puede hacerse cargo de todas tus necesidades, tanto si necesitas ayuda para encontrar asistencia m\u00e9dica como si quieres buscar justicia a trav\u00e9s de una demanda legal. Si usted ha resultado lesionado en un accidente de resbal\u00f3n y ca\u00edda en South Miami, no se demore: <a href=\"contacta con nosotros.html\">contacte al Grupo Legal Flaxman<\/a> para hablar sobre su caso. Sin costo ni obligaci\u00f3n para su consulta inicial, podr\u00eda ser la cita m\u00e1s inteligente que haga.    <\/p>\n<\/p><\/div>\n<\/p><\/div>\n","protected":false},"excerpt":{"rendered":"<p>Sin honorarios a menos que ganemos. Llama al 866-352-9626 para una &#8230; <\/p>\n","protected":false},"author":3,"featured_media":0,"parent":0,"menu_order":0,"comment_status":"closed","ping_status":"closed","template":"template-practice-areas.php","meta":{"footnotes":""},"class_list":["post-21648","page","type-page","status-publish","hentry"],"featured_image_src":null,"featured_image_src_square":null,"_links":{"self":[{"href":"https:\/\/flaxmanlaw.com\/es\/wp-json\/wp\/v2\/pages\/21648","targetHints":{"allow":["GET"]}}],"collection":[{"href":"https:\/\/flaxmanlaw.com\/es\/wp-json\/wp\/v2\/pages"}],"about":[{"href":"https:\/\/flaxmanlaw.com\/es\/wp-json\/wp\/v2\/types\/page"}],"author":[{"embeddable":true,"href":"https:\/\/flaxmanlaw.com\/es\/wp-json\/wp\/v2\/users\/3"}],"replies":[{"embeddable":true,"href":"https:\/\/flaxmanlaw.com\/es\/wp-json\/wp\/v2\/comments?post=21648"}],"version-history":[{"count":0,"href":"https:\/\/flaxmanlaw.com\/es\/wp-json\/wp\/v2\/pages\/21648\/revisions"}],"wp:attachment":[{"href":"https:\/\/flaxmanlaw.com\/es\/wp-json\/wp\/v2\/media?parent=21648"}],"curies":[{"name":"wp","href":"https:\/\/api.w.org\/{rel}","templated":true}]}}