{"id":21649,"date":"2024-11-21T13:06:33","date_gmt":"2024-11-21T13:06:33","guid":{"rendered":"https:\/\/flaxmanlaw.wpenginepowered.com\/lesiones-personales-en-el-condado-de-broward\/"},"modified":"2025-02-10T04:49:40","modified_gmt":"2025-02-10T04:49:40","slug":"lesiones-personales-en-el-condado-de-broward","status":"publish","type":"page","link":"https:\/\/flaxmanlaw.com\/es\/lesiones-personales-en-el-condado-de-broward\/","title":{"rendered":"Lesiones personales en el condado de Broward"},"content":{"rendered":"<h2>Condado de Broward<\/h2>\n<div class=\"description\">\n<p>Como parte de la comunidad del Condado Broward, el Grupo Legal Flaxman siempre se ha sentido orgulloso de todo lo que el \u00e1rea tiene que ofrecer. El Condado Broward, en el sur de Florida, es uno de los condados con mayor diversidad \u00e9tnica de Florida y se encuentra entre los 20 condados m\u00e1s grandes del pa\u00eds. Esta parte del estado tambi\u00e9n tiene m\u00e1s de 700 millas cuadradas de \u00c1rea de Conservaci\u00f3n, que incluye humedales protegidos. En el condado de Broward vive gente desde hace m\u00e1s de 12.000 a\u00f1os, pero se fund\u00f3 oficialmente como condado de Broward en 1915. Nombrada en honor de un gobernador de Florida de principios de 1900, la zona experiment\u00f3 un gran auge de construcci\u00f3n y desarrollo en la d\u00e9cada de 1920. El Grupo Legal Flaxman se enorgullece de servir a toda la comunidad del Condado Broward, ayudando a quienes han resultado lesionados y que buscan una recuperaci\u00f3n financiera a trav\u00e9s de una demanda por lesiones personales. Nuestra firma de abogados de lesiones sirve a toda el \u00e1rea, incluyendo:<\/p>\n<ul class=\"-two-columns\">\n<li><a href=\"https:\/\/flaxmanlaw.com\/carver-heights-personal-injury.html\"><strong>Alturas de Carver<\/strong><\/a><\/li>\n<li><a href=\"https:\/\/flaxmanlaw.com\/carver-ranches-personal-injury\"><strong>Ranchos Carver<\/strong><\/a><\/li>\n<li><a href=\"https:\/\/flaxmanlaw.com\/coconut-creek-personal-injury\"><strong>Coconut Creek<\/strong><\/a><\/li>\n<li><a href=\"https:\/\/flaxmanlaw.com\/cooper-city-personal-injury\"><strong>Cooper City<\/strong><\/a><\/li>\n<li><a href=\"https:\/\/flaxmanlaw.com\/coral-springs-personal-injury\"><strong>Coral Springs<\/strong><\/a><\/li>\n<li><a href=\"https:\/\/flaxmanlaw.com\/dania-beach-personal-injury\"><strong>Playa de Dania<\/strong><\/a><\/li>\n<li><a href=\"https:\/\/flaxmanlaw.com\/davie-personal-injury\"><strong>Davie<\/strong><\/a><\/li>\n<li><a href=\"https:\/\/flaxmanlaw.com\/deerfield-beach-personal-injury\"><strong>Playa Deerfield<\/strong><\/a><\/li>\n<li><a href=\"https:\/\/flaxmanlaw.com\/fort-lauderdale-personal-injury\"><strong>Fort Lauderdale<\/strong><\/a><\/li>\n<li><a href=\"https:\/\/flaxmanlaw.com\/hallandale-beach-personal-injury\"><strong>Playa de Hallandale<\/strong><\/a><\/li>\n<li><a href=\"https:\/\/flaxmanlaw.com\/hillsboro-beach-personal-injury\"><strong>Playa de Hillsboro<\/strong><\/a><\/li>\n<li><a href=\"https:\/\/flaxmanlaw.com\/hollywood-personal-injury\"><strong>Hollywood<\/strong><\/a><\/li>\n<li><a href=\"https:\/\/flaxmanlaw.com\/lauderdale-lakes-personal-injury\"><strong>Lauderdale Lakes<\/strong><\/a><\/li>\n<li><a href=\"https:\/\/flaxmanlaw.com\/lauderhill-personal-injury\"><strong>Lauderhill<\/strong><\/a><\/li>\n<li><a href=\"https:\/\/flaxmanlaw.com\/margate-personal-injury\"><strong>Margate<\/strong><\/a><\/li>\n<li><a href=\"https:\/\/flaxmanlaw.com\/miramar-personal-injury\"><strong>Miramar<\/strong><\/a><\/li>\n<li><a href=\"https:\/\/flaxmanlaw.com\/north-lauderdale-personal-injury\"><strong>Lauderdale Norte<\/strong><\/a><\/li>\n<li><a href=\"https:\/\/flaxmanlaw.com\/oakland-park-personal-injury\"><strong>Oakland Park<\/strong><\/a><\/li>\n<li><a href=\"https:\/\/flaxmanlaw.com\/palm-aire-personal-injury\"><strong>Aire de palma<\/strong><\/a><\/li>\n<li><a href=\"https:\/\/flaxmanlaw.com\/parkland-personal-injury\"><strong>Parkland<\/strong><\/a><\/li>\n<li><a href=\"https:\/\/flaxmanlaw.com\/pembroke-park-personal-injury\"><strong>Parque Pembroke<\/strong><\/a><\/li>\n<li><a href=\"https:\/\/flaxmanlaw.com\/pembroke-pines-personal-injury\"><strong>Pembroke Pines<\/strong><\/a><\/li>\n<li><a href=\"https:\/\/flaxmanlaw.com\/plantation-personal-injury\"><strong>Plantaci\u00f3n<\/strong><\/a><\/li>\n<li><a href=\"https:\/\/flaxmanlaw.com\/pompano-beach-personal-injury\"><strong>Pompano Beach<\/strong><\/a><\/li>\n<li><a href=\"https:\/\/flaxmanlaw.com\/southwest-ranches-personal-injury\"><strong>Ranchos del Suroeste<\/strong><\/a><\/li>\n<li><a href=\"https:\/\/flaxmanlaw.com\/sunrise-personal-injury\"><strong>Amanecer<\/strong><\/a><\/li>\n<li><a href=\"https:\/\/flaxmanlaw.com\/tamarac-personal-injury\"><strong>Tamarac<\/strong><\/a><\/li>\n<li><a href=\"https:\/\/flaxmanlaw.com\/west-hollywood-personal-injury\"><strong>Hollywood Oeste<\/strong><\/a><\/li>\n<li><a href=\"https:\/\/flaxmanlaw.com\/west-park-personal-injury\"><strong>Parque del Oeste<\/strong><\/a><\/li>\n<li><a href=\"https:\/\/flaxmanlaw.com\/weston-personal-injury\"><strong>Weston<\/strong><\/a><\/li>\n<li><a href=\"https:\/\/flaxmanlaw.com\/wilton-manors-personal-injury\"><strong>Wilton Manors<\/strong><\/a><\/li>\n<\/ul>\n<p><strong class=\"heading4\">\u00bfQu\u00e9 lesiones son frecuentes en el condado de Broward?<\/strong>En el condado de Broward, como en cualquier parte de Florida, se producen lesiones:<\/p>\n<ul class=\"no-spacing-list\">\n<li>Lesiones derivadas de accidentes de tr\u00e1fico<\/li>\n<li>Lesiones laborales<\/li>\n<li>Lesiones deportivas<\/li>\n<li>Lesiones a ni\u00f1os y menores<\/li>\n<li>Lesiones causadas por mal mantenimiento de la propiedad o productos inseguros<\/li>\n<li>Lesiones en la navegaci\u00f3n<\/li>\n<li>Lesiones en piscinas<\/li>\n<li>Lesiones causadas por agresiones y violencia<\/li>\n<li>Lesiones en el transporte p\u00fablico<\/li>\n<li>Lesiones por accidente de cami\u00f3n<\/li>\n<li>Lesiones de peatones<\/li>\n<\/ul>\n<p><strong class=\"heading4\">\u00bfCu\u00e1l es el proceso para solicitar una indemnizaci\u00f3n por lesiones en el condado de Broward?<\/strong>Ocurran donde ocurran, las lesiones graves pueden cambiarte la vida. Pueden significar que no puedas volver al trabajo durante alg\u00fan tiempo y el proceso de recuperaci\u00f3n puede ser costoso. Puede que tengas que pagar estancias en el hospital, visitas al m\u00e9dico, medicaci\u00f3n, dispositivos m\u00e9dicos, tratamiento continuado y mucho m\u00e1s. En el condado de Broward, puedes tener derecho a solicitar una recuperaci\u00f3n econ\u00f3mica o una indemnizaci\u00f3n por tu lesi\u00f3n mediante una reclamaci\u00f3n legal si tu lesi\u00f3n fue causada por la negligencia de alguien. Para averiguar si tienes una demanda y cu\u00e1nto puede valer esa demanda, puedes contactar a un abogado experimentado en lesiones personales en el Condado Broward, como el equipo legal del Grupo Legal Flaxman. Siempre puedes contactarnos al 1-866-352-9626 (1-866-FLAXMAN) si has resultado lesionado y tu primera consulta con nosotros es completamente gratuita y sin compromiso. El proceso para solicitar una indemnizaci\u00f3n comienza con una consulta. Si decides presentar una demanda y trabajar con nosotros, nuestro equipo jur\u00eddico se encarga de los detalles. Investigamos el accidente, presentamos tu demanda ante la jurisdicci\u00f3n correcta y trabajamos en el proceso de descubrimiento de tu demanda. Negociamos con las aseguradoras u otras partes en tu reclamaci\u00f3n, buscando una indemnizaci\u00f3n justa por tus lesiones. Si no podemos llegar a un acuerdo, nuestro equipo jur\u00eddico tiene experiencia en juicios, por lo que podemos llevar tu caso a los tribunales si esa es la mejor forma de asegurar la recuperaci\u00f3n econ\u00f3mica. Durante todo el proceso, te mantenemos informado sobre tu caso.<\/p>\n<p><strong class=\"heading4\">\u00bfC\u00f3mo puedo ponerme en contacto con un abogado de lesiones personales del condado de Broward?<\/strong>Si has sufrido una lesi\u00f3n en el condado de Broward y crees que puedes tener una reclamaci\u00f3n, busca un abogado que tenga experiencia en el mismo tipo de reclamaci\u00f3n. Ya que un accidente de cami\u00f3n es muy diferente a una lesi\u00f3n deportiva o a una demanda por responsabilidad de productos, por ejemplo, usted quiere un abogado que tenga experiencia en juicios y acuerdos en una demanda similar a la suya. El Grupo Legal Flaxman cuenta con m\u00e1s de 60 a\u00f1os de experiencia combinada en una <a href=\"https:\/\/flaxmanlaw.com\/our-practice-areas\">variedad de \u00e1reas de pr\u00e1ctica<\/a>. Nuestro <a href=\"https:\/\/flaxmanlaw.com\/verdicts-settlements\">historial de resultados<\/a> incluye acuerdos y victorias en juicios por accidentes automovil\u00edsticos, accidentes por lesiones en albercas, y muchas otras demandas. De hecho, hemos recuperado m\u00e1s de 100 millones de d\u00f3lares en nombre de nuestros clientes. Para saber m\u00e1s, ponte en contacto con nosotros en el 1-866-352-9626 (1-866-FLAXMAN) para una consulta gratuita sobre accidentes.<\/p>\n<\/div>\n","protected":false},"excerpt":{"rendered":"<p>Condado de Broward Como parte de la comunidad del Condado Broward, &#8230; <\/p>\n","protected":false},"author":2,"featured_media":0,"parent":0,"menu_order":0,"comment_status":"closed","ping_status":"closed","template":"template-practice-areas.php","meta":{"footnotes":""},"class_list":["post-21649","page","type-page","status-publish","hentry"],"featured_image_src":null,"featured_image_src_square":null,"_links":{"self":[{"href":"https:\/\/flaxmanlaw.com\/es\/wp-json\/wp\/v2\/pages\/21649","targetHints":{"allow":["GET"]}}],"collection":[{"href":"https:\/\/flaxmanlaw.com\/es\/wp-json\/wp\/v2\/pages"}],"about":[{"href":"https:\/\/flaxmanlaw.com\/es\/wp-json\/wp\/v2\/types\/page"}],"author":[{"embeddable":true,"href":"https:\/\/flaxmanlaw.com\/es\/wp-json\/wp\/v2\/users\/2"}],"replies":[{"embeddable":true,"href":"https:\/\/flaxmanlaw.com\/es\/wp-json\/wp\/v2\/comments?post=21649"}],"version-history":[{"count":0,"href":"https:\/\/flaxmanlaw.com\/es\/wp-json\/wp\/v2\/pages\/21649\/revisions"}],"wp:attachment":[{"href":"https:\/\/flaxmanlaw.com\/es\/wp-json\/wp\/v2\/media?parent=21649"}],"curies":[{"name":"wp","href":"https:\/\/api.w.org\/{rel}","templated":true}]}}