{"id":21650,"date":"2024-11-18T13:46:36","date_gmt":"2024-11-18T13:46:36","guid":{"rendered":"https:\/\/flaxmanlaw.wpenginepowered.com\/accidentes-causados-por-defectos-de-fabricacion-hollywood-florida-abogados-de-lesiones-de-coche\/"},"modified":"2025-05-06T09:58:38","modified_gmt":"2025-05-06T09:58:38","slug":"accidentes-causados-por-defectos-de-fabricacion-hollywood-florida-abogados-de-lesiones-de-coche","status":"publish","type":"page","link":"https:\/\/flaxmanlaw.com\/es\/accidentes-causados-por-defectos-de-fabricacion-hollywood-florida-abogados-de-lesiones-de-coche\/","title":{"rendered":"Accidentes Causados por Defectos de Fabricaci\u00f3n"},"content":{"rendered":"<div class=\"bodytext\">\n<h2>Accidentes causados por defectos de fabricaci\u00f3n<\/h2>\n<div class=\"description\">\n<p>Muchas colisiones de coches en Miami se deben a errores del conductor. Sin embargo, un n\u00famero importante tambi\u00e9n se debe a defectos de fabricaci\u00f3n. Cada a\u00f1o se retiran coches del mercado porque alg\u00fan componente se ha instalado, dise\u00f1ado o fabricado incorrectamente. Por desgracia, antes de que se produzcan algunas de estas retiradas, los automovilistas resultan gravemente heridos o incluso mueren a causa de los elementos defectuosos. Las piezas defectuosas de los coches pueden incluir neum\u00e1ticos, sistemas de frenado, sistemas de cinturones de seguridad, airbags y casi todos los componentes de un coche. Lo frustrante de las colisiones causadas por defectos de fabricaci\u00f3n es que a menudo no hay forma de que un automovilista evite este tipo de colisiones. Un automovilista puede conducir de forma muy segura y estar concienciado sobre la seguridad en la carretera, pero un defecto de fabricaci\u00f3n puede hacer que su coche falle o se comporte de forma inesperada, provocando una colisi\u00f3n. En estos casos, el fabricante de autom\u00f3viles puede ser considerado responsable de las lesiones, muertes, da\u00f1os materiales y otros perjuicios causados por el accidente. Las v\u00edctimas de estos casos tienen la opci\u00f3n de presentar una demanda de responsabilidad por productos defectuosos en Miami para reclamar da\u00f1os y perjuicios.<\/p>\n<p>El equipo jur\u00eddico <a href=\"index.html\">del Grupo Legal Flaxman<\/a> forma parte de la comunidad de Miami y se ha dedicado a defender a las v\u00edctimas de lesiones personales y de accidentes automovil\u00edsticos en toda el \u00e1rea de Florida del Sur. El equipo jur\u00eddico ha trabajado extensamente en numerosos casos de defectos de productos y de accidentes automovil\u00edsticos. El Grupo Legal Flaxman se enorgullece de haber asegurado compensaciones para miles de v\u00edctimas de lesiones. El equipo jur\u00eddico del Grupo Legal Flaxman trabaja con testigos expertos, investigadores privados, y otros profesionales para asegurar la evidencia de negligencia en la fabricaci\u00f3n y defectos del fabricante que hayan causado un accidente. El Grupo Legal Flaxman se complace en ofrecer consultas gratuitas y sin compromiso a todos los nuevos clientes.<\/p>\n<p><strong class=\"heading4\"> Los retos de presentar una demanda tras un accidente de tr\u00e1fico <\/strong><\/p>\n<p>Uno de los retos de los casos de accidente de coche relacionados con defectos de fabricaci\u00f3n es que los fabricantes de autom\u00f3viles suelen ser poderosos demandados con equipos jur\u00eddicos y de investigadores privados. En muchos casos, hacen falta investigaciones exhaustivas para demostrar que un defecto ha causado un accidente. Los fabricantes pueden culpar a un error o distracci\u00f3n del conductor en lugar de a sus propios productos defectuosos. En algunos casos, este tipo de demandas de responsabilidad por productos defectuosos se convierten en demandas colectivas, en las que intervienen varios demandados y varios demandantes. Las v\u00edctimas suelen necesitar trabajar con abogados cualificados y experimentados en lesiones personales para salvaguardar sus derechos y obtener la indemnizaci\u00f3n m\u00e1s justa posible.<\/p>\n<p><strong class=\"heading4\"> Determinar la culpa en un accidente de tr\u00e1fico <\/strong><\/p>\n<p>En muchos casos, las v\u00edctimas que han sufrido lesiones craneales, quemaduras, lesiones de tejidos blandos, fracturas y otras lesiones graves en un accidente de coche en Miami pueden no saber siquiera que un sistema defectuoso del coche caus\u00f3 su accidente. A menudo, s\u00f3lo una investigaci\u00f3n exhaustiva determinar\u00e1 los verdaderos factores que provocaron un accidente. En la mayor\u00eda de los casos, sin embargo, la investigaci\u00f3n exhaustiva es importante. Da a los supervivientes las respuestas que necesitan para estar tranquilos y les permite buscar justicia de las m\u00faltiples partes responsables. En los casos en que hay m\u00faltiples partes responsables, las v\u00edctimas lesionadas pueden estar en mejores condiciones de obtener una indemnizaci\u00f3n justa por su sufrimiento y sus lesiones.<\/p>\n<p>El Grupo Legal Flaxman ha supervisado miles de casos de lesiones personales y de accidentes automovil\u00edsticos en Miami y en todo Florida del Sur. El personal jur\u00eddico tiene un instinto bien afinado para la investigaci\u00f3n y trabaja con un equipo de expertos locales y nacionales para ayudar a descubrir pistas sobre las causas de los accidentes. Si usted ha resultado lesionado en un accidente de tr\u00e1fico en Miami, <a href=\"contacta con nosotros.html\">contacte<\/a> al Grupo Legal Flaxman para programar una consulta gratuita y sin compromiso para hablar sobre su situaci\u00f3n con un abogado.<\/p>\n<\/div>\n<div class=\"subpageslist\"><\/div>\n<\/div>\n","protected":false},"excerpt":{"rendered":"<p>Sin honorarios a menos que ganemos. Llama al 866-352-9626 para una &#8230; <\/p>\n","protected":false},"author":3,"featured_media":0,"parent":0,"menu_order":0,"comment_status":"closed","ping_status":"closed","template":"template-practice-areas.php","meta":{"footnotes":""},"class_list":["post-21650","page","type-page","status-publish","hentry"],"featured_image_src":null,"featured_image_src_square":null,"_links":{"self":[{"href":"https:\/\/flaxmanlaw.com\/es\/wp-json\/wp\/v2\/pages\/21650","targetHints":{"allow":["GET"]}}],"collection":[{"href":"https:\/\/flaxmanlaw.com\/es\/wp-json\/wp\/v2\/pages"}],"about":[{"href":"https:\/\/flaxmanlaw.com\/es\/wp-json\/wp\/v2\/types\/page"}],"author":[{"embeddable":true,"href":"https:\/\/flaxmanlaw.com\/es\/wp-json\/wp\/v2\/users\/3"}],"replies":[{"embeddable":true,"href":"https:\/\/flaxmanlaw.com\/es\/wp-json\/wp\/v2\/comments?post=21650"}],"version-history":[{"count":0,"href":"https:\/\/flaxmanlaw.com\/es\/wp-json\/wp\/v2\/pages\/21650\/revisions"}],"wp:attachment":[{"href":"https:\/\/flaxmanlaw.com\/es\/wp-json\/wp\/v2\/media?parent=21650"}],"curies":[{"name":"wp","href":"https:\/\/api.w.org\/{rel}","templated":true}]}}