{"id":21653,"date":"2024-11-21T13:11:55","date_gmt":"2024-11-21T13:11:55","guid":{"rendered":"https:\/\/flaxmanlaw.wpenginepowered.com\/carver-ranches-danos-personales\/"},"modified":"2025-09-13T12:42:13","modified_gmt":"2025-09-13T12:42:13","slug":"carver-ranches-danos-personales","status":"publish","type":"page","link":"https:\/\/flaxmanlaw.com\/es\/carver-ranches-danos-personales\/","title":{"rendered":"Carver Ranches Da\u00f1os personales"},"content":{"rendered":"<h2>Carver Ranches Da\u00f1os personales<\/h2>\n<div class=\"description\">\n<p>Carver Ranches, Florida, es una comunidad en el Condado de Broward, Florida. <a href=\"https:\/\/flaxmanlaw.com\/about-us\">El Grupo Legal Flaxman<\/a> se enorgullece de servir a Carver Ranches y a las comunidades circundantes. Nos honra ayudar a los residentes locales con demandas por accidentes automovil\u00edsticos, demandas por lesiones personales, casos de negligencia m\u00e9dica, y muchas otras situaciones desafiantes. Si necesitas un abogado de lesiones personales en Carver Ranches, puedes contar con nosotros. Carver Ranches <strong class=\"heading4\">, FloridaAhora<\/strong>parte de la ciudad de <a href=\"https:\/\/flaxmanlaw.com\/west-park-personal-injury\/\">West Park<\/a>, Carver Ranches fue durante muchos a\u00f1os una ciudad independiente. Sigue teniendo una cultura distinta y es especialmente conocida por ser el origen de muchos actos musicales. Carver Ranches es una ciudad urbana y muchos actos musicales underground, as\u00ed como muchos actos de hip-hop, se han originado en Carver Ranches o han cantado sobre la zona. Carver Ranches tambi\u00e9n es conocida por ser un lugar muy asequible para vivir y es conocida por su belleza natural. Si has sufrido lesiones personales o has estado en un <a href=\"https:\/\/flaxmanlaw.com\/car-accidents\">accidente automovil\u00edstico<\/a> en Carver Ranches, contacta al Grupo Legal Flaxman para recibir ayuda inmediata. El Grupo Legal Flaxman es una firma de servicios integrales, que ofrece una gama de servicios a las v\u00edctimas de lesiones personales en Carver Ranches.<\/p>\n<p><strong class=\"heading4\">\u00bfPor Qu\u00e9 Llamar al Grupo Legal Flaxman Cuando Necesites un Abogado de Lesiones Personales en Carver Ranches?<\/strong>Hay varias cosas que distinguen al Grupo Legal Flaxman:<\/p>\n<ol>\n<li><strong>Servicio personalizado y r\u00e1pido.<\/strong> Siempre hay alguien disponible en el Grupo Legal Flaxman por tel\u00e9fono &#8211; 24\/7. Si has sufrido lesiones personales en Carver Ranches, una llamada telef\u00f3nica al Grupo Legal Flaxman te pondr\u00e1 en contacto con un abogado de lesiones personales de Carver Ranches dispuesto y capaz de ofrecerte asistencia inmediata.<\/li>\n<li><strong>Una consulta inicial gratuita y <a href=\"https:\/\/flaxmanlaw.com\/contact-us\">sin<\/a> compromiso.<\/strong> Cuando usted llama al Grupo Legal Flaxman, puede programar una consulta inicial gratuita y sin compromiso para hablar sobre su caso de lesiones personales en Carver Ranches. Es su oportunidad de obtener asesor\u00eda legal y asistencia de un abogado experimentado, todo sin costo inicial.<\/li>\n<li><strong>Una amplia experiencia.<\/strong> Como firma legal de servicios integrales, el Grupo Legal Flaxman puede hacerse cargo de cada aspecto de su caso de lesiones personales en Carver Ranches. Ya sea que necesite a alguien que negocie con su aseguradora, o que necesite asesor\u00eda o representaci\u00f3n legal, el Grupo Legal Flaxman puede ayudarle. El experimentado equipo jur\u00eddico del Grupo Legal Flaxman cuenta con d\u00e9cadas de experiencia ayudando a miles de v\u00edctimas de lesiones personales en Florida y en Craver Ranches que han sufrido lesiones como resultado de accidentes automovil\u00edsticos, <a href=\"https:\/\/flaxmanlaw.com\/slip-and-fall-accidents\">accidentes por resbal\u00f3n y ca\u00edda<\/a>, y otros tipos de incidentes. El equipo jur\u00eddico del Grupo Legal Flaxman puede tener el alto nivel de experiencia que usted necesita.<\/li>\n<li><strong>Compasi\u00f3n.<\/strong> El equipo jur\u00eddico del Grupo Legal Flaxman ve a cada paciente de lesiones personales en Carver Ranches como una persona, no como un caso. El equipo se toma el tiempo para escuchar y para tratar de ayudar realmente en cada situaci\u00f3n. Nos tomamos en serio tu recuperaci\u00f3n.<\/li>\n<\/ol>\n<p>Carver Ranches, Florida, est\u00e1 a s\u00f3lo cinco minutos manejando de las oficinas del Grupo Legal Flaxman en Hollywood. Para llegar a las oficinas del Grupo Legal Flaxman desde Carver Ranches, conduce hacia el oeste por la Calle 24 SW y gira a la izquierda en la Avenida 50 SW. Gira a la derecha en SW 25th Street y otra vez a la derecha en FL-7 N. Gira otra vez a la derecha en Johnson Street. Las oficinas del Grupo Legal Flaxman estar\u00e1n a la izquierda, en el 5715 de Johnson Street.<\/p>\n<\/div>\n","protected":false},"excerpt":{"rendered":"<p>Carver Ranches Da\u00f1os personales Carver Ranches, Florida, es una comunidad en &#8230; <\/p>\n","protected":false},"author":2,"featured_media":0,"parent":0,"menu_order":0,"comment_status":"closed","ping_status":"closed","template":"template-practice-areas.php","meta":{"footnotes":""},"class_list":["post-21653","page","type-page","status-publish","hentry"],"featured_image_src":null,"featured_image_src_square":null,"_links":{"self":[{"href":"https:\/\/flaxmanlaw.com\/es\/wp-json\/wp\/v2\/pages\/21653","targetHints":{"allow":["GET"]}}],"collection":[{"href":"https:\/\/flaxmanlaw.com\/es\/wp-json\/wp\/v2\/pages"}],"about":[{"href":"https:\/\/flaxmanlaw.com\/es\/wp-json\/wp\/v2\/types\/page"}],"author":[{"embeddable":true,"href":"https:\/\/flaxmanlaw.com\/es\/wp-json\/wp\/v2\/users\/2"}],"replies":[{"embeddable":true,"href":"https:\/\/flaxmanlaw.com\/es\/wp-json\/wp\/v2\/comments?post=21653"}],"version-history":[{"count":0,"href":"https:\/\/flaxmanlaw.com\/es\/wp-json\/wp\/v2\/pages\/21653\/revisions"}],"wp:attachment":[{"href":"https:\/\/flaxmanlaw.com\/es\/wp-json\/wp\/v2\/media?parent=21653"}],"curies":[{"name":"wp","href":"https:\/\/api.w.org\/{rel}","templated":true}]}}