{"id":21654,"date":"2024-11-21T13:12:44","date_gmt":"2024-11-21T13:12:44","guid":{"rendered":"https:\/\/flaxmanlaw.wpenginepowered.com\/lesiones-personales-en-coconut-creek\/"},"modified":"2024-11-21T13:12:44","modified_gmt":"2024-11-21T13:12:44","slug":"lesiones-personales-en-coconut-creek","status":"publish","type":"page","link":"https:\/\/flaxmanlaw.com\/es\/lesiones-personales-en-coconut-creek\/","title":{"rendered":"Lesiones personales en Coconut Creek"},"content":{"rendered":"<h1>Lesiones personales en Coconut Creek<\/h1>\n<div class=\"description\">\n<p>Coconut Creek, Florida, es una ciudad de Florida conocida como la Capital Mundial de las Mariposas, porque en ella se encuentra Butterfly World. Butterfly World es el mayor aviario de mariposas del mundo, con m\u00e1s de 5000 mariposas. Situada en el condado de Broward, Florida, Coconut Creek debe su nombre a los cocoteros que crecen en la comunidad. \u00c9stos fueron plantados por los primeros promotores inmobiliarios. Coconut Creek, una comunidad cuidadosamente planificada, est\u00e1 llena de jardines de mariposas, cursos de agua, espacios verdes, zonas arboladas, parques, parcelas ajardinadas y otras caracter\u00edsticas que hacen que la comunidad sea muy verde y respetuosa con el medio ambiente. Coconut Creek ha sido designada \u00abH\u00e1bitat Comunitario de Fauna Silvestre\u00bb gracias a sus esfuerzos medioambientales y sus espacios verdes. Incluso con una planificaci\u00f3n cuidadosa, Coconut Creek sigue sufriendo su cuota de lesiones personales. Si usted ha sufrido lesiones personales en Coconut Creek en un <a href=\"https:\/\/flaxmanlaw.com\/lawyer-attorney-1119800\">accidente automovil\u00edstico<\/a>, accidente <a href=\"https:\/\/flaxmanlaw.com\/lawyer-attorney-1121043\">por resbal\u00f3n y ca\u00edda<\/a>, o por alg\u00fan otro incidente, contacte de inmediato al Grupo Legal Flaxman. Podemos ofrecerle asistencia telef\u00f3nica inmediata y podemos reunirnos con usted para una consulta gratuita y sin compromiso para revisar con usted los detalles de su situaci\u00f3n y darle una asesor\u00eda m\u00e1s precisa. Si has sufrido lesiones personales en Coconut Creek, necesitas a los mejores a tu lado. El equipo jur\u00eddico del Grupo Legal Flaxman cuenta con d\u00e9cadas de experiencia en el entorno legal de Florida y ha ayudado exitosamente a miles de pacientes de lesiones personales en Florida y Coconut Creek. Con experiencia en docenas de \u00e1reas de pr\u00e1ctica y un historial probado de ayudar realmente a los clientes, el Grupo Legal Flaxman puede ser justo la firma legal de servicios integrales que usted necesita. Tenga en mente que sin la asesor\u00eda legal del <a href=\"https:\/\/flaxmanlaw.com\/lawyer-attorney-1118466\">Grupo Legal<\/a> Flaxman o de otra firma calificada, su caso de lesiones personales en Coconut Creek puede volverse m\u00e1s caro de lo que imagin\u00f3. Incluso los casos sencillos de lesiones personales pueden significar p\u00e9rdida de ingresos, altas facturas m\u00e9dicas y otros gastos. Sin el asesoramiento jur\u00eddico de un abogado con experiencia en Coconut Creek, puedes encontrarte pagando de tu bolsillo muchos de estos gastos. Un buen abogado puede ayudarte a negociar con los proveedores de seguros o puede ayudarte a presentar una demanda judicial, si re\u00fanes los requisitos, para que no tengas que pagar gastos adicionales de tu bolsillo. Por eso es tan importante contactar al Grupo Legal Flaxman si has sufrido una lesi\u00f3n en Coconut Creek. Coconut Creek, Florida, se localiza a unos 25 minutos manejando de las oficinas del Grupo Legal Flaxman en Hollywood. Para llegar a las oficinas desde Coconut Creek, conduce hacia el noreste por Portofino Point y gira a la izquierda en Wynmoor Cir. Gira a la derecha en Westgate Drive y luego a la izquierda en Lyons Road. Gira ligeramente a la izquierda en W Atlantic Boulevard y ligeramente a la derecha en la rampa S de la Florida (en direcci\u00f3n a Miami). Incorp\u00f3rate a la autopista Florida&#8217;s Turnpike\/Ronald Reagan Turnpike y toma la salida 49. \u00c9sta es la salida para FL-820\/Hollywood Boulevard hacia Pines Boulevard. Estas carreteras son de peaje. Gira a la derecha en FL-820 E\/Hollywood Boulevard y gira a la izquierda en FL-7 N. Gira a la derecha en Johnson Street.     <\/p>\n<p>        Las oficinas del Grupo Legal Flaxman estar\u00e1n a la izquierda, en el 5715 de la calle Johnson.<\/p>\n<\/div>\n","protected":false},"excerpt":{"rendered":"<p>Lesiones personales en Coconut Creek Coconut Creek, Florida, es una ciudad &#8230; <\/p>\n","protected":false},"author":2,"featured_media":0,"parent":0,"menu_order":0,"comment_status":"closed","ping_status":"closed","template":"template-practice-areas.php","meta":{"footnotes":""},"class_list":["post-21654","page","type-page","status-publish","hentry"],"featured_image_src":null,"featured_image_src_square":null,"_links":{"self":[{"href":"https:\/\/flaxmanlaw.com\/es\/wp-json\/wp\/v2\/pages\/21654","targetHints":{"allow":["GET"]}}],"collection":[{"href":"https:\/\/flaxmanlaw.com\/es\/wp-json\/wp\/v2\/pages"}],"about":[{"href":"https:\/\/flaxmanlaw.com\/es\/wp-json\/wp\/v2\/types\/page"}],"author":[{"embeddable":true,"href":"https:\/\/flaxmanlaw.com\/es\/wp-json\/wp\/v2\/users\/2"}],"replies":[{"embeddable":true,"href":"https:\/\/flaxmanlaw.com\/es\/wp-json\/wp\/v2\/comments?post=21654"}],"version-history":[{"count":0,"href":"https:\/\/flaxmanlaw.com\/es\/wp-json\/wp\/v2\/pages\/21654\/revisions"}],"wp:attachment":[{"href":"https:\/\/flaxmanlaw.com\/es\/wp-json\/wp\/v2\/media?parent=21654"}],"curies":[{"name":"wp","href":"https:\/\/api.w.org\/{rel}","templated":true}]}}