{"id":21655,"date":"2024-11-18T13:46:36","date_gmt":"2024-11-18T13:46:36","guid":{"rendered":"https:\/\/flaxmanlaw.wpenginepowered.com\/preguntas-frecuentes-sobre-la-muerte-accidental-abogados-de-lesiones-personales-de-hollywood-florida\/"},"modified":"2024-11-18T13:46:36","modified_gmt":"2024-11-18T13:46:36","slug":"preguntas-frecuentes-sobre-la-muerte-accidental-abogados-de-lesiones-personales-de-hollywood-florida","status":"publish","type":"page","link":"https:\/\/flaxmanlaw.com\/es\/preguntas-frecuentes-sobre-la-muerte-accidental-abogados-de-lesiones-personales-de-hollywood-florida\/","title":{"rendered":"Preguntas frecuentes sobre la muerte accidental | Abogados de lesiones personales de Hollywood, Florida"},"content":{"rendered":"<div class=\"bodytext\">\n<h2>Preguntas frecuentes sobre muerte accidental<\/h1><\/h2>\n<div class=\"description\">\n<p>El equipo jur\u00eddico del Grupo Legal Flaxman a veces llega a la vida de los clientes en momentos muy dif\u00edciles. Una de las llamadas m\u00e1s desafiantes que recibimos en nuestras oficinas de Hollywood, Miami y Homestead es la de familias que han perdido a un ser querido y tienen preguntas para un abogado de muerte accidental en Florida. Como sabemos que puede ser dif\u00edcil hacer esa llamada, hemos elaborado estas preguntas frecuentes, para ayudarte a comprender los aspectos b\u00e1sicos de una demanda por muerte accidental.  <\/p>\n<p>Si has perdido a alguien y est\u00e1s listo para hablar con un abogado, el compasivo equipo del Grupo Legal Flaxman est\u00e1 aqu\u00ed para ti. Llama al Grupo Legal Flaxman al 866-352-9626 para hablar con una persona en vivo 24\/7. O <a href=\"contacta con nosotros.html\">cont\u00e1ctanos en l\u00ednea<\/a> para programar una consulta. Ten la seguridad de que hablar\u00e1s con un equipo con m\u00e1s de 60 a\u00f1os de experiencia combinada. Por supuesto, la consulta inicial es gratuita. Nuestro objetivo es darte unas primeras respuestas.     <\/p>\n<ul class=\"no-spacing-list\" id=\"top-list\">\n<li><a href=\"muerte-accidental-faqs.html#reclamar\">\u00bfQu\u00e9 es una demanda por muerte accidental?<\/a><\/li>\n<li><a href=\"muerte-accidental-faqs.html#cuando\">\u00bfCu\u00e1ndo se producen las reclamaciones por muerte accidental?<\/a><\/li>\n<li><a href=\"muerte-accidental-faqs.html#archivo\">\u00bfQui\u00e9n puede presentar una demanda por muerte accidental?<\/a><\/li>\n<li><a href=\"muerte-accidental-faqs.html#accidental\">\u00bfPor qu\u00e9 presentar una Demanda por Muerte Accidental?<\/a><\/li>\n<li><a href=\"muerte-accidental-faqs.html#ahora\">\u00bfQu\u00e9 puedo hacer ahora?<\/a><\/li>\n<\/ul>\n<div itemscope=\"\" itemtype=\"https:\/\/schema.org\/FAQPage\">\n<div itemscope=\"\" itemprop=\"mainEntity\" itemtype=\"https:\/\/schema.org\/Question\"><strong class=\"heading4\" itemprop=\"name\" id=\"crime\">\u00bfQu\u00e9 es una demanda por muerte accidental?<\/strong><\/p>\n<div itemscope=\"\" itemprop=\"acceptedAnswer\" itemtype=\"https:\/\/schema.org\/Answer\">\n<div itemprop=\"text\">\n<p>La muerte de un ser querido siempre es dolorosa, pero puede ser m\u00e1s devastador darse cuenta de que la muerte era evitable. Las muertes accidentales causadas por la negligencia de alguien pueden dar lugar a una demanda por muerte accidental en Florida. Este tipo de <a href=\"preguntas frecuentes sobre lesiones personales.html\">demandas por lesiones personales<\/a> permiten a los familiares supervivientes solicitar una indemnizaci\u00f3n y exigir responsabilidades a los culpables.  <\/p>\n<\/div>\n<\/div>\n<p><a href=\"muerte-accidental-faqs.html#top-list\">Volver arriba<\/a><\/p>\n<\/div>\n<hr>\n<div itemscope=\"\" itemprop=\"mainEntity\" itemtype=\"https:\/\/schema.org\/Question\"><strong class=\"heading4\" itemprop=\"name\" id=\"when\">\u00bfCu\u00e1ndo se producen las reclamaciones por muerte accidental?<\/strong><\/p>\n<div itemscope=\"\" itemprop=\"acceptedAnswer\" itemtype=\"https:\/\/schema.org\/Answer\">\n<div itemprop=\"text\">\n<p>Las demandas por muerte accidental suelen producirse tras un accidente mortal:<\/p>\n<ul class=\"no-spacing-list\">\n<li>Accidentes de navegaci\u00f3n<\/li>\n<li>Accidentes de tr\u00e1fico<\/li>\n<li>Accidentes de cami\u00f3n<\/li>\n<li>Accidentes laborales<\/li>\n<li>Lesiones por resbalones y ca\u00eddas<\/li>\n<li>Lesiones deportivas<\/li>\n<li><a href=\"medicina-malpractica-faqs.html\">Incidentes de negligencia m\u00e9dica<\/a><\/li>\n<\/ul>\n<p>Siempre que muera alguien y la negligencia de alguien pueda haber causado la muerte, puedes tener derecho a reclamar. Por desgracia, a veces es dif\u00edcil saber si una negligencia caus\u00f3 una muerte. Por ejemplo, si se produce una muerte en un hospital, \u00bfc\u00f3mo puedes saber si el personal m\u00e9dico actu\u00f3 de forma razonable? Los abogados especializados en muertes accidentales trabajan con investigadores y peritos para investigar la causa de una muerte y construir un caso s\u00f3lido. Si no est\u00e1s seguro de si un ser querido muri\u00f3 accidentalmente o de si tienes una demanda, te invitamos a contactar con el Grupo Legal Flaxman para una consulta gratuita sobre accidentes y revisar tu situaci\u00f3n.    <\/p>\n<\/div>\n<\/div>\n<p><a href=\"muerte-accidental-faqs.html#top-list\">Volver arriba<\/a><\/p>\n<\/div>\n<hr>\n<div itemscope=\"\" itemprop=\"mainEntity\" itemtype=\"https:\/\/schema.org\/Question\"><strong class=\"heading4\" itemprop=\"name\" id=\"file\">\u00bfQui\u00e9n puede presentar una demanda por muerte accidental?<\/strong><\/p>\n<div itemscope=\"\" itemprop=\"acceptedAnswer\" itemtype=\"https:\/\/schema.org\/Answer\">\n<div itemprop=\"text\">\n<p>En Florida, s\u00f3lo determinadas personas pueden presentar una reclamaci\u00f3n por muerte accidental. Normalmente, se trata de un familiar directo de la persona fallecida. Los hijos de una persona fallecida pueden presentar una demanda, al igual que los c\u00f3nyuges, los familiares a cargo y los padres.  <\/p>\n<p>Florida s\u00f3lo permite que un representante personal de la sucesi\u00f3n de una persona presente una demanda por muerte accidental. Sin embargo, la indemnizaci\u00f3n se paga al patrimonio del fallecido, donde puede beneficiar a los dependientes y supervivientes. <\/p>\n<p>Si has perdido a un familiar directo y no est\u00e1s seguro de si tienes derecho a reclamar, tal vez quieras hablar con un abogado especializado en reclamaciones por lesiones debidas a muerte accidental en Florida para averiguarlo.<\/p>\n<\/div>\n<\/div>\n<p><a href=\"muerte-accidental-faqs.html#top-list\">Volver arriba<\/a><\/p>\n<\/div>\n<hr>\n<div itemscope=\"\" itemprop=\"mainEntity\" itemtype=\"https:\/\/schema.org\/Question\"><strong class=\"heading4\" itemprop=\"name\" id=\"accidental\">\u00bfPor qu\u00e9 presentar una Demanda por Muerte Accidental?<\/strong><\/p>\n<div itemscope=\"\" itemprop=\"acceptedAnswer\" itemtype=\"https:\/\/schema.org\/Answer\">\n<div itemprop=\"text\">\n<p>Presentar una demanda no te devolver\u00e1 a tu ser querido. Sin embargo, aunque sea doloroso pensar en el proceso legal en un momento as\u00ed, hay muchas razones para presentar una demanda por muerte accidental: <\/p>\n<ul>\n<li><strong>Los costes pueden ser considerables.<\/strong>  Una demanda por muerte accidental te permite solicitar una indemnizaci\u00f3n por las facturas m\u00e9dicas finales, los gastos funerarios y otros gastos. Tambi\u00e9n puedes solicitar una indemnizaci\u00f3n por el dolor y el sufrimiento. Los gastos funerarios medios pueden ascender f\u00e1cilmente a m\u00e1s de 10.000 d\u00f3lares, y las facturas m\u00e9dicas finales pueden ser varias veces superiores. Pagar estos gastos en un momento de duelo puede ser devastador, y obtener ayuda econ\u00f3mica te garantiza que podr\u00e1s centrarte en tu familia y en tu curaci\u00f3n, y no en las facturas. Con una indemnizaci\u00f3n, tambi\u00e9n podr\u00e1s pagar un funeral digno y otros gastos, como terapia o asesoramiento para ayudarte a curarte.    <\/li>\n<li><strong>Puedes estar perdiendo la contribuci\u00f3n de alguien a tu hogar.<\/strong>  La persona que has perdido puede haber sido una fuente de ingresos en tu hogar, o incluso la principal fuente de ingresos. En un momento de duelo y angustia emocional, puede que de repente tambi\u00e9n tengas dificultades para pagar las facturas. Pedir una indemnizaci\u00f3n por muerte accidental puede ayudarte a tener tiempo para reagruparte y empezar a reconstruir tu vida tras una p\u00e9rdida devastadora. Sin pedir indemnizaci\u00f3n, puedes acabar pasando apuros o, en algunos casos, enfrentarte a la quiebra o la ejecuci\u00f3n hipotecaria. Nuestro equipo jur\u00eddico ha visto c\u00f3mo ocurr\u00eda a menudo.    <\/li>\n<li><strong>Quieres pensar en el futuro.<\/strong>  Si la persona que has perdido tiene hijos o personas a su cargo, \u00bfqu\u00e9 ocurrir\u00e1 con ellos? Es posible que la persona que ha fallecido no pueda contribuir a sufragar futuros gastos universitarios u otras ayudas. Sin embargo, una demanda por muerte accidental puede ayudarte a buscar una indemnizaci\u00f3n para que puedas ayudar a los hijos y otras personas a tu cargo en el futuro. Es posible que puedas invertir el dinero del acuerdo de veredicto para su futuro.   <\/li>\n<li><strong>Puede que quieras responsabilizar a alguien.<\/strong>  Si alguien ha causado la muerte de tu ser querido, quiz\u00e1 quieras exigirle responsabilidades. Presentar una demanda por muerte accidental te permite buscar justicia, aunque nunca se presenten cargos penales contra la persona o empresa que caus\u00f3 las lesiones y el fallecimiento. <\/li>\n<li><strong>Quiz\u00e1 quieras evitar m\u00e1s muertes.<\/strong>  El dinero puede ser una poderosa motivaci\u00f3n. Si una empresa u otra parte es declarada responsable de las lesiones y tiene que pagarte una indemnizaci\u00f3n en una demanda por muerte accidental, a menudo har\u00e1 cambios en la seguridad. Quieren evitar m\u00e1s responsabilidades. Estos cambios tambi\u00e9n pueden ayudar a evitar lesiones o muertes a otras personas. En un momento en que t\u00fa y tu familia est\u00e1is de duelo, puede ser un peque\u00f1o resquicio de esperanza descubrir que la muerte de tu ser querido puede contribuir a la seguridad de los dem\u00e1s. Para algunas familias, estos cambios forman parte del legado de un ser querido, y esto puede ser un pensamiento reconfortante en un momento muy dif\u00edcil.     <\/li>\n<\/ul>\n<\/div>\n<\/div>\n<p><a href=\"muerte-accidental-faqs.html#top-list\">Volver arriba<\/a><\/p>\n<\/div>\n<hr>\n<div itemscope=\"\" itemprop=\"mainEntity\" itemtype=\"https:\/\/schema.org\/Question\"><strong class=\"heading4\" itemprop=\"name\" id=\"now\">\u00bfQu\u00e9 puedo hacer ahora?<\/strong><\/p>\n<div itemscope=\"\" itemprop=\"acceptedAnswer\" itemtype=\"https:\/\/schema.org\/Answer\">\n<div itemprop=\"text\">\n<p>Si has perdido a un ser querido y puedes tener una demanda, <strong>llama al Grupo Legal Flaxman al 866-352-9626 para hablar con una persona en vivo 24\/7 y programar una consulta gratuita sobre accidentes<\/strong>. Tambi\u00e9n puedes <a href=\"contacta con nosotros.html\">contactarnos en l\u00ednea<\/a> para programar tu consulta. Puedes reunirte con nosotros en nuestras oficinas de Hollywood, Homestead, o Miami, o podemos programar una conferencia virtual. Incluso podemos desplazarnos a tu habitaci\u00f3n del hospital, a tu casa o a tu lugar de trabajo.   <\/p>\n<\/div>\n<\/div>\n<p><a href=\"muerte-accidental-faqs.html#top-list\">Volver arriba<\/a><\/p>\n<\/div>\n<\/div><\/div>\n<\/p><\/div>\n","protected":false},"excerpt":{"rendered":"<p>Sin honorarios a menos que ganemos. Llama al 866-352-9626 para una &#8230; <\/p>\n","protected":false},"author":3,"featured_media":0,"parent":0,"menu_order":0,"comment_status":"closed","ping_status":"closed","template":"template-practice-areas.php","meta":{"footnotes":""},"class_list":["post-21655","page","type-page","status-publish","hentry"],"featured_image_src":null,"featured_image_src_square":null,"_links":{"self":[{"href":"https:\/\/flaxmanlaw.com\/es\/wp-json\/wp\/v2\/pages\/21655","targetHints":{"allow":["GET"]}}],"collection":[{"href":"https:\/\/flaxmanlaw.com\/es\/wp-json\/wp\/v2\/pages"}],"about":[{"href":"https:\/\/flaxmanlaw.com\/es\/wp-json\/wp\/v2\/types\/page"}],"author":[{"embeddable":true,"href":"https:\/\/flaxmanlaw.com\/es\/wp-json\/wp\/v2\/users\/3"}],"replies":[{"embeddable":true,"href":"https:\/\/flaxmanlaw.com\/es\/wp-json\/wp\/v2\/comments?post=21655"}],"version-history":[{"count":0,"href":"https:\/\/flaxmanlaw.com\/es\/wp-json\/wp\/v2\/pages\/21655\/revisions"}],"wp:attachment":[{"href":"https:\/\/flaxmanlaw.com\/es\/wp-json\/wp\/v2\/media?parent=21655"}],"curies":[{"name":"wp","href":"https:\/\/api.w.org\/{rel}","templated":true}]}}