{"id":21656,"date":"2024-11-21T13:15:35","date_gmt":"2024-11-21T13:15:35","guid":{"rendered":"https:\/\/flaxmanlaw.wpenginepowered.com\/lesiones-personales-en-cooper-city\/"},"modified":"2025-09-12T15:08:41","modified_gmt":"2025-09-12T15:08:41","slug":"lesiones-personales-en-cooper-city","status":"publish","type":"page","link":"https:\/\/flaxmanlaw.com\/es\/lesiones-personales-en-cooper-city\/","title":{"rendered":"Lesiones personales en Cooper City"},"content":{"rendered":"<h2>Lesiones personales en Cooper City<\/h2>\n<div class=\"description\">\n<p><a href=\"https:\/\/flaxmanlaw.com\/cooper-city-personal-injury\/\">Cooper City<\/a>, Florida, ha experimentado nuevos proyectos de construcci\u00f3n en los \u00faltimos a\u00f1os. La ciudad tiene la reputaci\u00f3n de contar con grandes parques y un muy buen sistema escolar. El Grupo Legal Flaxman se enorgullece de servir a los residentes de Cooper City y \u00e1reas circunvecinas. Si alguna vez necesita un abogado de lesiones personales en Cooper City despu\u00e9s de sufrir lesiones graves en un accidente laboral, choque de tr\u00e1fico, o cualquier otro incidente, contacte al Grupo Legal Flaxman para una consulta gratuita de su caso. <strong class=\"heading4\">M\u00e1s Sobre Cooper City, FloridaCooper<\/strong>City, Florida fue fundada en 1959 por Morris Cooper. Hoy en d\u00eda, es una comunidad vibrante y diversa en el Condado de Broward, Florida. Cooper City se considera una comunidad muy familiar; la revista Family Circle la ha nombrado una de las mejores ciudades para las familias. Como los residentes de todas las comunidades del pa\u00eds, los habitantes de Cooper City sufren lesiones cada a\u00f1o en incidentes imprevistos. Las demandas por lesiones m\u00e1s frecuentes en esta zona proceden de:<\/p>\n<ul class=\"no-spacing-list\">\n<li>Accidentes de tr\u00e1fico<\/li>\n<li>Lesiones en piscinas<\/li>\n<li>Lesiones recreativas y deportivas<\/li>\n<li>Productos inseguros<\/li>\n<li>Otros incidentes<\/li>\n<\/ul>\n<p>Por desgracia, si has sufrido una <a href=\"https:\/\/flaxmanlaw.com\/personal-injury\">lesi\u00f3n<\/a> personal en Cooper City, toda la impresionante belleza natural y las comodidades de la ciudad pueden no suponer ninguna diferencia. Es posible que tengas que hacer frente a elevados gastos m\u00e9dicos, p\u00e9rdida de ingresos, dolor y otros problemas tras tu lesi\u00f3n. Muchos pacientes de lesiones personales en Cooper City tambi\u00e9n se sorprenden al descubrir que las primas de seguro que tan diligentemente pagan no siempre cubren todos los costes de su lesi\u00f3n. Por esta raz\u00f3n, si te has visto involucrado en un accidente automovil\u00edstico en Cooper City o has sufrido lesiones de alguna otra forma, es importante que contactes r\u00e1pidamente al equipo legal del Grupo Legal Flaxman. Nuestro equipo puede revisar cualquier opci\u00f3n que puedas tener para buscar una compensaci\u00f3n.<\/p>\n<p><strong class=\"heading4\">\u00bfPor qu\u00e9 elegir al Grupo Legal Flaxman?<\/strong>El equipo jur\u00eddico del Grupo Legal Flaxman cuenta con una extensa experiencia en casos de lesiones personales en Cooper City y puede ayudar a asesorarte sobre tus derechos. Tambi\u00e9n podemos investigar tu accidente, negociar tu demanda con tu aseguradora, e incluso levantar una demanda legal en tu nombre si eso es lo que decides hacer. Todo comienza con una llamada al Grupo Legal Flaxman y una <a href=\"https:\/\/flaxmanlaw.com\/contact-us\">consulta inicial gratuita<\/a> para hablar sobre tu caso. El equipo jur\u00eddico del <a href=\"https:\/\/flaxmanlaw.com\/about-us\">Grupo<\/a> Legal Flaxman cuenta con m\u00e1s de seis d\u00e9cadas de experiencia en docenas de \u00e1reas de pr\u00e1ctica. Nuestro equipo jur\u00eddico ha trabajado con pacientes de lesiones en la m\u00e9dula espinal, con pacientes de lesiones por quemaduras en Florida, y con muchos otros tipos de pacientes. La experiencia del Grupo Legal Flaxman garantiza que usted obtenga asesor\u00eda legal de calidad y ayuda cuando m\u00e1s la necesite. El equipo jur\u00eddico del Grupo Legal Flaxman se enorgullece de servir a Cooper City y \u00e1reas circunvecinas, as\u00ed que si usted necesita un abogado de lesiones personales en Cooper City, contacte de inmediato al Grupo Legal Flaxman. Cooper City, Florida, est\u00e1 a s\u00f3lo unos catorce minutos manejando desde las oficinas en Hollywood del Grupo Legal Flaxman. Para llegar a nuestras oficinas, conduzca hacia el noreste por SW 51st Street y doble a la derecha en SW 90th Avenue. Gira a la izquierda en FL-848 E\/Stirling Road. Gira a la derecha en FL-7 S\/US-441 S y gira a la izquierda en Johnson Street.<\/p>\n<p>Las oficinas del Grupo Legal Flaxman estar\u00e1n a la izquierda, en el 5715 de la calle Johnson.<\/p>\n<\/div>\n","protected":false},"excerpt":{"rendered":"<p>Lesiones personales en Cooper City Cooper City, Florida, ha experimentado nuevos &#8230; <\/p>\n","protected":false},"author":2,"featured_media":0,"parent":0,"menu_order":0,"comment_status":"closed","ping_status":"closed","template":"template-practice-areas.php","meta":{"footnotes":""},"class_list":["post-21656","page","type-page","status-publish","hentry"],"featured_image_src":null,"featured_image_src_square":null,"_links":{"self":[{"href":"https:\/\/flaxmanlaw.com\/es\/wp-json\/wp\/v2\/pages\/21656","targetHints":{"allow":["GET"]}}],"collection":[{"href":"https:\/\/flaxmanlaw.com\/es\/wp-json\/wp\/v2\/pages"}],"about":[{"href":"https:\/\/flaxmanlaw.com\/es\/wp-json\/wp\/v2\/types\/page"}],"author":[{"embeddable":true,"href":"https:\/\/flaxmanlaw.com\/es\/wp-json\/wp\/v2\/users\/2"}],"replies":[{"embeddable":true,"href":"https:\/\/flaxmanlaw.com\/es\/wp-json\/wp\/v2\/comments?post=21656"}],"version-history":[{"count":0,"href":"https:\/\/flaxmanlaw.com\/es\/wp-json\/wp\/v2\/pages\/21656\/revisions"}],"wp:attachment":[{"href":"https:\/\/flaxmanlaw.com\/es\/wp-json\/wp\/v2\/media?parent=21656"}],"curies":[{"name":"wp","href":"https:\/\/api.w.org\/{rel}","templated":true}]}}