{"id":21657,"date":"2024-11-18T14:00:52","date_gmt":"2024-11-18T14:00:52","guid":{"rendered":"https:\/\/flaxmanlaw.wpenginepowered.com\/5-grandes-errores-que-la-gente-comete-despues-de-un-accidente-de-coche-hollywood-florida-auto-injury-lawyers\/"},"modified":"2025-05-06T09:28:26","modified_gmt":"2025-05-06T09:28:26","slug":"5-grandes-errores-que-la-gente-comete-despues-de-un-accidente-de-coche-hollywood-florida-auto-injury-lawyers","status":"publish","type":"page","link":"https:\/\/flaxmanlaw.com\/es\/5-grandes-errores-que-la-gente-comete-despues-de-un-accidente-de-coche-hollywood-florida-auto-injury-lawyers\/","title":{"rendered":"5 Errores Comunes Tras un Accidente de Coche"},"content":{"rendered":"<div class=\"bodytext\">\n<h2>Los 5 mayores errores que comete la gente tras un accidente de tr\u00e1fico<\/h2>\n<div class=\"description\">\n<p><strong> 1. Failing to Report the Accident to the Police and to the Insurance Company <\/strong><\/p>\n<p><strong>2. No documentar tus lesiones ante la polic\u00eda, los servicios de rescate y la compa\u00f1\u00eda de seguros<\/strong><\/p>\n<p><strong>3. No acudir al m\u00e9dico para documentar tus lesiones<\/strong><\/p>\n<p><strong>4. Hacer una declaraci\u00f3n firmada o grabada a tu propia compa\u00f1\u00eda de seguros sin obtener primero asesoramiento jur\u00eddico<\/strong><\/p>\n<p><strong>5. Hacer una declaraci\u00f3n firmada o grabada a la compa\u00f1\u00eda de seguros de la otra persona sin obtener antes asesoramiento jur\u00eddico.<\/strong><\/p>\n<p>Cuando los clientes acuden al Grupo Legal Flaxman despu\u00e9s de un accidente automovil\u00edstico, a menudo explican el miedo que sintieron durante su colisi\u00f3n. Es t\u00edpico que la gente entre en p\u00e1nico. De hecho, los choques automovil\u00edsticos son una de las <a href=\"https:\/\/www.verywellmind.com\/risk-factors-for-ptsd-following-a-traffic-accident-2797197\" target=\"_blank\" rel=\"noopener\">principales causas de TEPT<\/a> (trastorno de estr\u00e9s postraum\u00e1tico) para la mayor\u00eda de las personas. La angustia de una colisi\u00f3n grave puede llevar a cometer errores tras un accidente, pero estos errores pueden dar lugar a una indemnizaci\u00f3n menor de la que mereces. Si conduces por las calles de Hollywood, Miami o Florida, querr\u00e1s evitar estos cinco errores principales tras un accidente de coche:<\/p>\n<p><strong class=\"heading4\">1. No informar del accidente a la polic\u00eda y a la compa\u00f1\u00eda de seguros<\/strong><\/p>\n<p>Si sospechas que se ha cometido un delito, es importante que informes del accidente a la polic\u00eda. Aunque no creas que se haya cometido un delito, llamar a la polic\u00eda garantiza que \u00e9sta tenga tu versi\u00f3n de los hechos. Desgraciadamente, ha habido casos en que un conductor no denunci\u00f3 un accidente y el otro le acus\u00f3 de <a href=\"accidente con fuga en coral-springs.html\">atropello con fuga<\/a> u otra actividad ilegal, con las consiguientes demandas y graves problemas legales. Puedes evitarlo denunciando el accidente. Informar de tu accidente tambi\u00e9n te proporciona un informe policial, que es importante a efectos del seguro.<\/p>\n<p>Tambi\u00e9n es importante que te pongas en contacto con tu compa\u00f1\u00eda de seguros poco despu\u00e9s del accidente para informar de \u00e9l. No hacerlo puede significar que rechacen tu reclamaci\u00f3n al seguro. No informar de un accidente tambi\u00e9n puede ir en contra de las condiciones de tu p\u00f3liza, lo que puede permitir a la aseguradora anularla, dej\u00e1ndote sin cobertura.<\/p>\n<p><strong class=\"heading4\">2. No documentar tus lesiones <\/strong><\/p>\n<p>Tras un accidente, es importante anotar lo que recuerdes y hacer varias fotos del lugar, incluida la zona circundante. Consigue los datos del seguro del otro conductor y la informaci\u00f3n de contacto de los testigos, si puedes. Tener esta documentaci\u00f3n a mano y poder compartirla con la polic\u00eda y las aseguradoras puede ayudar a la investigaci\u00f3n y puede garantizar que no te culpen de causar un accidente que no fue culpa tuya.<\/p>\n<p><strong class=\"heading4\">3. No acudir al m\u00e9dico para documentar tus lesiones<\/strong><\/p>\n<p>Aunque creas que has tenido la suerte de salir de un accidente sin lesiones graves, es importante que acudas al m\u00e9dico lo antes posible. Es posible que hayas sufrido una lesi\u00f3n grave, como latigazo cervical o <a href=\"coral-gables-lesion-cabeza.html\">traumatismo cerebral<\/a>, y que a\u00fan no tengas s\u00edntomas. Un m\u00e9dico puede ayudarte a recibir tratamiento r\u00e1pidamente.<\/p>\n<p>Tu m\u00e9dico tambi\u00e9n puede evaluar y documentar tus lesiones, para que tengas pruebas de que has sufrido lesiones en la colisi\u00f3n automovil\u00edstica.<\/p>\n<p><strong class=\"heading4\">4. Hacer una declaraci\u00f3n firmada o grabada a tu propia compa\u00f1\u00eda de seguros sin obtener antes asesoramiento jur\u00eddico <\/strong><\/p>\n<p>Por supuesto, esperas que tu propia compa\u00f1\u00eda de seguros est\u00e9 de tu parte. Sin embargo, debes recordar que las compa\u00f1\u00edas de seguros est\u00e1n comprometidas a servir a sus accionistas, no a ti. Cuanto m\u00e1s r\u00e1pido y barato resuelvan los siniestros, m\u00e1s contentos estar\u00e1n sus accionistas. Un abogado representa tus intereses y puede trabajar para que tu aseguradora act\u00fae de buena fe.<\/p>\n<p><strong class=\"heading4\">5. Hacer una declaraci\u00f3n firmada o grabada a la compa\u00f1\u00eda de seguros de la otra persona sin obtener primero asesoramiento jur\u00eddico.<\/strong><\/p>\n<p>La compa\u00f1\u00eda de seguros de la otra parte tiene un incentivo econ\u00f3mico para pagarte lo menos posible. Hablar primero con un abogado significa que \u00e9ste puede representarte y velar por tus intereses, para que no digas algo completamente inocente que pueda ser utilizado en tu contra para pagarte menos de lo que mereces.<\/p>\n<p>\u00bfNecesitas ayuda despu\u00e9s de un accidente de coche? Ya sea que hayas cometido un error inicial o no, contacta al Grupo Legal Flaxman para una consulta gratuita y sin compromiso de tu caso. Estamos aqu\u00ed para ayudar a quienes han resultado lesionados sin tener la culpa.<\/p>\n<\/div>\n<\/div>\n","protected":false},"excerpt":{"rendered":"<p>Sin honorarios a menos que ganemos. Llama al 866-352-9626 para una &#8230; <\/p>\n","protected":false},"author":3,"featured_media":0,"parent":0,"menu_order":0,"comment_status":"closed","ping_status":"closed","template":"","meta":{"footnotes":""},"class_list":["post-21657","page","type-page","status-publish","hentry"],"featured_image_src":null,"featured_image_src_square":null,"_links":{"self":[{"href":"https:\/\/flaxmanlaw.com\/es\/wp-json\/wp\/v2\/pages\/21657","targetHints":{"allow":["GET"]}}],"collection":[{"href":"https:\/\/flaxmanlaw.com\/es\/wp-json\/wp\/v2\/pages"}],"about":[{"href":"https:\/\/flaxmanlaw.com\/es\/wp-json\/wp\/v2\/types\/page"}],"author":[{"embeddable":true,"href":"https:\/\/flaxmanlaw.com\/es\/wp-json\/wp\/v2\/users\/3"}],"replies":[{"embeddable":true,"href":"https:\/\/flaxmanlaw.com\/es\/wp-json\/wp\/v2\/comments?post=21657"}],"version-history":[{"count":0,"href":"https:\/\/flaxmanlaw.com\/es\/wp-json\/wp\/v2\/pages\/21657\/revisions"}],"wp:attachment":[{"href":"https:\/\/flaxmanlaw.com\/es\/wp-json\/wp\/v2\/media?parent=21657"}],"curies":[{"name":"wp","href":"https:\/\/api.w.org\/{rel}","templated":true}]}}