{"id":21659,"date":"2024-11-21T13:16:32","date_gmt":"2024-11-21T13:16:32","guid":{"rendered":"https:\/\/flaxmanlaw.wpenginepowered.com\/coral-springs-lesiones-personales\/"},"modified":"2025-02-05T11:36:47","modified_gmt":"2025-02-05T11:36:47","slug":"coral-springs-lesiones-personales","status":"publish","type":"page","link":"https:\/\/flaxmanlaw.com\/es\/coral-springs-lesiones-personales\/","title":{"rendered":"Coral Springs Lesiones Personales"},"content":{"rendered":"<h2>Coral Springs Lesiones Personales<\/h2>\n<div class=\"description\">\n<p>Coral Springs, Florida, es una comunidad planificada situada en el condado de Broward, Florida. Coral Springs tiene ordenanzas y c\u00f3digos estrictos, algo a lo que los propietarios atribuyen el mantenimiento del bajo \u00edndice de delincuencia, el alto nivel de vida y el ambiente familiar por el que es conocida la ciudad. La ciudad ocupa habitualmente los primeros puestos en las listas de los medios de comunicaci\u00f3n sobre los mejores lugares para vivir y los m\u00e1s seguros de EE.UU. Coral Springs alberga el Centro de las Artes de Coral Springs, el Museo de Arte de Coral Springs y el Puente Cubierto. La ciudad acoge varios acontecimientos especiales cada a\u00f1o, que atraen tanto a residentes como a visitantes: El Festival \u00abNuestra Ciudad\u00bb, un desfile de Navidad, la \u00abFiesta Coral Springs\u00bb y el Festival de las Artes. Aunque Coral Springs se considera un lugar muy seguro para vivir, los accidentes y las lesiones pueden ocurrir en cualquier parte. Si sufres un <a href=\"https:\/\/flaxmanlaw.com\/lawyer-attorney-1119800\">accidente de coche<\/a> en Coral Springs o sufres una lesi\u00f3n, es importante que contactes enseguida con un abogado cualificado en lesiones personales de Coral Springs. El equipo jur\u00eddico del Grupo Legal Flaxman, por ejemplo, tiene d\u00e9cadas de experiencia en el manejo de casos de lesiones personales e incluso ofrece una <a href=\"https:\/\/flaxmanlaw.com\/lawyer-attorney-1118456\">consulta inicial gratuita y sin compromiso<\/a> si s\u00f3lo necesitas ayuda inicial. Hay muchas cosas que el equipo jur\u00eddico del Grupo Legal Flaxman puede hacer por usted si ha sufrido un accidente. Un buen abogado de lesiones personales en Coral Springs puede investigar su accidente o lesi\u00f3n, puede revisar los documentos y la cantidad de la demanda ofrecida por su aseguradora, puede ayudar a determinar la responsabilidad, y puede ayudar a negociar con su aseguradora. Y lo que es m\u00e1s importante, un buen abogado de lesiones personales de Coral Springs puede ayudarte a comprender tus derechos y opciones para que puedas tomar una decisi\u00f3n informada que pueda salvaguardar tus derechos y tu futuro. Si decides emprender una acci\u00f3n legal como resultado de tus lesiones, un buen abogado de lesiones personales en Coral Springs puede ayudarte a representarte ante los tribunales. El equipo jur\u00eddico del <a href=\"https:\/\/flaxmanlaw.com\/lawyer-attorney-1118466\">Grupo Legal Flaxman<\/a> cuenta con d\u00e9cadas de experiencia en el manejo de demandas por lesiones personales en Coral Springs y \u00e1reas circunvecinas. Nuestro compasivo y experimentado equipo ha ayudado exitosamente a miles de v\u00edctimas a recibir la ayuda que necesitan para pagar sus cuentas m\u00e9dicas, ingresos perdidos, y otros gastos. Con experiencia en juicios, as\u00ed como en negociaciones, el equipo del Grupo Legal Flaxman puede ayudarte. Adem\u00e1s, Charles Flaxman, del Grupo Legal Flaxman, cuenta con m\u00e1s de una d\u00e9cada de experiencia en la industria aseguradora. Ya que ha visto a la industria aseguradora desde ambos lados, tiene una habilidad \u00fanica para negociar exitosamente a favor de los clientes. Coral Springs, Florida, se localiza a media hora manejando de las oficinas en Hollywood del Grupo Legal Flaxman. Para llegar a las oficinas, conduce hacia el noreste por NW 108th Drive y gira a la derecha en NW 34th Street\/W Sample Road. Gira otra vez a la derecha en Coral Springs Drive y luego a la izquierda en W Atlantic Boulevard. Gira ligeramente a la derecha en la rampa S de la autopista Florida Turnpike en direcci\u00f3n a Miami. Incorp\u00f3rate a la autopista Florida&#8217;s Turnpike\/Ronald Reagan Turnpike y toma la salida 49 hacia FL-820\/Hollywood Boulevard. Gira a la derecha en FL-820 E\/Hollywood Boulevard y a la izquierda en FL-7 N. Gira a la derecha en Johnson Street; las oficinas del Grupo Legal Flaxman est\u00e1n a la izquierda, en el 5715 de Johnson Street.<\/p>\n<p>El equipo jur\u00eddico del Grupo Legal Flaxman tambi\u00e9n se complace en ir a visitarte a tu casa, oficina o habitaci\u00f3n de hospital, si as\u00ed lo prefieres.<\/p>\n<\/div>\n","protected":false},"excerpt":{"rendered":"<p>Coral Springs Lesiones Personales Coral Springs, Florida, es una comunidad planificada &#8230; <\/p>\n","protected":false},"author":2,"featured_media":0,"parent":0,"menu_order":0,"comment_status":"closed","ping_status":"closed","template":"template-practice-areas.php","meta":{"footnotes":""},"class_list":["post-21659","page","type-page","status-publish","hentry"],"featured_image_src":null,"featured_image_src_square":null,"_links":{"self":[{"href":"https:\/\/flaxmanlaw.com\/es\/wp-json\/wp\/v2\/pages\/21659","targetHints":{"allow":["GET"]}}],"collection":[{"href":"https:\/\/flaxmanlaw.com\/es\/wp-json\/wp\/v2\/pages"}],"about":[{"href":"https:\/\/flaxmanlaw.com\/es\/wp-json\/wp\/v2\/types\/page"}],"author":[{"embeddable":true,"href":"https:\/\/flaxmanlaw.com\/es\/wp-json\/wp\/v2\/users\/2"}],"replies":[{"embeddable":true,"href":"https:\/\/flaxmanlaw.com\/es\/wp-json\/wp\/v2\/comments?post=21659"}],"version-history":[{"count":0,"href":"https:\/\/flaxmanlaw.com\/es\/wp-json\/wp\/v2\/pages\/21659\/revisions"}],"wp:attachment":[{"href":"https:\/\/flaxmanlaw.com\/es\/wp-json\/wp\/v2\/media?parent=21659"}],"curies":[{"name":"wp","href":"https:\/\/api.w.org\/{rel}","templated":true}]}}