{"id":21660,"date":"2024-11-21T13:39:03","date_gmt":"2024-11-21T13:39:03","guid":{"rendered":"https:\/\/flaxmanlaw.wpenginepowered.com\/lesiones-personales-en-hallandale-beach\/"},"modified":"2025-02-05T14:12:10","modified_gmt":"2025-02-05T14:12:10","slug":"lesiones-personales-en-hallandale-beach","status":"publish","type":"page","link":"https:\/\/flaxmanlaw.com\/es\/lesiones-personales-en-hallandale-beach\/","title":{"rendered":"Lesiones personales en Hallandale Beach"},"content":{"rendered":"<h2>Lesiones personales en Hallandale Beach<\/h2>\n<div class=\"description\">\n<p>Hallandale Beach es una ciudad moderna que ofrece muchas playas y oportunidades para ir de compras y de compras. La ciudad alberga puertos a\u00e9reos y mar\u00edtimos y es famosa por el hip\u00f3dromo de carreras de galgos Mardi Gras Casino. Situada en el condado de Broward, Florida, Hallandale Beach debe su nombre a un trabajador del Ferrocarril de la Costa Este de Florida, Luther Halland. Hallandale Beach es un lugar tan agradable para vivir y visitar que atrae a muchos turistas, sobre todo de Canad\u00e1 y el noreste de EEUU. Muchos de estos turistas optan finalmente por jubilarse en Hallandale Beach. Hallandale Beach tambi\u00e9n cuenta con un gran distrito financiero. El equipo jur\u00eddico del Grupo Legal Flaxman se enorgullece de servir a Hallandale Beach y sus alrededores. Si usted necesita un abogado calificado en lesiones personales en Hallandale Beach, contacte al Grupo Legal Flaxman para una <a href=\"https:\/\/flaxmanlaw.com\/lawyer-attorney-1118456\">consulta gratuita y sin compromiso<\/a>. Con una representaci\u00f3n experimentada y minuciosa, el Grupo Legal Flaxman puede ofrecerle el apoyo legal que usted necesita al enfrentar el reto legal y financiero de sus lesiones. Nuestra firma de servicios integrales est\u00e1 dedicada a tus necesidades legales. De hecho, usted puede contactar al Grupo Legal Flaxman las 24 horas del d\u00eda, los siete d\u00edas de la semana, para recibir asistencia y asesor\u00eda inmediatas o para programar una consulta inicial gratuita. Cuando necesite un abogado de lesiones personales en Hallandale Beach experimentado y dedicado, conf\u00ede en el Grupo Legal Flaxman. El experimentado equipo jur\u00eddico del <a href=\"https:\/\/flaxmanlaw.com\/lawyer-attorney-1118466\">Grupo Legal<\/a> Flaxman ha ayudado exitosamente a miles de pacientes de lesiones personales en Hallandale Beach y en todo Florida. Tenemos experiencia en juicios y en casos de accidentes automovil\u00edsticos, casos de compensaci\u00f3n al trabajador, y casi todo tipo de casos de lesiones personales en Hallandale Beach. Nuestra firma de servicios integrales tiene la experiencia en juicios y en negociaciones para ayudar a los clientes, as\u00ed que llame hoy mismo al Grupo Legal Flaxman para hablar sobre su caso. Hallandale Beach, Florida, se localiza a menos de quince minutos de las oficinas en Hollywood del Grupo Legal Flaxman. Para hacer el viaje, conduce hacia el este por E Hallandale Beach Boulevard y da una vuelta en U para girar a la derecha en FL-7 N. Gira a la derecha en Johnson Street; las oficinas del Grupo Legal Flaxman est\u00e1n en el n\u00famero c\u00edvico 5715 de esa calle. El compasivo equipo legal del Grupo Legal Flaxman tambi\u00e9n puede visitar tu casa, tu lugar de trabajo, o tu habitaci\u00f3n de hospital, si lo prefieres. Simplemente llama para concertar una cita en el lugar de tu elecci\u00f3n.<\/p>\n<\/div>\n","protected":false},"excerpt":{"rendered":"<p>Lesiones personales en Hallandale Beach Hallandale Beach es una ciudad moderna &#8230; <\/p>\n","protected":false},"author":2,"featured_media":0,"parent":0,"menu_order":0,"comment_status":"closed","ping_status":"closed","template":"template-practice-areas.php","meta":{"footnotes":""},"class_list":["post-21660","page","type-page","status-publish","hentry"],"featured_image_src":null,"featured_image_src_square":null,"_links":{"self":[{"href":"https:\/\/flaxmanlaw.com\/es\/wp-json\/wp\/v2\/pages\/21660","targetHints":{"allow":["GET"]}}],"collection":[{"href":"https:\/\/flaxmanlaw.com\/es\/wp-json\/wp\/v2\/pages"}],"about":[{"href":"https:\/\/flaxmanlaw.com\/es\/wp-json\/wp\/v2\/types\/page"}],"author":[{"embeddable":true,"href":"https:\/\/flaxmanlaw.com\/es\/wp-json\/wp\/v2\/users\/2"}],"replies":[{"embeddable":true,"href":"https:\/\/flaxmanlaw.com\/es\/wp-json\/wp\/v2\/comments?post=21660"}],"version-history":[{"count":0,"href":"https:\/\/flaxmanlaw.com\/es\/wp-json\/wp\/v2\/pages\/21660\/revisions"}],"wp:attachment":[{"href":"https:\/\/flaxmanlaw.com\/es\/wp-json\/wp\/v2\/media?parent=21660"}],"curies":[{"name":"wp","href":"https:\/\/api.w.org\/{rel}","templated":true}]}}