{"id":21661,"date":"2024-11-21T13:18:08","date_gmt":"2024-11-21T13:18:08","guid":{"rendered":"https:\/\/flaxmanlaw.wpenginepowered.com\/dania-beach-lesiones-personales\/"},"modified":"2025-02-05T14:38:39","modified_gmt":"2025-02-05T14:38:39","slug":"dania-beach-lesiones-personales","status":"publish","type":"page","link":"https:\/\/flaxmanlaw.com\/es\/dania-beach-lesiones-personales\/","title":{"rendered":"Dania Beach Lesiones Personales"},"content":{"rendered":"<h2>Dania Beach Lesiones Personales<\/h2>\n<div class=\"description\">\n<p>Dania Beach, Florida, en el condado de Broward, es un lugar maravilloso para visitar o vivir. Kil\u00f3metros de playas y barrios maravillosos hacen de este lugar el hogar so\u00f1ado para muchos. Como cualquier comunidad, sin embargo, Dania Beach ve su parte justa de accidentes graves y lesiones. En el Grupo Legal Flaxman, sabemos que unas lesiones personales en Dania Beach pueden dejarte con lesiones y p\u00e9rdidas permanentes que cambien tu vida, as\u00ed como con nuevos retos financieros. Muchas personas que han sufrido un <a href=\"https:\/\/flaxmanlaw.com\/car-accidents\">accidente automovil\u00edstico<\/a> en Dania Beach, <a href=\"https:\/\/flaxmanlaw.com\/pedestrian-accidents\">un accidente peatonal<\/a>, o han sufrido lesiones de alguna otra manera, enfrentan gastos m\u00e9dicos, p\u00e9rdida de ingresos, y otros costos por lesiones. Facilitamos el contacto con un abogado de lesiones personales de Dania Beach si has sufrido lesiones, y estamos encantados de ofrecer consultas gratuitas y sin compromiso a quienes hayan sufrido lesiones en Dania Beach o en las comunidades circundantes. \u00a1 <strong class=\"heading4\">Dania<\/strong>Beach, <strong class=\"heading4\">FloridaDania<\/strong>Beach, Florida, es conocida por albergar el Museo y Sal\u00f3n de la Fama de la Pesca IGFA, el centro de atracciones Boomers! y Dania Jai-Alai. Situada en el condado de Broward, Florida, Dania Beach se constituy\u00f3 por primera vez en noviembre de 1904. La ciudad ha disfrutado de una larga y rica historia y hoy es conocida como una popular escapada a la playa y atracci\u00f3n tur\u00edstica. Situada cerca de Miami y Fort Lauderdale, Dania Beach es un lugar estupendo para visitar o mudarse. Sus numerosos restaurantes, tiendas e instalaciones recreativas hacen que sea un lugar estupendo para visitar. <strong class=\"heading4\">\u00bfPor qu\u00e9 contactar con un abogado de lesiones personales en Dania Beach?<\/strong>En muchos casos, el seguro s\u00f3lo cubre una parte -si es que cubre algo- de los costes asociados a una <a href=\"https:\/\/flaxmanlaw.com\/personal-injury\">lesi\u00f3n personal<\/a> media en Dania Beach, dejando al superviviente que pague muchos gastos de su bolsillo. Desafortunadamente, muchos pacientes de lesiones personales en Dania Beach enfrentan desalojo, embargo, bancarrota, y otros retos financieros debido a los altos costos de las lesiones personales. El experimentado equipo jur\u00eddico del Grupo Legal Flaxman puede ayudarle a evitar esto. El equipo jur\u00eddico del <a href=\"https:\/\/flaxmanlaw.com\/about-us\">Grupo Legal Flaxman<\/a> ha ayudado exitosamente a miles de pacientes de lesiones personales en Dania Beach y a v\u00edctimas de lesiones en todo el estado. Somos una firma legal de servicios integrales y podemos ayudarle con la documentaci\u00f3n legal relativa a su caso, la investigaci\u00f3n de su accidente, la negociaci\u00f3n con su proveedor de seguros, e incluso con el lanzamiento de una demanda legal en su caso. Trabajaremos para asegurarnos de que no tengas que cargar con los costes de tus lesiones. El equipo jur\u00eddico del Grupo Legal Flaxman cuenta con d\u00e9cadas de experiencia en cada \u00e1rea de la ley de lesiones personales en Dania Beach. Podemos programar una <a href=\"https:\/\/flaxmanlaw.com\/contact-us\">consulta gratuita y sin compromiso<\/a> para que usted pueda hablar sobre su caso con un experimentado abogado de lesiones personales en Dania Beach de nuestra firma. Podemos ayudarle a comprender sus derechos y sus opciones para que pueda tomar la decisi\u00f3n correcta en su caso. El equipo jur\u00eddico del Grupo Legal Flaxman ha ayudado a miles de pacientes de lesiones personales en Florida y en Dania Beach. Deje que nuestra experiencia trabaje para usted &#8211; llame hoy mismo al Grupo Legal Flaxman al 866-352-9626 para una consulta inicial gratuita. Dania Beach, Florida, se localiza a menos de 15 minutos del despacho en Hollywood del Grupo Legal Flaxman.<\/p>\n<p>Si deseas llegar desde Dania Beach a las oficinas, conduce hacia el este por W Dania Beach Boulevard y gira a la derecha en US-1 S. Gira otra vez a la derecha en FL-848 W\/Stirling Road y luego gira a la izquierda en N 56th Avenue. Gira a la derecha en Johnson Street: las oficinas del Grupo Legal Flaxman est\u00e1n a la derecha, en el 5715 de Johnson Street.<\/p>\n<\/div>\n","protected":false},"excerpt":{"rendered":"<p>Dania Beach Lesiones Personales Dania Beach, Florida, en el condado de &#8230; <\/p>\n","protected":false},"author":2,"featured_media":0,"parent":0,"menu_order":0,"comment_status":"closed","ping_status":"closed","template":"template-practice-areas.php","meta":{"footnotes":""},"class_list":["post-21661","page","type-page","status-publish","hentry"],"featured_image_src":null,"featured_image_src_square":null,"_links":{"self":[{"href":"https:\/\/flaxmanlaw.com\/es\/wp-json\/wp\/v2\/pages\/21661","targetHints":{"allow":["GET"]}}],"collection":[{"href":"https:\/\/flaxmanlaw.com\/es\/wp-json\/wp\/v2\/pages"}],"about":[{"href":"https:\/\/flaxmanlaw.com\/es\/wp-json\/wp\/v2\/types\/page"}],"author":[{"embeddable":true,"href":"https:\/\/flaxmanlaw.com\/es\/wp-json\/wp\/v2\/users\/2"}],"replies":[{"embeddable":true,"href":"https:\/\/flaxmanlaw.com\/es\/wp-json\/wp\/v2\/comments?post=21661"}],"version-history":[{"count":0,"href":"https:\/\/flaxmanlaw.com\/es\/wp-json\/wp\/v2\/pages\/21661\/revisions"}],"wp:attachment":[{"href":"https:\/\/flaxmanlaw.com\/es\/wp-json\/wp\/v2\/media?parent=21661"}],"curies":[{"name":"wp","href":"https:\/\/api.w.org\/{rel}","templated":true}]}}