{"id":21663,"date":"2024-11-21T13:18:40","date_gmt":"2024-11-21T13:18:40","guid":{"rendered":"https:\/\/flaxmanlaw.wpenginepowered.com\/danos-personales-en-davie\/"},"modified":"2024-11-21T13:18:40","modified_gmt":"2024-11-21T13:18:40","slug":"danos-personales-en-davie","status":"publish","type":"page","link":"https:\/\/flaxmanlaw.com\/es\/danos-personales-en-davie\/","title":{"rendered":"Da\u00f1os personales en Davie"},"content":{"rendered":"<p>Davie, Florida, es hoy conocida por albergar los Flamingo Gardens, el centro de entrenamiento de los Miami Dolphins, el complejo deportivo Bamford y el Bergeron Rodeo Grounds. Situada en el condado de Broward, Davie fue desarrollada por los trabajadores del Canal de Panam\u00e1 que esculpieron la ciudad a partir de los Everglades. Desde sus inicios, Davie ha tenido fama de formar parte del \u00abSalvaje Oeste\u00bb, aunque est\u00e9 en Florida. Muchos de los colonos originales pose\u00edan reba\u00f1os de ganado y caballos, como m\u00e1s al oeste. Parte de esta historia a\u00fan es visible en los negocios y la arquitectura locales. Davie sigue teniendo m\u00e1s de 165 kil\u00f3metros de sistemas de senderos, as\u00ed como espacios verdes y parques donde los jinetes pueden disfrutar del entorno rural. Si has sufrido lesiones personales en Davie en un accidente ecuestre, <a href=\"https:\/\/flaxmanlaw.com\/lawyer-attorney-1119800\">un accidente de coche<\/a> en Davie o por cualquier otro medio, necesitas un abogado agresivo especializado en lesiones personales en Davie a tu lado. Un buen abogado de lesiones personales en Davie del Grupo Legal Flaxman puede ayudarle a comprender sus derechos y ayudarle a tomar las decisiones correctas en su caso, para asegurar que usted no renuncie inadvertidamente a sus derechos. Un abogado calificado del Grupo Legal Flaxman puede trabajar con usted para asegurarse de que usted termine pagando m\u00e1s costos de los que tiene que pagar de su propio dinero despu\u00e9s de su accidente. Existen leyes en Florida dise\u00f1adas para protegerte si has sufrido una lesi\u00f3n y el equipo legal del Grupo Legal Flaxman puede trabajar para ayudarte a preservar esos derechos. El equipo jur\u00eddico del Grupo Legal Flaxman cuenta con d\u00e9cadas de experiencia y un impresionante historial de ayuda a miles de pacientes de lesiones personales en Florida. Nuestra compasi\u00f3n y experiencia ha ayudado a muchos pacientes y podr\u00edamos ayudarle a usted. Si usted necesita un agresivo abogado de lesiones personales en Davie con experiencia en seguros y juicios, contacte al Grupo Legal Flaxman para una <a href=\"https:\/\/flaxmanlaw.com\/lawyer-attorney-1118456\">consulta gratuita y sin compromiso<\/a> para hablar sobre su caso. En el <a href=\"https:\/\/flaxmanlaw.com\/lawyer-attorney-1118466\">Grupo Legal Flaxman<\/a>, comprendemos que unas lesiones personales en Davie pueden cambiar toda su vida en un instante, y es por ello que trabajamos tan duro para apoyar y ayudar completamente a cada cliente. Nuestra firma legal de servicios integrales est\u00e1 disponible 24\/7 &#8211; usted siempre puede llamar a nuestras oficinas para hablar con una persona y obtener respuestas y asistencia instant\u00e1neas. Cuando tienes a tu lado al experimentado equipo legal del Grupo Legal Flaxman, nunca tienes que sentirte solo. Davie, Florida, est\u00e1 a menos de diez minutos de las oficinas en Hollywood del Grupo Legal Flaxman. Para llegar a las oficinas desde la ciudad, conduce hacia el norte por SW 65th Avenue y gira a la derecha en Griffin Road y otra vez a la derecha en FL-7 S\/US-441 S. Gira a la izquierda en Johnson Street, donde se encuentran las oficinas del Grupo Legal Flaxman, en el 5715 de Johnson Street.     <\/p>\n","protected":false},"excerpt":{"rendered":"<p>Davie, Florida, es hoy conocida por albergar los Flamingo Gardens, el &#8230; <\/p>\n","protected":false},"author":2,"featured_media":0,"parent":0,"menu_order":0,"comment_status":"closed","ping_status":"closed","template":"template-practice-areas.php","meta":{"footnotes":""},"class_list":["post-21663","page","type-page","status-publish","hentry"],"featured_image_src":null,"featured_image_src_square":null,"_links":{"self":[{"href":"https:\/\/flaxmanlaw.com\/es\/wp-json\/wp\/v2\/pages\/21663","targetHints":{"allow":["GET"]}}],"collection":[{"href":"https:\/\/flaxmanlaw.com\/es\/wp-json\/wp\/v2\/pages"}],"about":[{"href":"https:\/\/flaxmanlaw.com\/es\/wp-json\/wp\/v2\/types\/page"}],"author":[{"embeddable":true,"href":"https:\/\/flaxmanlaw.com\/es\/wp-json\/wp\/v2\/users\/2"}],"replies":[{"embeddable":true,"href":"https:\/\/flaxmanlaw.com\/es\/wp-json\/wp\/v2\/comments?post=21663"}],"version-history":[{"count":0,"href":"https:\/\/flaxmanlaw.com\/es\/wp-json\/wp\/v2\/pages\/21663\/revisions"}],"wp:attachment":[{"href":"https:\/\/flaxmanlaw.com\/es\/wp-json\/wp\/v2\/media?parent=21663"}],"curies":[{"name":"wp","href":"https:\/\/api.w.org\/{rel}","templated":true}]}}