{"id":21664,"date":"2024-11-22T10:47:20","date_gmt":"2024-11-22T10:47:20","guid":{"rendered":"https:\/\/flaxmanlaw.wpenginepowered.com\/lesiones-personales-en-hollywood\/"},"modified":"2025-02-05T14:38:31","modified_gmt":"2025-02-05T14:38:31","slug":"lesiones-personales-en-hollywood","status":"publish","type":"page","link":"https:\/\/flaxmanlaw.com\/es\/lesiones-personales-en-hollywood\/","title":{"rendered":"Lesiones personales en Hollywood"},"content":{"rendered":"<h2>Lesiones personales en Hollywood<\/h2>\n<div class=\"description\">\n<p>Hollywood es una ciudad del sur de Florida situada en el condado de Broward. La ciudad se fund\u00f3 durante el boom inmobiliario de Florida de la d\u00e9cada de 1920 y creci\u00f3 r\u00e1pidamente, sobre todo durante las d\u00e9cadas de 1950 y 1960, cuando los veteranos regresaron de la II Guerra Mundial y se establecieron en Florida. En la actualidad, la ciudad tiene m\u00e1s de 140.000 habitantes y tambi\u00e9n recibe a muchos visitantes cada a\u00f1o. La ciudad es famosa por sus kil\u00f3metros de playas y su clima c\u00e1lido y soleado de Florida. Si has resultado herido en Hollywood en un accidente de coche o en cualquier otro tipo de incidente causado por la negligencia de alguien, es importante que consultes a un abogado experto en <a href=\"https:\/\/flaxmanlaw.com\/lawyer-attorney-1121037\">lesiones personales<\/a> de Hollywood. Si te has lesionado, puedes tener derecho a m\u00e1s indemnizaci\u00f3n de la que crees. Con arreglo a la legislaci\u00f3n de Florida, a menudo puedes reclamar indemnizaci\u00f3n por p\u00e9rdida de ingresos, gastos m\u00e9dicos, asistencia domiciliaria, medicamentos, da\u00f1os materiales y muchos otros gastos relacionados con tus lesiones. Tanto si te has lesionado en un accidente de resbal\u00f3n y ca\u00edda en Hollywood, como en un accidente de tr\u00e1fico o por cualquier otro medio, si alguien ha causado tus lesiones por imprudencia o negligencia, puedes tener derecho a recuperar un dinero que puede ayudarte a pagar tus gastos m\u00e9dicos y otros gastos. Tras tu lesi\u00f3n, contratar al abogado adecuado puede ser la decisi\u00f3n m\u00e1s importante que tomes. El bufete de abogados y el abogado de lesiones personales de Hollywood adecuados tienen la experiencia necesaria para llevar tu caso y conocen casos similares para darte el asesoramiento jur\u00eddico adecuado sobre tus opciones y derechos. El abogado adecuado puede investigar tu accidente, puede encontrar m\u00faltiples partes responsables para asegurarse de que obtienes la indemnizaci\u00f3n m\u00e1s justa posible, y puede llevar adelante tu reclamaci\u00f3n de forma oportuna y eficaz. Un buen abogado es agresivo en la lucha por tus derechos y trabaja para garantizar que tu futuro est\u00e9 protegido. Una de las razones por las que puedes considerar la posibilidad de hablar con un abogado de lesiones personales de Hollywood despu\u00e9s de un accidente es porque tratar con las compa\u00f1\u00edas de seguros puede ser intimidante. En muchos casos, las compa\u00f1\u00edas de seguros se dedican a resolver los casos muy r\u00e1pidamente y de la forma m\u00e1s barata posible. Por desgracia, esto puede significar que se subestimen los costes de tu caso. De hecho, las compa\u00f1\u00edas de seguros no pueden pagar la totalidad de la indemnizaci\u00f3n que merece cada demandante y seguir obteniendo beneficios. Consultar con un abogado cualificado en lesiones personales de Hollywood es, por tanto, un paso importante, ya que garantiza que comprendas el valor de tu caso. En muchos casos, los abogados de lesiones personales de Hollywood tambi\u00e9n pueden negociar con las compa\u00f1\u00edas de seguros en tu nombre, asegur\u00e1ndose de que tienes m\u00e1s posibilidades de obtener una cantidad justa por tu reclamaci\u00f3n. Charles Flaxman, del Grupo Legal Flaxman, por ejemplo, tiene m\u00e1s de diez a\u00f1os de experiencia en la industria de los seguros. Antes de convertirse en abogado, Charles Flaxman trabajaba en el sector de los seguros, y por lo tanto tiene una perspectiva privilegiada cuando se trata de negociar una indemnizaci\u00f3n justa en tu nombre. Si usted ha sufrido lesiones graves en Hollywood, <a href=\"https:\/\/flaxmanlaw.com\/lawyer-attorney-1118456\">contacte<\/a> al Grupo Legal Flaxman para recibir una consulta gratuita sobre accidentes y hablar sobre su caso. El <a href=\"https:\/\/flaxmanlaw.com\/\">Grupo Legal Flaxman<\/a> se enorgullece de servir a la comunidad de Hollywood, con oficinas justo en la ciudad.<\/p>\n<\/div>\n","protected":false},"excerpt":{"rendered":"<p>Lesiones personales en Hollywood Hollywood es una ciudad del sur de &#8230; <\/p>\n","protected":false},"author":2,"featured_media":0,"parent":0,"menu_order":0,"comment_status":"closed","ping_status":"closed","template":"template-practice-areas.php","meta":{"footnotes":""},"class_list":["post-21664","page","type-page","status-publish","hentry"],"featured_image_src":null,"featured_image_src_square":null,"_links":{"self":[{"href":"https:\/\/flaxmanlaw.com\/es\/wp-json\/wp\/v2\/pages\/21664","targetHints":{"allow":["GET"]}}],"collection":[{"href":"https:\/\/flaxmanlaw.com\/es\/wp-json\/wp\/v2\/pages"}],"about":[{"href":"https:\/\/flaxmanlaw.com\/es\/wp-json\/wp\/v2\/types\/page"}],"author":[{"embeddable":true,"href":"https:\/\/flaxmanlaw.com\/es\/wp-json\/wp\/v2\/users\/2"}],"replies":[{"embeddable":true,"href":"https:\/\/flaxmanlaw.com\/es\/wp-json\/wp\/v2\/comments?post=21664"}],"version-history":[{"count":0,"href":"https:\/\/flaxmanlaw.com\/es\/wp-json\/wp\/v2\/pages\/21664\/revisions"}],"wp:attachment":[{"href":"https:\/\/flaxmanlaw.com\/es\/wp-json\/wp\/v2\/media?parent=21664"}],"curies":[{"name":"wp","href":"https:\/\/api.w.org\/{rel}","templated":true}]}}