{"id":21665,"date":"2024-11-21T13:19:19","date_gmt":"2024-11-21T13:19:19","guid":{"rendered":"https:\/\/flaxmanlaw.wpenginepowered.com\/lesiones-personales-en-deerfield-beach\/"},"modified":"2025-02-05T14:34:28","modified_gmt":"2025-02-05T14:34:28","slug":"lesiones-personales-en-deerfield-beach","status":"publish","type":"page","link":"https:\/\/flaxmanlaw.com\/es\/lesiones-personales-en-deerfield-beach\/","title":{"rendered":"Lesiones personales en Deerfield Beach"},"content":{"rendered":"<h2>Lesiones personales en Deerfield Beach<\/h2>\n<div class=\"description\">\n<p>Deerfield Beach, situada en el condado de Broward de Florida, es una ciudad conocida por sus hermosas playas y su clima templado. Llamada as\u00ed por los ciervos que sol\u00edan abundar en la zona, Deerfield Beach est\u00e1 cerca de los servicios de Fort Lauderdale y Miami. La historia de la ciudad se remonta a la d\u00e9cada de 1890, cuando la zona se conoc\u00eda como Hillsborough antes de que la comunidad pasara a llamarse Deerfield Beach. A principios del siglo XX, la zona estaba poblada en gran parte por agricultores, pero a finales de ese siglo la ciudad era conocida como un popular destino tur\u00edstico, en parte por su playa. Aunque Deerfield Beach es una ciudad preciosa, como cualquier ciudad sufre su parte correspondiente de accidentes y lesiones, incluidos accidentes de barco en Deerfield Beach, accidentes de coche y otros. Si te has lesionado recientemente en Deerfield Beach, es posible que a\u00fan no conozcas el alcance total de tu lesi\u00f3n. Algunas lesiones cerebrales y de m\u00e9dula espinal de Deerfield Beach, por ejemplo, tardan semanas e incluso meses en diagnosticarse correctamente. El coste total de tu atenci\u00f3n m\u00e9dica puede no ser evidente hasta que se haya completado tu ronda inicial de tratamiento. Sin embargo, muchas compa\u00f1\u00edas de seguros intentan asignar un valor en d\u00f3lares a tus lesiones y tratan de cerrar el proceso de reclamaci\u00f3n mucho antes de conocer todos los hechos. Por desgracia, esto significa que en muchos casos las personas que han sufrido un accidente grave acaban recibiendo menos indemnizaci\u00f3n de la que merecen y acaban pagando de su bolsillo bastantes gastos m\u00e9dicos y otros gastos relacionados con su accidente. Otro posible problema es que, si has sufrido una lesi\u00f3n grave en Deerfield Beach, tienes un plazo limitado en Florida para presentar una demanda. Existe una ley de prescripci\u00f3n que s\u00f3lo te permite emprender acciones legales durante un tiempo limitado tras tu lesi\u00f3n. Esperar para presentar una demanda tambi\u00e9n puede perjudicar tu caso de otras formas. Por ejemplo, una vez que aceptas la oferta del seguro, puedes acabar renunciando a algunos de tus derechos a emprender acciones legales y obtener una indemnizaci\u00f3n. Adem\u00e1s, si esperas, puedes encontrarte con que algunas de las pruebas y documentaci\u00f3n que necesitas para probar tu caso ante un tribunal ya no est\u00e1n disponibles. Por todas estas razones, es importante que consultes a un abogado cualificado <a href=\"https:\/\/flaxmanlaw.com\/lawyer-attorney-1121037\">especializado en lesiones personales<\/a> de Deerfield Beach lo antes posible tras tu lesi\u00f3n. Idealmente, usted querr\u00e1 <a href=\"https:\/\/flaxmanlaw.com\/lawyer-attorney-1118456\">contactar<\/a> al Grupo Legal Flaxman antes de hablar con una aseguradora y tan pronto como sea posible despu\u00e9s de su accidente. <a href=\"https:\/\/flaxmanlaw.com\/\">El Grupo Legal Flaxman<\/a> cuenta con tel\u00e9fonos atendidos las 24 horas del d\u00eda, los siete d\u00edas de la semana, facilit\u00e1ndote el <a href=\"https:\/\/flaxmanlaw.com\/lawyer-attorney-1118456\">contacto con<\/a> una persona calificada si resultas lesionado. Por favor, no firmes nada despu\u00e9s de tus lesiones hasta que hayas hablado con el Grupo Legal Flaxman. <a href=\"https:\/\/flaxmanlaw.com\/\">El Grupo Legal Flaxman<\/a> puede organizar una consulta gratuita y sin compromiso para que puedas hablar sobre tu caso con un miembro de nuestro compasivo y experimentado equipo legal. Usted puede obtener los hechos sobre el valor de su caso y sus derechos y opciones bajo la ley de Florida para que pueda tomar la decisi\u00f3n correcta para usted y su futuro. Sin embargo, aunque hayas firmado algo despu\u00e9s de tu accidente o lesi\u00f3n, consulta con el Grupo Legal Flaxman para obtener informaci\u00f3n sobre tus derechos y opciones.<\/p>\n<\/div>\n","protected":false},"excerpt":{"rendered":"<p>Lesiones personales en Deerfield Beach Deerfield Beach, situada en el condado &#8230; <\/p>\n","protected":false},"author":2,"featured_media":0,"parent":0,"menu_order":0,"comment_status":"closed","ping_status":"closed","template":"template-practice-areas.php","meta":{"footnotes":""},"class_list":["post-21665","page","type-page","status-publish","hentry"],"featured_image_src":null,"featured_image_src_square":null,"_links":{"self":[{"href":"https:\/\/flaxmanlaw.com\/es\/wp-json\/wp\/v2\/pages\/21665","targetHints":{"allow":["GET"]}}],"collection":[{"href":"https:\/\/flaxmanlaw.com\/es\/wp-json\/wp\/v2\/pages"}],"about":[{"href":"https:\/\/flaxmanlaw.com\/es\/wp-json\/wp\/v2\/types\/page"}],"author":[{"embeddable":true,"href":"https:\/\/flaxmanlaw.com\/es\/wp-json\/wp\/v2\/users\/2"}],"replies":[{"embeddable":true,"href":"https:\/\/flaxmanlaw.com\/es\/wp-json\/wp\/v2\/comments?post=21665"}],"version-history":[{"count":0,"href":"https:\/\/flaxmanlaw.com\/es\/wp-json\/wp\/v2\/pages\/21665\/revisions"}],"wp:attachment":[{"href":"https:\/\/flaxmanlaw.com\/es\/wp-json\/wp\/v2\/media?parent=21665"}],"curies":[{"name":"wp","href":"https:\/\/api.w.org\/{rel}","templated":true}]}}