{"id":21666,"date":"2024-11-22T10:48:06","date_gmt":"2024-11-22T10:48:06","guid":{"rendered":"https:\/\/flaxmanlaw.wpenginepowered.com\/lauderdale-lakes-lesiones-personales\/"},"modified":"2025-02-05T14:23:02","modified_gmt":"2025-02-05T14:23:02","slug":"lauderdale-lakes-lesiones-personales","status":"publish","type":"page","link":"https:\/\/flaxmanlaw.com\/es\/lauderdale-lakes-lesiones-personales\/","title":{"rendered":"Lauderdale Lakes Lesiones Personales"},"content":{"rendered":"<h2>Lauderdale Lakes Lesiones Personales<\/h2>\n<div class=\"description\">\n<p>Lauderdale Lakes, Florida, se fund\u00f3 en 1961 y ha crecido hasta convertirse en una ciudad culturalmente diversa que presume de bellos cursos de agua, abundantes espacios verdes y vistas panor\u00e1micas. Lauderdale Lakes tiene una ubicaci\u00f3n c\u00e9ntrica y hoy en d\u00eda cuenta con muchas familias j\u00f3venes y multiculturales, lo que es prometedor para el futuro. La ciudad tambi\u00e9n cuenta con un parque de conservaci\u00f3n, varias instalaciones recreativas, parques activos y muchas tiendas. Entre los lugares de inter\u00e9s cercanos se encuentran la Casa Bonnet, la Casa Stranahan, el Parque Estatal Hugh Taylor Birch y el Parque Estatal del R\u00edo Oleta<\/p>\n<p>El equipo legal del <a href=\"https:\/\/flaxmanlaw.com\/lawyer-attorney-1118466\">Grupo Legal Flaxman<\/a> se enorgullece de viajar frecuentemente a Lauderdale Lakes para ayudar a los clientes de esa ciudad. El equipo legal del Grupo Legal Flaxman ha ayudado \u00fatilmente a clientes de lesiones personales de Lauderdale Lakes. Nuestro experimentado y compasivo equipo proporciona el asesoramiento jur\u00eddico, la representaci\u00f3n y la asistencia que realmente pueden marcar la diferencia en una demanda por lesiones personales en Lauderdale Lakes.<\/p>\n<p>El Grupo Legal Flaxman es una firma legal de servicios integrales. Con amplia experiencia en casos de accidentes de coche en Lauderdale Lakes, casos de indemnizaci\u00f3n laboral y otros casos de lesiones personales en Lauderdale Lakes, nuestro equipo jur\u00eddico se ha distinguido por su integridad, honradez y experiencia. Nuestro equipo jur\u00eddico tiene experiencia en el sector de los seguros y en juicios que pueden marcar la diferencia. Para averiguar c\u00f3mo el Grupo Legal Flaxman puede ayudar en tu demanda por lesiones personales en Lauderdale Lakes, contacta hoy mismo al Grupo Legal Flaxman para <a href=\"https:\/\/flaxmanlaw.com\/lawyer-attorney-1118456\">recibir una consulta gratuita y sin compromiso<\/a>.<\/p>\n<p>El honesto, comprensivo y experimentado equipo legal del Grupo Legal Flaxman entiende lo aterradoras y costosas que pueden ser las lesiones personales. Por eso tratamos a todos los clientes de lesiones personales de Lauderdale Lakes con compasi\u00f3n y nos esforzamos por ofrecer la representaci\u00f3n, el asesoramiento jur\u00eddico y la asistencia necesarios en cada caso. Si necesitas un abogado calificado en lesiones personales en Lauderdale Lakes, contacta hoy mismo al Grupo Legal Flaxman para averiguar lo que nuestro equipo legal puede hacer por ti.<\/p>\n<p>Lauderdale Lakes, Florida, est\u00e1 a s\u00f3lo 18 minutos manejando del despacho del Grupo Legal Flaxman. Para llegar a nuestras oficinas de Hollywood, Florida, conduce hacia el norte por NW 44th Terrace, gira a la derecha en NW 33rd Street y otra vez a la derecha en NW 43rd Avenue. Gira a la izquierda en W Oakland Park Boulevard y a la derecha en FL-7 S\/US-441 S. Gira a la izquierda en Johnson Street. El Grupo Legal Flaxman tiene sus oficinas en el 5715 de la calle Johnson.<\/p>\n<\/div>\n","protected":false},"excerpt":{"rendered":"<p>Lauderdale Lakes Lesiones Personales Lauderdale Lakes, Florida, se fund\u00f3 en 1961 &#8230; <\/p>\n","protected":false},"author":2,"featured_media":0,"parent":0,"menu_order":0,"comment_status":"closed","ping_status":"closed","template":"template-practice-areas.php","meta":{"footnotes":""},"class_list":["post-21666","page","type-page","status-publish","hentry"],"featured_image_src":null,"featured_image_src_square":null,"_links":{"self":[{"href":"https:\/\/flaxmanlaw.com\/es\/wp-json\/wp\/v2\/pages\/21666","targetHints":{"allow":["GET"]}}],"collection":[{"href":"https:\/\/flaxmanlaw.com\/es\/wp-json\/wp\/v2\/pages"}],"about":[{"href":"https:\/\/flaxmanlaw.com\/es\/wp-json\/wp\/v2\/types\/page"}],"author":[{"embeddable":true,"href":"https:\/\/flaxmanlaw.com\/es\/wp-json\/wp\/v2\/users\/2"}],"replies":[{"embeddable":true,"href":"https:\/\/flaxmanlaw.com\/es\/wp-json\/wp\/v2\/comments?post=21666"}],"version-history":[{"count":0,"href":"https:\/\/flaxmanlaw.com\/es\/wp-json\/wp\/v2\/pages\/21666\/revisions"}],"wp:attachment":[{"href":"https:\/\/flaxmanlaw.com\/es\/wp-json\/wp\/v2\/media?parent=21666"}],"curies":[{"name":"wp","href":"https:\/\/api.w.org\/{rel}","templated":true}]}}