{"id":21667,"date":"2024-11-21T13:38:25","date_gmt":"2024-11-21T13:38:25","guid":{"rendered":"https:\/\/flaxmanlaw.wpenginepowered.com\/lesiones-personales-en-fort-lauderdale\/"},"modified":"2025-02-05T11:40:08","modified_gmt":"2025-02-05T11:40:08","slug":"lesiones-personales-en-fort-lauderdale","status":"publish","type":"page","link":"https:\/\/flaxmanlaw.com\/es\/lesiones-personales-en-fort-lauderdale\/","title":{"rendered":"Lesiones personales en Fort Lauderdale"},"content":{"rendered":"<h2>Lesiones personales en Fort Lauderdale<\/h2>\n<div class=\"description\">\n<p>Fort Lauderdale, Florida, es la capital del condado de Broward y una de las atracciones tur\u00edsticas m\u00e1s populares de la zona, que atrae a m\u00e1s de 10 millones de visitantes al a\u00f1o. Fort Lauderdale tiene un extenso sistema de canales, por lo que a veces se conoce a la ciudad como la \u00abVenecia de Am\u00e9rica\u00bb o la \u00abVenecia de Am\u00e9rica\u00bb. Fort Lauderdale cuenta con m\u00e1s de 120 clubes nocturnos, miles de restaurantes, muchas posibilidades de navegar en barco y yate, y muchas atracciones m\u00e1s. Fort Lauderdale cuenta con muchas playas, museos, galer\u00edas de arte y zonas de ocio. El Centro Broward de Artes Esc\u00e9nicas, el Sal\u00f3n Internacional de la Fama de la Nataci\u00f3n, la playa de Fort Lauderdale, el Parque Estatal Hugh Taylor Birch y el Centro de Visitantes Terramar son s\u00f3lo algunas de las atracciones que los visitantes y residentes disfrutan en esta ciudad de Florida. Si te has lesionado en Fort Lauderdale, la ciudad tambi\u00e9n cuenta con muchos <a href=\"https:\/\/flaxmanlaw.com\/lawyer-attorney-1118466\">abogados de lesiones personales<\/a> de Fort Lauderdale. Sin embargo, si has sufrido una lesi\u00f3n, querr\u00e1s ponerte en contacto con un abogado de lesiones personales de Fort Lauderdale profesional y con experiencia. Es por ello que quiz\u00e1 desees contactar primero al Grupo Legal Flaxman. Nuestro experimentado equipo legal ha ayudado a miles de v\u00edctimas de lesiones personales en Fort Lauderdale y en todo Florida. Nuestra extensa experiencia en juicios, nuestra escucha compasiva, y nuestra agresiva b\u00fasqueda de la justicia a favor de los clientes son lo que nos distingue a los ojos de nuestros muchos clientes satisfechos. El equipo jur\u00eddico del Grupo Legal Flaxman cuenta con d\u00e9cadas de experiencia, as\u00ed como con un compromiso profesional con cada uno de nuestros clientes. El equipo jur\u00eddico del Grupo Legal Flaxman trabaja duro para garantizar que cada cliente tenga la asesor\u00eda legal de calidad, la representaci\u00f3n, y el apoyo que necesita para recuperarse de sus lesiones. Como firma legal de servicios integrales, el Grupo Legal Flaxman tambi\u00e9n cuenta con los recursos y los contactos para ayudar a cada cliente en <a href=\"https:\/\/flaxmanlaw.com\/lawyer-attorney-1119800\">accidentes automovil\u00edsticos<\/a>, <a href=\"https:\/\/flaxmanlaw.com\/lawyer-attorney-1121035\">accidentes peatonales<\/a>, y otras demandas por lesiones personales en Fort Lauderdale. El equipo jur\u00eddico del Grupo Legal Flaxman cuenta con honorarios de contingencia disponibles, permiti\u00e9ndole proseguir con su caso de lesiones personales en Fort Lauderdale sin grandes costos legales por adelantado. Esto ayuda a garantizar que usted no pague honorarios hasta y a menos que se recupere en su caso. Para saber m\u00e1s sobre la gama de servicios que ofrece el Grupo Legal Flaxman y para enterarse de c\u00f3mo el Grupo Legal Flaxman puede ayudarle, contacte hoy mismo al Grupo Legal Flaxman para programar una <a href=\"https:\/\/flaxmanlaw.com\/lawyer-attorney-1118456\">consulta gratuita y sin compromiso<\/a> para hablar sobre su caso de lesiones personales en Fort Lauderdale. El despacho en Hollywood del Grupo Legal Flaxman est\u00e1 ubicado a s\u00f3lo veinte minutos manejando desde Fort Lauderdale, Florida. Para llegar al despacho, conduce hacia el oeste por E Broward Boulevard y gira a la izquierda en SW 20th Terrace. Utilizando la rampa hacia Miami, incorp\u00f3rate a la I-95 S y toma la salida 20. Incorp\u00f3rate a FL-820 W\/Hollywood Boulevard. Gira a la derecha en Hollywood Boulevard y otra vez a la derecha en N 56th Avenue. Gira a la izquierda en Johnson Street y contin\u00faa hasta el 5715 de Johnson Street, donde se encuentra el bufete del Grupo Legal Flaxman.<\/p>\n<\/div>\n","protected":false},"excerpt":{"rendered":"<p>Lesiones personales en Fort Lauderdale Fort Lauderdale, Florida, es la capital &#8230; <\/p>\n","protected":false},"author":2,"featured_media":0,"parent":0,"menu_order":0,"comment_status":"closed","ping_status":"closed","template":"template-practice-areas.php","meta":{"footnotes":""},"class_list":["post-21667","page","type-page","status-publish","hentry"],"featured_image_src":null,"featured_image_src_square":null,"_links":{"self":[{"href":"https:\/\/flaxmanlaw.com\/es\/wp-json\/wp\/v2\/pages\/21667","targetHints":{"allow":["GET"]}}],"collection":[{"href":"https:\/\/flaxmanlaw.com\/es\/wp-json\/wp\/v2\/pages"}],"about":[{"href":"https:\/\/flaxmanlaw.com\/es\/wp-json\/wp\/v2\/types\/page"}],"author":[{"embeddable":true,"href":"https:\/\/flaxmanlaw.com\/es\/wp-json\/wp\/v2\/users\/2"}],"replies":[{"embeddable":true,"href":"https:\/\/flaxmanlaw.com\/es\/wp-json\/wp\/v2\/comments?post=21667"}],"version-history":[{"count":0,"href":"https:\/\/flaxmanlaw.com\/es\/wp-json\/wp\/v2\/pages\/21667\/revisions"}],"wp:attachment":[{"href":"https:\/\/flaxmanlaw.com\/es\/wp-json\/wp\/v2\/media?parent=21667"}],"curies":[{"name":"wp","href":"https:\/\/api.w.org\/{rel}","templated":true}]}}