{"id":21668,"date":"2024-11-22T10:48:41","date_gmt":"2024-11-22T10:48:41","guid":{"rendered":"https:\/\/flaxmanlaw.wpenginepowered.com\/lesiones-personales-en-lauderhill\/"},"modified":"2025-02-05T10:35:36","modified_gmt":"2025-02-05T10:35:36","slug":"lesiones-personales-en-lauderhill","status":"publish","type":"page","link":"https:\/\/flaxmanlaw.com\/es\/lesiones-personales-en-lauderhill\/","title":{"rendered":"Lesiones personales en Lauderhill"},"content":{"rendered":"<h2>Lesiones personales en Lauderhill<\/h2>\n<div class=\"description\">\n<p>Lauderhill, Florida, est\u00e1 situada en el centro del condado de Broward, y es conocida por sus parques galardonados y su comunidad diversa. Lauderhill es la sede del Complejo Deportivo de Lauderhill y tambi\u00e9n cuenta con dos instalaciones p\u00fablicas de nataci\u00f3n, dos centros comunitarios y otras instalaciones recreativas. Creada en un principio por un promotor inmobiliario, Lauderhill fue inicialmente un destino para snowbirds y jubilados, pero ahora es una comunidad diversa con muchas familias j\u00f3venes tambi\u00e9n. El Inverrary Country Club y el campo de golf se construyeron en Lauderhill en la d\u00e9cada de 1970, y ahora son famosos como sede del Jackie Gleason Inverrary Classic. Lauderhill es una hermosa comunidad de Florida, pero las lesiones y los accidentes pueden ocurrir en cualquier parte, y los residentes de la zona sufren su parte correspondiente de lesiones personales en Lauderhill. Si usted o un ser querido han sufrido un accidente automovil\u00edstico en Lauderhill, un accidente por resbal\u00f3n y ca\u00edda, o han sufrido lesiones personales en Lauderhill de cualquier forma, contacte al Grupo Legal Flaxman para recibir asistencia inmediata. Un accidente o lesi\u00f3n en Lauderhill puede causarle p\u00e9rdida de ingresos y puede provocar altos costos m\u00e9dicos y otros gastos inesperados. Usted necesita un abogado de lesiones personales en Lauderhill calificado y con experiencia a su lado durante este tiempo para proporcionarle apoyo y aconsejarle sobre sus derechos. Hablando con un abogado de lesiones personales en Lauderhill del <a href=\"https:\/\/flaxmanlaw.com\/lawyer-attorney-1118466\">Grupo Legal Flaxman<\/a>, puedes ser capaz de formular un buen plan para asegurarte de que pagas de tu propio bolsillo el menor n\u00famero posible de gastos. La verdad es que probablemente pagas primas de seguro considerables para tu tranquilidad. Sin embargo, una vez que te ves implicado en un accidente de coche en Lauderhill o en otro siniestro, puedes descubrir que conseguir el dinero de la reclamaci\u00f3n puede no ser tan sencillo como imaginabas. Trabajar con un abogado de lesiones personales en Lauderhill del Grupo Legal Flaxman garantiza que usted obtenga la asesor\u00eda legal que necesita para asegurarse de que comprende los verdaderos costos de sus lesiones. Un buen abogado de lesiones personales en Lauderhill luchar\u00e1 por sus derechos, le ayudar\u00e1 a comprender sus opciones, le ayudar\u00e1 a negociar con su aseguradora, y en general har\u00e1 todo lo posible para asegurar que su recuperaci\u00f3n sea lo m\u00e1s completa posible. El equipo jur\u00eddico del Grupo Legal Flaxman ha estado ayudando a pacientes de lesiones personales en Lauderhill durante a\u00f1os. Despu\u00e9s de ayudar exitosamente a miles de pacientes de lesiones personales en Lauderhill y en todo Florida, el equipo jur\u00eddico del Grupo Legal Flaxman cuenta con las habilidades y experiencia necesarias para marcar la diferencia en un caso. Ya sea que usted necesite un abogado litigante o s\u00f3lo un compasivo y experimentado abogado de lesiones personales en Lauderhill que le ayude a negociar con los proveedores de seguros, el Grupo Legal Flaxman est\u00e1 listo para ayudarle. Contacte hoy mismo al Grupo Legal Flaxman para una <a href=\"https:\/\/flaxmanlaw.com\/lawyer-attorney-1118456\">consulta gratuita y sin compromiso<\/a> para hablar sobre su caso de lesiones personales en Lauderhill. Lauderhill, Florida, est\u00e1 a unos quince minutos de las oficinas del Grupo Legal Flaxman en Hollywood. Para llegar al despacho desde Lauderhill, conduce hacia el este por NW 12th Street y gira a la derecha en NW 47th Avenue. Despu\u00e9s, gira a la derecha en W Sunrise Boulevard y gira ligeramente a la derecha en la rampa de la autopista Florida Turnpike, en direcci\u00f3n a Orlando\/Miami. Mantente a la izquierda en la bifurcaci\u00f3n y contin\u00faa hacia la Florida Turnpike\/Ronald Reagan Turnpike. Incorp\u00f3rate a Florida Turnpike\/Ronald Reagan Turnpike y toma la salida 49.<\/p>\n<p>Esta es la salida para FL-820\/Hollywood Boulevard hacia Pines Boulevard. Gira a la derecha en FL-820 E\/Hollywood Boulevard y luego a la izquierda en FL-7 N. Gira a la derecha en Johnson Street; el Flaxman Law Group est\u00e1 situado en el 5715 de Johnson Street.<\/p>\n<\/div>\n","protected":false},"excerpt":{"rendered":"<p>Lesiones personales en Lauderhill Lauderhill, Florida, est\u00e1 situada en el centro &#8230; <\/p>\n","protected":false},"author":2,"featured_media":0,"parent":0,"menu_order":0,"comment_status":"closed","ping_status":"closed","template":"template-practice-areas.php","meta":{"footnotes":""},"class_list":["post-21668","page","type-page","status-publish","hentry"],"featured_image_src":null,"featured_image_src_square":null,"_links":{"self":[{"href":"https:\/\/flaxmanlaw.com\/es\/wp-json\/wp\/v2\/pages\/21668","targetHints":{"allow":["GET"]}}],"collection":[{"href":"https:\/\/flaxmanlaw.com\/es\/wp-json\/wp\/v2\/pages"}],"about":[{"href":"https:\/\/flaxmanlaw.com\/es\/wp-json\/wp\/v2\/types\/page"}],"author":[{"embeddable":true,"href":"https:\/\/flaxmanlaw.com\/es\/wp-json\/wp\/v2\/users\/2"}],"replies":[{"embeddable":true,"href":"https:\/\/flaxmanlaw.com\/es\/wp-json\/wp\/v2\/comments?post=21668"}],"version-history":[{"count":0,"href":"https:\/\/flaxmanlaw.com\/es\/wp-json\/wp\/v2\/pages\/21668\/revisions"}],"wp:attachment":[{"href":"https:\/\/flaxmanlaw.com\/es\/wp-json\/wp\/v2\/media?parent=21668"}],"curies":[{"name":"wp","href":"https:\/\/api.w.org\/{rel}","templated":true}]}}