{"id":21670,"date":"2024-11-22T10:54:14","date_gmt":"2024-11-22T10:54:14","guid":{"rendered":"https:\/\/flaxmanlaw.wpenginepowered.com\/lesiones-personales-en-parkland\/"},"modified":"2025-05-06T09:13:42","modified_gmt":"2025-05-06T09:13:42","slug":"lesiones-personales-en-parkland","status":"publish","type":"page","link":"https:\/\/flaxmanlaw.com\/es\/lesiones-personales-en-parkland\/","title":{"rendered":"Lesiones personales en Parkland"},"content":{"rendered":"<h2>Lesiones personales en Parkland<\/h2>\n<div class=\"description\">\n<p>Parkland, Florida, es una comunidad conocida por su entorno de parques. Multitud de espacios verdes, parques, calles arboladas y esfuerzos medioambientales han garantizado que la comunidad siga siendo verde. De hecho, el ambiente de parque de la comunidad est\u00e1 protegido por estrictas leyes de zonificaci\u00f3n que garantizan la naturaleza \u00abverde\u00bb de la zona. Situado en el condado de Broward, Florida, Parkland incluso se resisti\u00f3 a la introducci\u00f3n de sem\u00e1foros y tiendas hasta principios de la d\u00e9cada de 2000 para proteger los espacios verdes de la comunidad. Si usted o un ser querido han sufrido lesiones personales en Parkland en un accidente automovil\u00edstico, accidente peatonal, volcadura de SUV, u otro incidente, usted necesita a un poderoso abogado de lesiones personales en Parkland a su lado. El Grupo Legal Flaxman se enorgullece de servir a la comunidad de Parkland. Si usted necesita un abogado de lesiones personales en Parkland calificado y experimentado, contacte al Grupo Legal Flaxman para una consulta inicial gratuita. Podemos asesorarle sobre su caso de lesiones personales en Parkland y ofrecerle asistencia inmediata. El <a href=\"https:\/\/flaxmanlaw.com\/\">Grupo Legal<\/a> Flaxman ofrece una representaci\u00f3n minuciosa y experimentada a las v\u00edctimas de lesiones personales en Parkland. Nuestro equipo jur\u00eddico est\u00e1 dedicado a sus necesidades legales y con miles de casos exitosos terminados, nuestro equipo jur\u00eddico cuenta con la experiencia que usted puede necesitar en su caso de lesiones personales en Parkland. Usted puede confiar su caso al Grupo Legal Flaxman. Le ofreceremos asesor\u00eda legal honesta y pr\u00e1ctica y le ayudaremos a comprender sus derechos, para que pueda tomar las decisiones correctas para usted en su caso de lesiones personales en Parkland. El compasivo y experimentado equipo del Grupo Legal Flaxman puede ayudar a las v\u00edctimas de lesiones personales en Parkland en muchas \u00e1reas de pr\u00e1ctica. Tenemos experiencia en casos de asbesto, accidentes por resbal\u00f3n y ca\u00edda, demandas de seguros, demandas por incendios, demandas por negligencia, y m\u00e1s. Como firma de servicios integrales, el Grupo Legal Flaxman puede investigar su caso de lesiones personales en Parkland, ayudar a encontrar a todas las partes responsables, revisar los documentos del seguro por usted, negociar con su aseguradora y lanzar una demanda legal en su nombre. Para enterarse de lo que el Grupo Legal Flaxman puede hacer por usted espec\u00edficamente, programe una <a href=\"https:\/\/flaxmanlaw.com\/contact\/\">consulta gratuita sobre accidentes<\/a> para hablar sobre su caso de lesiones personales en Parkland. Parkland, Florida, est\u00e1 a media hora manejando desde el despacho del Grupo Legal Flaxman en Hollywood. Para llegar a nuestras oficinas, conduzca hacia el suroeste por Holmberg Road y d\u00e9 vuelta a la izquierda en N University Drive. Despu\u00e9s, gira a la izquierda para incorporarte a FL-869 N y toma la salida Florida&#8217;s Turnpike S, en direcci\u00f3n a Miami. Incorp\u00f3rate a la autopista Florida&#8217;s Turnpike\/Ronald Reagan Turnpike y toma la salida 49. \u00c9sta es la salida hacia FL-820\/Hollywood Boulevard. Gira a la derecha en FL-820 E\/Hollywood Boulevard y luego a la izquierda en FL-7 N. Gira a la derecha en Johnson Street y avanza hasta el 5715 de Johnson Street, que es donde puedes encontrar al Grupo Legal Flaxman.<\/p>\n<\/div>\n","protected":false},"excerpt":{"rendered":"<p>Lesiones personales en Parkland Parkland, Florida, es una comunidad conocida por &#8230; <\/p>\n","protected":false},"author":2,"featured_media":0,"parent":0,"menu_order":0,"comment_status":"closed","ping_status":"closed","template":"template-practice-areas.php","meta":{"footnotes":""},"class_list":["post-21670","page","type-page","status-publish","hentry"],"featured_image_src":null,"featured_image_src_square":null,"_links":{"self":[{"href":"https:\/\/flaxmanlaw.com\/es\/wp-json\/wp\/v2\/pages\/21670","targetHints":{"allow":["GET"]}}],"collection":[{"href":"https:\/\/flaxmanlaw.com\/es\/wp-json\/wp\/v2\/pages"}],"about":[{"href":"https:\/\/flaxmanlaw.com\/es\/wp-json\/wp\/v2\/types\/page"}],"author":[{"embeddable":true,"href":"https:\/\/flaxmanlaw.com\/es\/wp-json\/wp\/v2\/users\/2"}],"replies":[{"embeddable":true,"href":"https:\/\/flaxmanlaw.com\/es\/wp-json\/wp\/v2\/comments?post=21670"}],"version-history":[{"count":0,"href":"https:\/\/flaxmanlaw.com\/es\/wp-json\/wp\/v2\/pages\/21670\/revisions"}],"wp:attachment":[{"href":"https:\/\/flaxmanlaw.com\/es\/wp-json\/wp\/v2\/media?parent=21670"}],"curies":[{"name":"wp","href":"https:\/\/api.w.org\/{rel}","templated":true}]}}