{"id":21671,"date":"2024-11-22T10:49:41","date_gmt":"2024-11-22T10:49:41","guid":{"rendered":"https:\/\/flaxmanlaw.wpenginepowered.com\/lesiones-personales-en-miramar\/"},"modified":"2025-02-05T14:34:59","modified_gmt":"2025-02-05T14:34:59","slug":"lesiones-personales-en-miramar","status":"publish","type":"page","link":"https:\/\/flaxmanlaw.com\/es\/lesiones-personales-en-miramar\/","title":{"rendered":"Lesiones personales en Miramar"},"content":{"rendered":"<h2>Lesiones personales en Miramar<\/h2>\n<div class=\"description\">\n<p>Miramar, Florida, est\u00e1 situada en el condado de Broward. Llamada as\u00ed por una comunidad de La Habana, Cuba, el lema de Miramar es \u00abBelleza y Progreso\u00bb. Miramar est\u00e1 profundamente comprometida con la conservaci\u00f3n y el desarrollo de espacios verdes en la comunidad. De hecho, la ciudad ha sido designada \u00abCiudad del \u00c1rbol, EE.UU.\u00bb por su labor de embellecimiento de la ciudad y por a\u00f1adir belleza natural a la zona. No es sorprendente que Miramar tenga muchos parques, incluido el Parque Regional de Miramar, que cuenta con m\u00e1s de 173 acres de espacios verdes, senderos y oportunidades recreativas. Uno de los parques y espacios art\u00edsticos m\u00e1s singulares de la comunidad es el Centro Cultural\/Parque de las Artes de Miramar. El centro cuenta con dos galer\u00edas de arte, aulas, jardines bot\u00e1nicos, un teatro y otras instalaciones. Adem\u00e1s de estos dos lugares emblem\u00e1ticos, Miramar tambi\u00e9n cuenta con dos instalaciones acu\u00e1ticas y cuatro centros recreativos. Sin embargo, si t\u00fa o un ser querido os veis afectados por un accidente de tr\u00e1fico o una lesi\u00f3n en Miramar, toda la belleza y las oportunidades de Miramar pueden palidecer ante el temor a la p\u00e9rdida de ingresos, las elevadas facturas m\u00e9dicas y otros da\u00f1os a los que deben hacer frente las v\u00edctimas de lesiones personales en Miramar. Si t\u00fa o un ser querido hab\u00e9is sufrido alg\u00fan tipo de lesi\u00f3n personal en Miramar, es vital que te pongas en contacto inmediatamente con un abogado cualificado especializado en lesiones personales en Miramar. Usted puede contactar a un abogado calificado llamando al <a href=\"https:\/\/flaxmanlaw.com\/lawyer-attorney-1118466\">Grupo Legal Flaxman<\/a> para una consulta sin costo y sin compromiso. Un buen abogado de lesiones personales en Miramar puede investigar las causas de su accidente y puede encontrar a todas las partes responsables. Un abogado puede negociar con su aseguradora para asegurarse de que usted no reciba menos de lo que merece. Un buen abogado de lesiones personales de Miramar puede asegurarse de que comprendes tus derechos y opciones y puede ofrecerte asesoramiento cuando lo necesites. Si presentas una demanda legal, tu abogado de lesiones personales en Miramar puede representarte. El equipo jur\u00eddico del Grupo Legal Flaxman ha ayudado exitosamente a miles de v\u00edctimas de lesiones personales en Miramar y en todo Florida. El Grupo Legal Flaxman comprende que una p\u00e9rdida financiera o lesiones personales en Miramar pueden afectar su vida para siempre, y es por ello que el compasivo equipo del Grupo Legal Flaxman hace todo lo posible para ayudar a cada cliente a obtener la mejor asesor\u00eda y representaci\u00f3n legales posibles. Con un equipo jur\u00eddico altamente capacitado y d\u00e9cadas de experiencia en el \u00e1rea, el Grupo Legal Flaxman ofrece los servicios legales en Miramar que usted puede necesitar para su caso de lesiones personales en Miramar. Para averiguar lo que el Grupo Legal Flaxman puede hacer por usted, <a href=\"https:\/\/flaxmanlaw.com\/lawyer-attorney-1118456\">contacte<\/a> hoy mismo al Grupo Legal Flaxman para una consulta sin costo y sin compromiso. Miramar, Florida, se localiza a unos 15 minutos del despacho en Hollywood del Grupo Legal Flaxman. Para llegar a nuestras oficinas, conduce hacia el norte por Executive Way, gira a la derecha en Miramar Parkway y luego a la izquierda en FL-7 N. Gira a la derecha en Johnson Street y conduce hasta el 5715 de Johnson Street, que es donde se encuentra el despacho. Si no puedes llegar f\u00e1cilmente a nuestras oficinas, el equipo legal del Grupo Legal Flaxman tambi\u00e9n est\u00e1 entusiasmado por reunirse con clientes en lugares de trabajo, hospitales, y hogares. S\u00f3lo hazle saber a nuestro equipo d\u00f3nde te resulta m\u00e1s conveniente reunirte cuando llames para programar tu consulta inicial gratuita.<\/p>\n<\/div>\n","protected":false},"excerpt":{"rendered":"<p>Lesiones personales en Miramar Miramar, Florida, est\u00e1 situada en el condado &#8230; <\/p>\n","protected":false},"author":2,"featured_media":0,"parent":0,"menu_order":0,"comment_status":"closed","ping_status":"closed","template":"template-practice-areas.php","meta":{"footnotes":""},"class_list":["post-21671","page","type-page","status-publish","hentry"],"featured_image_src":null,"featured_image_src_square":null,"_links":{"self":[{"href":"https:\/\/flaxmanlaw.com\/es\/wp-json\/wp\/v2\/pages\/21671","targetHints":{"allow":["GET"]}}],"collection":[{"href":"https:\/\/flaxmanlaw.com\/es\/wp-json\/wp\/v2\/pages"}],"about":[{"href":"https:\/\/flaxmanlaw.com\/es\/wp-json\/wp\/v2\/types\/page"}],"author":[{"embeddable":true,"href":"https:\/\/flaxmanlaw.com\/es\/wp-json\/wp\/v2\/users\/2"}],"replies":[{"embeddable":true,"href":"https:\/\/flaxmanlaw.com\/es\/wp-json\/wp\/v2\/comments?post=21671"}],"version-history":[{"count":0,"href":"https:\/\/flaxmanlaw.com\/es\/wp-json\/wp\/v2\/pages\/21671\/revisions"}],"wp:attachment":[{"href":"https:\/\/flaxmanlaw.com\/es\/wp-json\/wp\/v2\/media?parent=21671"}],"curies":[{"name":"wp","href":"https:\/\/api.w.org\/{rel}","templated":true}]}}