{"id":21674,"date":"2024-11-22T10:58:42","date_gmt":"2024-11-22T10:58:42","guid":{"rendered":"https:\/\/flaxmanlaw.wpenginepowered.com\/pembroke-pines-lesiones-personales\/"},"modified":"2024-11-22T10:58:42","modified_gmt":"2024-11-22T10:58:42","slug":"pembroke-pines-lesiones-personales","status":"publish","type":"page","link":"https:\/\/flaxmanlaw.com\/es\/pembroke-pines-lesiones-personales\/","title":{"rendered":"Pembroke Pines Lesiones Personales"},"content":{"rendered":"<h1>Pembroke Pines Lesiones Personales<\/h1>\n<div class=\"description\">\n<p>Pembroke Pines es una comunidad galardonada del condado de Broward, Florida. La segunda ciudad m\u00e1s grande del condado de Broward, Pembroke Pines ha sido nombrada una de las mejores ciudades para vivir en EE.UU. y tambi\u00e9n ha ganado el prestigioso \u00abAll-America City Award\u00bb de la Liga C\u00edvica Nacional. Adem\u00e1s, la comunidad tambi\u00e9n ha ganado el \u00abPremio a los logros sobresalientes 2005\u00bb de los \u00abPremios a la habitabilidad de la ciudad\u00bb. Muchas escuelas de la comunidad han recibido el \u00abPremio a la Escuela Cinco Estrellas\u00bb por su implicaci\u00f3n y excelencia en la comunidad. \u00ab\u00danete a nosotros y progresa con nosotros\u00bb es el lema de Pembroke Pines. Desde que se constituy\u00f3 en 1960, la comunidad ha sido conocida por su belleza natural y sus numerosos pinos, uno de los motivos por los que se le dio el nombre de Pembroke Pines. Inicialmente, la zona era en gran parte rural y agr\u00edcola. Tras la II Guerra Mundial, muchos militares se establecieron en la zona, aunque no fue hasta 1992 cuando Pembroke Pines experiment\u00f3 un gran auge demogr\u00e1fico. Cuando el Hurac\u00e1n Andrew azot\u00f3 Florida ese a\u00f1o, muchos residentes de Florida se trasladaron a Pembroke Pines desde sus hogares originales. El <a href=\"https:\/\/flaxmanlaw.com\/\">Grupo Legal Flaxman<\/a> se enorgullece de haber trabajado con muchos residentes de Pembroke Pines en casos de lesiones personales. Ayudar a la comunidad de Pembroke Pines ha sido una experiencia gratificante para el Grupo Legal Flaxman. Si usted o un ser querido ha sufrido lesiones personales en Pembroke Pines, puede llamar al Grupo Legal Flaxman en cualquier momento para programar una consulta gratuita y sin compromiso para hablar sobre su caso de lesiones personales en Pembroke Pines. El compasivo y experimentado equipo puede ayudarle a comprender sus derechos y opciones, puede ayudarle a revisar los documentos relacionados con su caso de lesiones personales en Pembroke Pines, puede ayudarle a negociar con su aseguradora, y puede ayudarle a investigar su accidente. El equipo jur\u00eddico del Grupo Legal Flaxman tambi\u00e9n tiene experiencia en calcular con precisi\u00f3n los verdaderos costos de un caso de lesiones personales en Pembroke Pines, en encontrar testigos expertos y otros profesionales para un caso, en representar a v\u00edctimas de lesiones personales en Pembroke Pines en demandas legales, y en encontrar a todas las partes responsables en un accidente. Si usted necesita una firma de servicios integrales con experimentados abogados de Pembroke Pines a su lado, <a href=\"https:\/\/flaxmanlaw.com\/contact\/\">contacte al Grupo Legal Flaxman<\/a> para recibir asistencia. El Grupo Legal Flaxman cuenta con d\u00e9cadas de experiencia en casos de lesiones personales en Pembroke Pines y en casos de lesiones personales en Florida. Nuestro equipo jur\u00eddico ha ayudado a miles de v\u00edctimas de lesiones personales en todo Florida y en Pembroke Pines despu\u00e9s de accidentes automovil\u00edsticos, accidentes de cami\u00f3n, y muchos otros tipos de accidentes. El Grupo Legal Flaxman tiene un historial probado de juicios exitosos y excelentes recomendaciones de clientes pasados que fueron ayudados por el Grupo Legal Flaxman en sus casos. Si usted necesita un abogado de lesiones personales en Pembroke Pines, llame hoy mismo al Grupo Legal Flaxman para hablar con nuestro equipo jur\u00eddico. Conducir desde Pembroke Pines, Florida, hasta las oficinas en Hollywood del Grupo Legal Flaxman toma s\u00f3lo unos siete minutos. Para hacer el trayecto, empieza conduciendo hacia el este por la Calle 8 SW y gira a la izquierda en el Boulevard 68 SW. Gira a la derecha en Hollywood Boulevard y luego a la izquierda en FL-7 N. Gira a la derecha en Johnson Street. El grupo Flaxman Law est\u00e1 situado a mano izquierda, en el 5715 de Johnson Street.    <\/p>\n<p>    Si no puedes visitarnos f\u00e1cilmente, el equipo legal del Grupo Legal Flaxman puede visitarte en tu casa, negocio, o en el hospital. Si necesitas programar una consulta, contacta hoy mismo al Grupo Legal Flaxman. <\/p>\n<\/div>\n","protected":false},"excerpt":{"rendered":"<p>Pembroke Pines Lesiones Personales Pembroke Pines es una comunidad galardonada del &#8230; <\/p>\n","protected":false},"author":2,"featured_media":0,"parent":0,"menu_order":0,"comment_status":"closed","ping_status":"closed","template":"template-practice-areas.php","meta":{"footnotes":""},"class_list":["post-21674","page","type-page","status-publish","hentry"],"featured_image_src":null,"featured_image_src_square":null,"_links":{"self":[{"href":"https:\/\/flaxmanlaw.com\/es\/wp-json\/wp\/v2\/pages\/21674","targetHints":{"allow":["GET"]}}],"collection":[{"href":"https:\/\/flaxmanlaw.com\/es\/wp-json\/wp\/v2\/pages"}],"about":[{"href":"https:\/\/flaxmanlaw.com\/es\/wp-json\/wp\/v2\/types\/page"}],"author":[{"embeddable":true,"href":"https:\/\/flaxmanlaw.com\/es\/wp-json\/wp\/v2\/users\/2"}],"replies":[{"embeddable":true,"href":"https:\/\/flaxmanlaw.com\/es\/wp-json\/wp\/v2\/comments?post=21674"}],"version-history":[{"count":0,"href":"https:\/\/flaxmanlaw.com\/es\/wp-json\/wp\/v2\/pages\/21674\/revisions"}],"wp:attachment":[{"href":"https:\/\/flaxmanlaw.com\/es\/wp-json\/wp\/v2\/media?parent=21674"}],"curies":[{"name":"wp","href":"https:\/\/api.w.org\/{rel}","templated":true}]}}