{"id":21678,"date":"2024-11-22T11:02:00","date_gmt":"2024-11-22T11:02:00","guid":{"rendered":"https:\/\/flaxmanlaw.wpenginepowered.com\/pompano-beach-lesiones-personales\/"},"modified":"2024-11-22T11:02:00","modified_gmt":"2024-11-22T11:02:00","slug":"pompano-beach-lesiones-personales","status":"publish","type":"page","link":"https:\/\/flaxmanlaw.com\/es\/pompano-beach-lesiones-personales\/","title":{"rendered":"Pompano Beach Lesiones Personales"},"content":{"rendered":"<h1>Pompano Beach Lesiones Personales<\/h1>\n<div class=\"description\"><strong class=\"heading4\">Pompano<\/strong>Beach, <strong class=\"heading4\">Florida Lesiones personalesPompano<\/strong>Beach, Florida, es una gran ciudad del <a href=\"https:\/\/flaxmanlaw.com\/broward-county\">condado de Broward<\/a>. Situada junto al oc\u00e9ano Atl\u00e1ntico, Pompano Beach tiene amplias vistas del agua, as\u00ed como muchas oportunidades recreativas. De hecho, la ciudad est\u00e1 remodelando su paseo mar\u00edtimo para aprovechar mejor sus vistas naturales del agua. Pompano Beach figura a menudo como uno de los principales mercados inmobiliarios vacacionales y uno de los principales mercados inmobiliarios en general, seg\u00fan fuentes respetadas como la revista Money, The Wall Street Journal y la CNN. Pompano Beach tambi\u00e9n es famosa por el Parque A\u00e9reo de Pompano Beach -donde se encuentra el Goodyear Blimp- y sus numerosos espacios verdes. Muchos famosos y atletas profesionales famosos viven en la ciudad, gracias a la abundancia de propiedades inmobiliarias de lujo. Pompano Beach debe su nombre a un pez de las aguas locales: el p\u00e1mpano de Florida. La ciudad se estableci\u00f3 por primera vez a finales de la d\u00e9cada de 1880, cuando el tren y los trabajadores del ferrocarril llegaron a la zona. La ciudad experiment\u00f3 un auge despu\u00e9s de la Segunda Guerra Mundial y de nuevo a finales del siglo XX. Pompano Beach sigue siendo tambi\u00e9n un lugar de vacaciones de primer orden para los \u00absnowbirds\u00bb. El <a href=\"https:\/\/flaxmanlaw.com\/\">Grupo Legal Flaxman<\/a> se enorgullece de servir a Pompano Beach y a las comunidades circundantes. Si usted ha sufrido lesiones en Pompano Beach en un <a href=\"https:\/\/flaxmanlaw.com\/lawyer-attorney-1119800\">accidente automovil\u00edstico<\/a>, <a href=\"https:\/\/flaxmanlaw.com\/lawyer-attorney-1457742\">accidente de cami\u00f3n<\/a>, accidente peatonal, o por otros medios, siempre puede contactar al Grupo Legal Flaxman cuando necesite un abogado calificado de <a href=\"https:\/\/flaxmanlaw.com\/lawyer-attorney-1121037\">lesiones personales<\/a> en Pompano Beach. El experimentado y profesional equipo jur\u00eddico del Grupo Legal Flaxman puede ayudarle a investigar su accidente, negociar con los proveedores de seguros, encontrar a todas las partes responsables, representarle en un juicio, e informarle de sus opciones legales. Es muy importante que las v\u00edctimas de lesiones personales en Pompano Beach <a href=\"https:\/\/flaxmanlaw.com\/contact\/\">contacten<\/a> r\u00e1pidamente a <a href=\"https:\/\/flaxmanlaw.com\/contact\/\">un abogado calificado en lesiones personales en Pompano Beach<\/a> despu\u00e9s de sufrir una lesi\u00f3n. No hacerlo puede significar que las v\u00edctimas renuncien inadvertidamente a sus derechos y tengan que pagar ellas mismas la mayor parte de las facturas m\u00e9dicas y los da\u00f1os materiales. Un abogado de lesiones personales cualificado en Pompano Beach puede ayudar a garantizar que esto no ocurra y puede asegurarse de que obtengas la protecci\u00f3n a la que tienes derecho seg\u00fan la ley. El equipo jur\u00eddico del Grupo Legal Flaxman cuenta con una extensa experiencia en casos de lesiones personales en Pompano Beach y en muchas \u00e1reas de pr\u00e1ctica. El equipo jur\u00eddico del Grupo Legal Flaxman ha trabajado con pacientes de <a href=\"https:\/\/flaxmanlaw.com\/lawyer-attorney-1121045\">la m\u00e9dula espinal<\/a> de Florida, v\u00edctimas <a href=\"https:\/\/flaxmanlaw.com\/lawyer-attorney-1121009\">de asbesto<\/a>, incidentes de <a href=\"https:\/\/flaxmanlaw.com\/lawyer-attorney-1121043\">resbal\u00f3n y ca\u00edda<\/a>, y m\u00e1s. <a href=\"https:\/\/flaxmanlaw.com\/charles-flaxman\/\">Charles Flaxman<\/a>, del Grupo Legal Flaxman, cuenta incluso con m\u00e1s de diez a\u00f1os de experiencia en la industria de las aseguradoras, un tipo de experiencia muy \u00fatil si usted necesita a alguien que negocie con las aseguradoras en su nombre. Nuestras d\u00e9cadas de experiencia en casos de lesiones personales en Pompano Beach y nuestra extensa experiencia en juicios nos convierten en una s\u00f3lida elecci\u00f3n para las v\u00edctimas de lesiones personales en Pompano Beach. Para averiguar lo que podemos hacer por usted, <a href=\"https:\/\/flaxmanlaw.com\/contact\/\">contacte hoy mismo al Grupo Legal Flaxman<\/a> para una consulta gratuita y sin compromiso para hablar sobre su caso de lesiones personales en Pompano Beach. Conducir desde Pompano Beach, Florida, hasta el despacho en Hollywood del Grupo Legal Flaxman toma s\u00f3lo unos 27 minutos. Para llegar, conduce hacia el sur por FL-811 S y gira a la derecha en W Atlantic Boulevard.     <\/p>\n<p>  Gira a la izquierda para incorporarte a la I-95 S en direcci\u00f3n a Miami, luego toma la salida 20 e incorp\u00f3rate a FL-820 W\/Hollywood Boulevard. Gira a la derecha en Hollywood Boulevard y otra vez a la derecha en N 56th Avenue. Gira a la izquierda en Johnson Street y dir\u00edgete al despacho del Grupo Legal Flaxman en el 5715 de Johnson Street. Si usted no puede manejar f\u00e1cilmente, el equipo jur\u00eddico del Grupo Legal Flaxman estar\u00e1 encantado de reunirse con usted en su casa, lugar de trabajo, o cuarto de hospital para hablar sobre su caso.   <\/p>\n<\/div>\n","protected":false},"excerpt":{"rendered":"<p>Pompano Beach Lesiones Personales PompanoBeach, Florida Lesiones personalesPompanoBeach, Florida, es una &#8230; <\/p>\n","protected":false},"author":2,"featured_media":0,"parent":0,"menu_order":0,"comment_status":"closed","ping_status":"closed","template":"template-practice-areas.php","meta":{"footnotes":""},"class_list":["post-21678","page","type-page","status-publish","hentry"],"featured_image_src":null,"featured_image_src_square":null,"_links":{"self":[{"href":"https:\/\/flaxmanlaw.com\/es\/wp-json\/wp\/v2\/pages\/21678","targetHints":{"allow":["GET"]}}],"collection":[{"href":"https:\/\/flaxmanlaw.com\/es\/wp-json\/wp\/v2\/pages"}],"about":[{"href":"https:\/\/flaxmanlaw.com\/es\/wp-json\/wp\/v2\/types\/page"}],"author":[{"embeddable":true,"href":"https:\/\/flaxmanlaw.com\/es\/wp-json\/wp\/v2\/users\/2"}],"replies":[{"embeddable":true,"href":"https:\/\/flaxmanlaw.com\/es\/wp-json\/wp\/v2\/comments?post=21678"}],"version-history":[{"count":0,"href":"https:\/\/flaxmanlaw.com\/es\/wp-json\/wp\/v2\/pages\/21678\/revisions"}],"wp:attachment":[{"href":"https:\/\/flaxmanlaw.com\/es\/wp-json\/wp\/v2\/media?parent=21678"}],"curies":[{"name":"wp","href":"https:\/\/api.w.org\/{rel}","templated":true}]}}