{"id":21679,"date":"2024-11-22T11:03:26","date_gmt":"2024-11-22T11:03:26","guid":{"rendered":"https:\/\/flaxmanlaw.wpenginepowered.com\/lesiones-personales-en-southwest-ranches\/"},"modified":"2025-02-05T14:28:51","modified_gmt":"2025-02-05T14:28:51","slug":"lesiones-personales-en-southwest-ranches","status":"publish","type":"page","link":"https:\/\/flaxmanlaw.com\/es\/lesiones-personales-en-southwest-ranches\/","title":{"rendered":"Lesiones personales en Southwest Ranches"},"content":{"rendered":"<h2>Lesiones personales en Southwest Ranches<\/h2>\n<div class=\"description\">\n<p><strong class=\"heading4\">Southwest Ranches, Florida Lesiones personalesSouthwest<\/strong>Ranches es una zona rural-h\u00edpica situada al borde de los famosos Everglades de Florida. Situado en <a href=\"https:\/\/flaxmanlaw.com\/lawyer-attorney-1686887.html\">el condado de Broward<\/a>, Florida, Southwest Ranches tiene muchos ranchos y granjas de caballos. La comunidad tambi\u00e9n tiene muchos senderos multiusos y v\u00edas verdes, que ofrecen kil\u00f3metros de senderos tanto para peatones como para jinetes. Southwest Ranches se toma muy en serio el mantenimiento de su patrimonio ecuestre y rural. Por este motivo, la comunidad se ha incorporado y ha aprobado muchas leyes de zonificaci\u00f3n para garantizar grandes parcelas, pocas aceras y pocas farolas. Estas leyes pretenden desalentar la p\u00e9rdida de la naturaleza tradicional de la comunidad. La ciudad ha adquirido siete parques: Trailside Park, Southwest Meadows Sanctuary\/Calusa Corners, Rolling Oaks Passive Park, Sunshine Ranches Equestrian Park, Southwest Meadows Sanctuary, Country Estates Fishing Hole y Frontier Trail. Cualquier d\u00eda se puede ver a los residentes de la comunidad paseando, montando a caballo o en bicicleta por los numerosos espacios verdes y senderos de la ciudad. Aunque Southwest Ranches es una comunidad ideal para muchos, las lesiones personales y los accidentes pueden ocurrir en Southwest Ranches con la misma facilidad que en cualquier otro lugar. Si t\u00fa o un ser querido hab\u00e9is sufrido <a href=\"https:\/\/flaxmanlaw.com\/lawyer-attorney-1121037.html\">lesiones<\/a> personales en Southwest Ranches por un <a href=\"https:\/\/flaxmanlaw.com\/lawyer-attorney-1121035.html\">accidente peatonal<\/a>, ecuestre o de otro tipo, necesit\u00e1is un abogado cualificado especializado en lesiones personales en Southwest Ranches. Incluso con una buena cobertura de seguro, es posible que no obtengas el importe de la indemnizaci\u00f3n que necesitas para pagar todos los da\u00f1os materiales y los gastos m\u00e9dicos relacionados con tus lesiones. Muchas v\u00edctimas de accidentes se sorprenden al descubrir que tienen que pagar miles o incluso decenas de miles de d\u00f3lares de su bolsillo por sus lesiones. Un buen asesoramiento jur\u00eddico de un abogado de lesiones personales de Southwest Ranches puede ayudarte a evitar tener que pagar muchos gastos de tu bolsillo. Si usted necesita un abogado calificado de lesiones personales en Southwest Ranches, <a href=\"https:\/\/flaxmanlaw.com\/lawyer-attorney-1118456.html\">contacte al equipo jur\u00eddico del Grupo Legal Flaxman<\/a>. El Grupo Legal Flaxman se enorgullece de servir a Southwest Ranches y a las comunidades circundantes, as\u00ed como a las comunidades de todo Florida del Sur. Nuestro equipo jur\u00eddico cuenta con d\u00e9cadas de experiencia, as\u00ed como con miles de casos de lesiones personales en Florida exitosamente terminados. Hemos ayudado a recuperar muchos millones de d\u00f3lares a favor de clientes y podemos ayudar a las v\u00edctimas de lesiones personales de Southwest Ranches a obtener la asesor\u00eda legal s\u00f3lida que necesitan. El equipo jur\u00eddico del Grupo Legal Flaxman comprende que los casos de lesiones personales en Southwest Ranches no son s\u00f3lo casos, son tambi\u00e9n incidentes que tienen el poder de afectar a familias enteras. Entendemos que una lesi\u00f3n puede dejarte sufriendo f\u00edsica y financieramente. Es posible que sientas dolor tras un accidente y que tengas que hacer frente a una p\u00e9rdida de ingresos, as\u00ed como a elevadas facturas m\u00e9dicas. Nuestro equipo legal tiene la experiencia para ayudar ofreci\u00e9ndote asesor\u00eda legal que puede ayudarte a entender tus opciones y tus derechos. El Grupo Legal Flaxman ofrece informaci\u00f3n legal honesta para que puedas tomar la decisi\u00f3n correcta para ti. Si decides emprender una demanda legal, tenemos la experiencia en juicios para representarte ante los tribunales. El despacho en Hollywood del Grupo Legal Flaxman est\u00e1 ubicado a poco m\u00e1s de veinte minutos de Southwest Ranches, Florida.<\/p>\n<p>Para llegar a las oficinas, conduce hacia el norte por SW 142nd Avenue\/Hancock Road y gira a la derecha en Griffin Road, seguida de otra derecha en FL-7 S\/US-441 S. Gira a la izquierda en Johnson Street. Las oficinas del Grupo Legal Flaxman est\u00e1n a la izquierda, en el 5715 de Johnson Street. Si tus lesiones personales en Southwest Ranches no te permiten hacer el viaje, el Grupo Legal Flaxman estar\u00e1 encantado de reunirse contigo en tu casa, lugar de trabajo, u hospital para hablar sobre tu caso. S\u00f3lo llama para concertar una cita.<\/p>\n<\/div>\n","protected":false},"excerpt":{"rendered":"<p>Lesiones personales en Southwest Ranches Southwest Ranches, Florida Lesiones personalesSouthwestRanches es &#8230; <\/p>\n","protected":false},"author":2,"featured_media":0,"parent":0,"menu_order":0,"comment_status":"closed","ping_status":"closed","template":"template-practice-areas.php","meta":{"footnotes":""},"class_list":["post-21679","page","type-page","status-publish","hentry"],"featured_image_src":null,"featured_image_src_square":null,"_links":{"self":[{"href":"https:\/\/flaxmanlaw.com\/es\/wp-json\/wp\/v2\/pages\/21679","targetHints":{"allow":["GET"]}}],"collection":[{"href":"https:\/\/flaxmanlaw.com\/es\/wp-json\/wp\/v2\/pages"}],"about":[{"href":"https:\/\/flaxmanlaw.com\/es\/wp-json\/wp\/v2\/types\/page"}],"author":[{"embeddable":true,"href":"https:\/\/flaxmanlaw.com\/es\/wp-json\/wp\/v2\/users\/2"}],"replies":[{"embeddable":true,"href":"https:\/\/flaxmanlaw.com\/es\/wp-json\/wp\/v2\/comments?post=21679"}],"version-history":[{"count":0,"href":"https:\/\/flaxmanlaw.com\/es\/wp-json\/wp\/v2\/pages\/21679\/revisions"}],"wp:attachment":[{"href":"https:\/\/flaxmanlaw.com\/es\/wp-json\/wp\/v2\/media?parent=21679"}],"curies":[{"name":"wp","href":"https:\/\/api.w.org\/{rel}","templated":true}]}}