{"id":21683,"date":"2024-11-22T11:27:03","date_gmt":"2024-11-22T11:27:03","guid":{"rendered":"https:\/\/flaxmanlaw.wpenginepowered.com\/lesiones-personales-en-el-condado-de-miami-dade\/"},"modified":"2025-02-10T04:49:45","modified_gmt":"2025-02-10T04:49:45","slug":"lesiones-personales-en-el-condado-de-miami-dade","status":"publish","type":"page","link":"https:\/\/flaxmanlaw.com\/es\/lesiones-personales-en-el-condado-de-miami-dade\/","title":{"rendered":"Lesiones personales en el condado de Miami-Dade"},"content":{"rendered":"<h2>Condado de Miami-Dade<\/h2>\n<div class=\"description\">\n<p>El condado de Miami-Dade, el mayor por poblaci\u00f3n del estado, est\u00e1 situado en el sureste de Florida. Con una poblaci\u00f3n de m\u00e1s de 2,7 millones de habitantes, este condado costero cuenta con kil\u00f3metros de playas y espacios verdes, as\u00ed como con algunas de las atracciones y parques tem\u00e1ticos m\u00e1s conocidos del pa\u00eds, lo que lo convierte en uno de los destinos tur\u00edsticos m\u00e1s pr\u00f3speros del mundo. Con oficinas en el Condado de Miami-Dade, el Grupo Legal Flaxman se enorgullece de formar parte de la comunidad. Al igual que en cualquier comunidad, los casos de lesiones personales y las lesiones ocurren aqu\u00ed, y nuestro equipo legal est\u00e1 listo para apoyar a aquellos que han resultado lesionados sin tener la culpa. Poni\u00e9ndote en contacto con nuestro bufete de abogados especializados en lesiones, podr\u00e1s hablar con un abogado especializado en lesiones personales que te ayudar\u00e1 a comprender si puedes tener una reclamaci\u00f3n. Estamos orgullosos de servir a las numerosas y hermosas ciudades del condado de Miami-Dade, entre ellas:<\/p>\n<ul class=\"no-spacing-list -two-columns\">\n<li><a href=\"https:\/\/flaxmanlaw.com\/aventura-personal-injury.html\"><strong>Aventura<\/strong><\/a><\/li>\n<li><a href=\"https:\/\/flaxmanlaw.com\/biscayne-park-personal-injury.html\"><strong>Parque Biscayne<\/strong><\/a><\/li>\n<li><a href=\"https:\/\/flaxmanlaw.com\/coral-gables-personal-injury.html\"><strong>Coral Gables<\/strong><\/a><\/li>\n<li><a href=\"https:\/\/flaxmanlaw.com\/hialeah-personal-injury.html\"><strong>Hialeah<\/strong><\/a><\/li>\n<li><a href=\"https:\/\/flaxmanlaw.com\/homestead-personal-injury.html\"><strong>Homestead<\/strong><\/a><\/li>\n<li><a href=\"https:\/\/flaxmanlaw.com\/key-biscayne-personal-injury.html\"><strong>Cayo Vizca\u00edno<\/strong><\/a><\/li>\n<li><a href=\"https:\/\/flaxmanlaw.com\/medley-personal-injury.html\"><strong>Medley<\/strong><\/a><\/li>\n<li><a href=\"https:\/\/flaxmanlaw.com\/miami-personal-injury.html\"><strong>Miami<\/strong><\/a><\/li>\n<li><a href=\"https:\/\/flaxmanlaw.com\/miami-beach-personal-injury.html\"><strong>Miami Playa<\/strong><\/a><\/li>\n<li><a href=\"https:\/\/flaxmanlaw.com\/miami-gardens-personal-injury.html\"><strong>Miami Gardens<\/strong><\/a><\/li>\n<li><a href=\"https:\/\/flaxmanlaw.com\/miami-lakes-personal-injury.html\"><strong>Lagos de Miami<\/strong><\/a><\/li>\n<li><a href=\"https:\/\/flaxmanlaw.com\/miami-shores-personal-injury.html\"><strong>Miami Shores<\/strong><\/a><\/li>\n<li><a href=\"https:\/\/flaxmanlaw.com\/miami-springs-personal-injury.html\"><strong>Miami Springs<\/strong><\/a><\/li>\n<li><a href=\"https:\/\/flaxmanlaw.com\/north-bay-village-personal-injury.html\"><strong>Pueblo de North Bay<\/strong><\/a><\/li>\n<li><a href=\"https:\/\/flaxmanlaw.com\/north-miami-personal-injury.html\"><strong>Norte de Miami<\/strong><\/a><\/li>\n<li><a href=\"https:\/\/flaxmanlaw.com\/north-miami-beach-personal-injury.html\"><strong>North Miami Beach<\/strong><\/a><\/li>\n<li><a href=\"https:\/\/flaxmanlaw.com\/opa-locka-personal-injury.html\"><strong>Opa-Locka<\/strong><\/a><\/li>\n<li><a href=\"https:\/\/flaxmanlaw.com\/palmetto-bay-personal-injury.html\"><strong>Bah\u00eda Palmetto<\/strong><\/a><\/li>\n<li><a href=\"https:\/\/flaxmanlaw.com\/south-miami-personal-injury.html\"><strong>Sur de Miami<\/strong><\/a><\/li>\n<li><a href=\"https:\/\/flaxmanlaw.com\/sunny-isles-beach-personal-injury.html\"><strong>Sunny Isles Beach<\/strong><\/a><\/li>\n<li><a href=\"https:\/\/flaxmanlaw.com\/virginia-gardens-personal-injury.html\"><strong>Jardines de Virginia<\/strong><\/a><\/li>\n<li><a href=\"https:\/\/flaxmanlaw.com\/west-miami-personal-injury.html\"><strong>Oeste de Miami<\/strong><\/a><\/li>\n<\/ul>\n<p><strong class=\"heading4\">Lesiones en el condado<\/strong>de Miami-DadeComo en cualquier regi\u00f3n del pa\u00eds, en el condado de Miami-Dade se producen muchas lesiones. Lo que hace \u00fanico al condado de Miami-Dade es que, como lugar tur\u00edstico, sufre muchas lesiones sufridas por turistas y tambi\u00e9n por trabajadores y lugare\u00f1os de parques tem\u00e1ticos o del sector tur\u00edstico. Las lesiones en cruceros, por ejemplo, son m\u00e1s frecuentes en el condado de Miami-Dade que en otras partes del pa\u00eds, simplemente porque Miami es un importante puerto de escala. Sufrir una lesi\u00f3n en cualquier momento es un reto, pero puede ser a\u00fan m\u00e1s dif\u00edcil si est\u00e1s de visita en la zona o si tienes un accidente de coche u otro incidente con una persona que no reside en el condado de Miami-Dade. Estas situaciones pueden ser m\u00e1s complejas porque puedes estar tratando con compa\u00f1\u00edas de seguros de otras partes del pa\u00eds o incluso de otros pa\u00edses. Adem\u00e1s, muchos de los cruceros del puerto pueden ser propiedad de empresas con sede fuera de Florida, lo que convierte la jurisdicci\u00f3n en un problema. Adem\u00e1s, los millones de visitantes del condado de Miami-Dade pueden crear una presi\u00f3n adicional sobre el tr\u00e1fico y el transporte. De hecho, el condado de Miami-Dade est\u00e1 entre los primeros del pa\u00eds en accidentes de atropello y fuga, accidentes de tr\u00e1fico y accidentes de peatones y ciclistas. Esto puede significar que las lesiones pueden ser m\u00e1s frecuentes aqu\u00ed que en otras partes del pa\u00eds, y los sistemas de tormentas suelen afectar desproporcionadamente a zonas costeras como el condado de Miami-Dade, lo que tambi\u00e9n puede provocar lesiones y da\u00f1os materiales. <strong class=\"heading4\">Encontrar un abogado en el condado de Miami-DadeSi<\/strong>te has lesionado en el condado de Miami-Dade, seas residente o visitante, puedes tener derecho a reclamar si tus lesiones fueron causadas por la negligencia de alguien. Tras tu lesi\u00f3n, puede que pierdas ingresos porque no puedes trabajar mientras te recuperas, puede que tengas que pagar una atenci\u00f3n m\u00e9dica continuada, puede que hayas perdido o da\u00f1ado bienes en el incidente que caus\u00f3 tu lesi\u00f3n, y puede que tambi\u00e9n hayas sufrido p\u00e9rdidas adicionales. Una demanda por lesiones personales puede ayudarte a buscar una indemnizaci\u00f3n por estos gastos, para que puedas pagar los cuidados y reponer los ingresos perdidos mientras te curas. En el condado de Miami-Dade hay muchos abogados. Si te has lesionado, querr\u00e1s encontrar un abogado experimentado con un historial de victorias judiciales y acuerdos extrajudiciales. Tambi\u00e9n querr\u00e1s un abogado que se preocupe por tu situaci\u00f3n. Puesto que vais a trabajar juntos durante meses, es importante contar con un abogado con el que te sientas c\u00f3modo. Muchos de nuestros clientes recomiendan al Grupo Legal Flaxman a amigos y familiares. Nuestro equipo legal cuenta con m\u00e1s de 60 a\u00f1os de experiencia combinada y tenemos un historial de asegurar m\u00e1s de 100 millones de d\u00f3lares para nuestros clientes. Lo mejor de todo es que nuestras l\u00edneas telef\u00f3nicas est\u00e1n disponibles 24\/7 y nuestro compasivo equipo est\u00e1 aqu\u00ed para ayudarte, desde ayudarte a entender tu demanda hasta ocuparse de los peque\u00f1os detalles, como ayudarte a encontrar un auto rentado, despu\u00e9s de tu accidente. Si has resultado lesionado, averigua qu\u00e9 puede hacer el Grupo Legal Flaxman y discute si tienes una demanda. <a href=\"https:\/\/flaxmanlaw.com\/contact-us.html\">Cont\u00e1ctanos para una consulta gratuita y sin compromiso<\/a>.<\/p>\n<\/div>\n","protected":false},"excerpt":{"rendered":"<p>Condado de Miami-Dade El condado de Miami-Dade, el mayor por poblaci\u00f3n &#8230; <\/p>\n","protected":false},"author":2,"featured_media":0,"parent":0,"menu_order":0,"comment_status":"closed","ping_status":"closed","template":"template-practice-areas.php","meta":{"footnotes":""},"class_list":["post-21683","page","type-page","status-publish","hentry"],"featured_image_src":null,"featured_image_src_square":null,"_links":{"self":[{"href":"https:\/\/flaxmanlaw.com\/es\/wp-json\/wp\/v2\/pages\/21683","targetHints":{"allow":["GET"]}}],"collection":[{"href":"https:\/\/flaxmanlaw.com\/es\/wp-json\/wp\/v2\/pages"}],"about":[{"href":"https:\/\/flaxmanlaw.com\/es\/wp-json\/wp\/v2\/types\/page"}],"author":[{"embeddable":true,"href":"https:\/\/flaxmanlaw.com\/es\/wp-json\/wp\/v2\/users\/2"}],"replies":[{"embeddable":true,"href":"https:\/\/flaxmanlaw.com\/es\/wp-json\/wp\/v2\/comments?post=21683"}],"version-history":[{"count":0,"href":"https:\/\/flaxmanlaw.com\/es\/wp-json\/wp\/v2\/pages\/21683\/revisions"}],"wp:attachment":[{"href":"https:\/\/flaxmanlaw.com\/es\/wp-json\/wp\/v2\/media?parent=21683"}],"curies":[{"name":"wp","href":"https:\/\/api.w.org\/{rel}","templated":true}]}}