{"id":21685,"date":"2024-11-22T11:27:41","date_gmt":"2024-11-22T11:27:41","guid":{"rendered":"https:\/\/flaxmanlaw.wpenginepowered.com\/lesiones-personales-en-aventura\/"},"modified":"2025-02-05T14:34:17","modified_gmt":"2025-02-05T14:34:17","slug":"lesiones-personales-en-aventura","status":"publish","type":"page","link":"https:\/\/flaxmanlaw.com\/es\/lesiones-personales-en-aventura\/","title":{"rendered":"Lesiones personales en Aventura"},"content":{"rendered":"<h2>Lesiones personales en Aventura<\/h2>\n<div class=\"description\">\n<p>Aventura es una popular comunidad suburbana del <a href=\"https:\/\/flaxmanlaw.com\/lawyer-attorney-1663721.html\">condado de Miami-Dade<\/a>, en Florida. Llamada as\u00ed por la palabra espa\u00f1ola Aventura, Aventura es una hermosa comunidad conocida por su impresionante centro comercial Aventura Mall, as\u00ed como por sus calles seguras. Aventura, Florida, es un gran lugar para visitar y un gran lugar para formar una familia. Con veranos largos e inviernos cortos y c\u00e1lidos, Aventura presume de un clima perfecto, lo que facilita la exploraci\u00f3n de las playas cercanas o del conocido Parque de los Fundadores de la comunidad.<\/p>\n<p><a href=\"https:\/\/flaxmanlaw.com\/\">El Grupo Legal Flaxman<\/a> se enorgullece de trabajar con clientes de Aventura. Nuestro bufete ha trabajado con \u00e9xito con muchas v\u00edctimas de lesiones personales de Aventura y podemos ayudarte a ti tambi\u00e9n si necesitas asesoramiento jur\u00eddico en un caso de lesiones personales en Florida. Trabajamos con muchos tipos de casos <a href=\"https:\/\/flaxmanlaw.com\/lawyer-attorney-1121037.html\">de lesiones personales<\/a> en Aventura, incluidos <a href=\"https:\/\/flaxmanlaw.com\/lawyer-attorney-1119800.html\">accidentes de coche<\/a>, <a href=\"https:\/\/flaxmanlaw.com\/lawyer-attorney-1457742.html\">accidentes de cami\u00f3n<\/a>, <a href=\"https:\/\/flaxmanlaw.com\/lawyer-attorney-1121043.html\">accidentes por resbalones y ca\u00eddas<\/a>, y muchos otros tipos de accidentes. Si usted ha resultado lesionado como resultado de la negligencia o imprudencia de alguien, no renuncie a sus derechos. En lugar de eso, <a href=\"https:\/\/flaxmanlaw.com\/lawyer-attorney-1118456.html\">contacte a<\/a> los abogados de lesiones personales en Aventura del Grupo Legal Flaxman.<\/p>\n<p>Nuestros profesionales compasivos ofrecen ayuda inmediata las 24 horas del d\u00eda. Si has sufrido una lesi\u00f3n personal grave en Aventura, como una <a href=\"https:\/\/flaxmanlaw.com\/lawyer-attorney-1121045.html\">lesi\u00f3n medular<\/a> o <a href=\"https:\/\/flaxmanlaw.com\/lawyer-attorney-1121001.html\">una quemadura<\/a>, puedes llamar a nuestro n\u00famero gratuito 866-352-9626. Siempre hay alguien disponible para ofrecerte ayuda y asesoramiento inmediatos. En el Grupo Legal Flaxman, comprendemos que los asuntos legales no son tu \u00fanica preocupaci\u00f3n, por lo que te ofrecemos asesoramiento inmediato. Podemos ofrecerte asesoramiento jur\u00eddico personalizado sobre tu caso de lesiones personales en Aventura, pero tambi\u00e9n podemos aconsejarte c\u00f3mo conseguir que reparen o sustituyan tu coche si has sufrido un accidente de tr\u00e1fico en Aventura y podemos ayudarte a conseguir ayuda m\u00e9dica si la necesitas. Nos preocupamos por ti, no s\u00f3lo por tu caso, y nuestro compasivo equipo se asegurar\u00e1 de que recibas el asesoramiento y la ayuda que necesitas.<\/p>\n<p>Por supuesto, si has tenido un accidente de cami\u00f3n o <a href=\"https:\/\/flaxmanlaw.com\/lawyer-attorney-1120997.html\">de barco<\/a> en Aventura, o has sufrido lesiones personales de alg\u00fan otro modo, tambi\u00e9n tendr\u00e1s que salvaguardar tus derechos. El Grupo Legal Flaxman puede ayudarte a protegerte y puede ayudarte a representarte si decides seguir adelante con tu caso. Si no est\u00e1s seguro de qu\u00e9 hacer, el Grupo Legal Flaxman te ofrece obligaciones gratuitas y sin coste alguno. S\u00f3lo tienes que llamar a nuestro n\u00famero y podemos quedar en tu casa, oficina o habitaci\u00f3n de hospital. Podemos hablar de tu caso, ofrecerte asesoramiento jur\u00eddico y ayudarte a comprender tus opciones para que puedas tomar una decisi\u00f3n informada sobre tu lesi\u00f3n.<\/p>\n<p><a href=\"https:\/\/flaxmanlaw.com\/lawyer-attorney-1120139.html\">Charles Flaxman<\/a>, del Grupo Legal Flaxman, es un experimentado abogado de lesiones personales en Aventura. Con m\u00e1s de dos d\u00e9cadas de experiencia en lesiones personales y diez a\u00f1os de experiencia como perito de reclamaciones de compa\u00f1\u00edas de seguros, Charles Flaxman entiende el sector de los seguros y la ley y sabe qu\u00e9 hacer para ayudarte si has sufrido lesiones. Si has sufrido lesiones personales en Aventura, contacta hoy mismo a Charles Flaxman, del Grupo Legal Flaxman, para recibir una consulta gratuita sobre accidentes.<\/p>\n<p>Si est\u00e1s en Aventura y necesitas un buen abogado de lesiones personales en Aventura, nuestras oficinas de Hollywood est\u00e1n situadas a un c\u00f3modo trayecto de 18 minutos. Simplemente toma Aventura Blvd y gira a la derecha en US-1 N\/Biscayne Blvd. Gira a la izquierda en FL-858 W\/E Hallandale Beach Blvd y luego gira a la derecha en FL-7 N\/US-441 N. Gira a la derecha en Johnson St, donde est\u00e1n nuestras oficinas.<\/p>\n<\/div>\n","protected":false},"excerpt":{"rendered":"<p>Lesiones personales en Aventura Aventura es una popular comunidad suburbana del &#8230; <\/p>\n","protected":false},"author":2,"featured_media":0,"parent":0,"menu_order":0,"comment_status":"closed","ping_status":"closed","template":"template-practice-areas.php","meta":{"footnotes":""},"class_list":["post-21685","page","type-page","status-publish","hentry"],"featured_image_src":null,"featured_image_src_square":null,"_links":{"self":[{"href":"https:\/\/flaxmanlaw.com\/es\/wp-json\/wp\/v2\/pages\/21685","targetHints":{"allow":["GET"]}}],"collection":[{"href":"https:\/\/flaxmanlaw.com\/es\/wp-json\/wp\/v2\/pages"}],"about":[{"href":"https:\/\/flaxmanlaw.com\/es\/wp-json\/wp\/v2\/types\/page"}],"author":[{"embeddable":true,"href":"https:\/\/flaxmanlaw.com\/es\/wp-json\/wp\/v2\/users\/2"}],"replies":[{"embeddable":true,"href":"https:\/\/flaxmanlaw.com\/es\/wp-json\/wp\/v2\/comments?post=21685"}],"version-history":[{"count":0,"href":"https:\/\/flaxmanlaw.com\/es\/wp-json\/wp\/v2\/pages\/21685\/revisions"}],"wp:attachment":[{"href":"https:\/\/flaxmanlaw.com\/es\/wp-json\/wp\/v2\/media?parent=21685"}],"curies":[{"name":"wp","href":"https:\/\/api.w.org\/{rel}","templated":true}]}}