{"id":21687,"date":"2024-11-22T11:28:02","date_gmt":"2024-11-22T11:28:02","guid":{"rendered":"https:\/\/flaxmanlaw.wpenginepowered.com\/lesiones-personales-en-biscayne-park\/"},"modified":"2025-02-05T10:30:49","modified_gmt":"2025-02-05T10:30:49","slug":"lesiones-personales-en-biscayne-park","status":"publish","type":"page","link":"https:\/\/flaxmanlaw.com\/es\/lesiones-personales-en-biscayne-park\/","title":{"rendered":"Lesiones personales en Biscayne Park"},"content":{"rendered":"<h2>Lesiones personales en Biscayne Park<\/h2>\n<div class=\"description\">\n<p>Biscayne Park es una comunidad del <a href=\"https:\/\/flaxmanlaw.com\/lawyer-attorney-1663721.html\">condado de Miami-Dade<\/a>, en Florida. Esta comunidad hist\u00f3rica se fund\u00f3 en 1933 y hoy es conocida por su belleza natural. Uno de los lugares m\u00e1s caracter\u00edsticos de Biscayne Park es la caba\u00f1a de madera, que forma parte de la historia de la ciudad. Cuando se fund\u00f3 Biscayne Park en 1933, la Depresi\u00f3n afectaba a muchos proyectos y oportunidades. Sin embargo, cuando los habitantes de la nueva comunidad decidieron que quer\u00edan construir una estructura, utilizaron mano de obra local y recaudaron dinero para construir una caba\u00f1a de troncos. La caba\u00f1a de madera se eligi\u00f3 por su vinculaci\u00f3n con los d\u00edas de la frontera y pretend\u00eda recordar a los residentes las alegr\u00edas de una vida m\u00e1s sencilla. Hoy en d\u00eda, la caba\u00f1a de madera sigue siendo uno de los rasgos m\u00e1s distintivos de Biscayne Park y muy apreciada por los residentes.<\/p>\n<p><a href=\"https:\/\/flaxmanlaw.com\/\">El Grupo Legal Flaxman<\/a> ha estado sirviendo a Biscayne Park y sus alrededores desde sus oficinas en las cercan\u00edas de Hollywood, Florida. El Grupo Legal Flaxman ha ayudado a muchas v\u00edctimas <a href=\"https:\/\/flaxmanlaw.com\/lawyer-attorney-1121037.html\">de lesiones personales<\/a> en Biscayne Park a obtener la asesor\u00eda y representaci\u00f3n legal que necesitaban para seguir adelante con sus vidas. Si has sufrido una lesi\u00f3n grave en Biscayne Park por negligencia o descuido de alguien, tambi\u00e9n podemos ayudarte a obtener la atenci\u00f3n de calidad y el asesoramiento jur\u00eddico que necesitas para iniciar la recuperaci\u00f3n.<\/p>\n<p>El Grupo Legal Flaxman es una firma de abogados de lesiones personales en Biscayne Park con la experiencia que usted necesita para recuperarse. <a href=\"https:\/\/flaxmanlaw.com\/lawyer-attorney-1120139.html\">Charles Flaxman<\/a>, del Grupo Legal Flaxman, trabaj\u00f3 durante diez a\u00f1os en la industria de los seguros y cuenta con m\u00e1s de veinte a\u00f1os de experiencia como abogado de lesiones personales en Biscayne Park. Tiene experiencia en seguros para negociar con las aseguradoras desde una posici\u00f3n de fuerza. Si tu caso llega a los tribunales, sus m\u00e1s de dos d\u00e9cadas de experiencia jur\u00eddica te garantizar\u00e1n una representaci\u00f3n legal experimentada y profesional. El Grupo Legal Flaxman ha ayudado a clientes de lesiones personales de Biscayne Park que han resultado lesionados en <a href=\"https:\/\/flaxmanlaw.com\/lawyer-attorney-1120997.html\">accidentes de barco<\/a>, <a href=\"https:\/\/flaxmanlaw.com\/lawyer-attorney-1457752.html\">accidentes de tren<\/a>, <a href=\"https:\/\/flaxmanlaw.com\/lawyer-attorney-1457742.html\">accidentes de cami\u00f3n<\/a>, <a href=\"https:\/\/flaxmanlaw.com\/lawyer-attorney-1119800.html\">accidentes de coche<\/a> y otros accidentes. Hemos trabajado con v\u00edctimas de <a href=\"https:\/\/flaxmanlaw.com\/lawyer-attorney-1121001.html\">lesiones por quemaduras<\/a> en Biscayne Park, v\u00edctimas de <a href=\"https:\/\/flaxmanlaw.com\/lawyer-attorney-1121045.html\">lesiones medulares<\/a>, <a href=\"https:\/\/flaxmanlaw.com\/lawyer-attorney-1121001.html\">pacientes quemados<\/a> y muchos otros tipos de pacientes. Podemos ayudarte ofreci\u00e9ndote asesoramiento jur\u00eddico de calidad y representaci\u00f3n en tu caso.<\/p>\n<p>No te equivoques: una lesi\u00f3n personal en Biscayne Park puede afectar dr\u00e1sticamente a todos los \u00e1mbitos de tu vida. Puede afectar a tu capacidad para trabajar y participar en las actividades cotidianas. Puede dejarte con grandes facturas m\u00e9dicas y puede robarte a\u00f1os de tu vida. Sin un abogado cualificado en lesiones personales de Biscayne Park, tendr\u00e1s que afrontar estos gastos y p\u00e9rdidas por tu cuenta. Sin embargo, con un bufete de abogados de lesiones personales en Biscayne Park como el Grupo Flaxman a tu lado, cuentas con un abogado experimentado. Tu abogado de lesiones personales de Biscayne Park puede ofrecerte asesoramiento, explicarte tus opciones legales, negociar con las compa\u00f1\u00edas de seguros, investigar tu accidente y buscar agresivamente todos los recursos a los que puedas tener derecho seg\u00fan la legislaci\u00f3n de Florida.<\/p>\n<p>Si necesitas un abogado de lesiones personales cualificado en Biscayne Park, <a href=\"https:\/\/flaxmanlaw.com\/lawyer-attorney-1118456.html\">contacta<\/a> hoy mismo <a href=\"https:\/\/flaxmanlaw.com\/lawyer-attorney-1118456.html\">con el Grupo Legal Flaxman<\/a>. Puedes contactar con nosotros r\u00e1pida y f\u00e1cilmente por tel\u00e9fono llamando al n\u00famero gratuito 866-352-9626. Nuestro personal, compasivo y experto, puede ofrecerte asistencia inmediata y programar tu consulta gratuita y sin compromiso en Biscayne Park, en tu habitaci\u00f3n del hospital, en tu casa o en tu lugar de trabajo. Durante la consulta, puedes obtener asesoramiento inmediato, respuestas a tus preguntas e informaci\u00f3n detallada sobre tus opciones, para que puedas determinar qu\u00e9 quieres hacer a continuaci\u00f3n. Si conoces tus opciones, podr\u00e1s tomar la mejor decisi\u00f3n, con conocimiento de causa, en tu situaci\u00f3n.<\/p>\n<p>Biscayne Park est\u00e1 a poca distancia en coche de los despachos de abogados del Grupo Flaxman. Desde Biscayne Park, conduce hacia el oeste por NE 116th St hacia NE 8th Ave y gira a la derecha en NE 6th Ave. Gira a la izquierda en NE 125th St y a la derecha en NW 6th Ave. La rampa hacia la I-95 N. Toma la salida hacia FL-826 E\/I-95 N (Salida 12B). Sigue por FL-826 E\/I-95 N y toma la salida 12C. Incorp\u00f3rate a la Ruta 826\/FL-7 N\/US-441 N y sigue por FL-7 N\/US-441 N. Gira a la derecha en Johnson St, donde se encuentran nuestras oficinas.<\/p>\n<\/div>\n","protected":false},"excerpt":{"rendered":"<p>Lesiones personales en Biscayne Park Biscayne Park es una comunidad del &#8230; <\/p>\n","protected":false},"author":2,"featured_media":0,"parent":0,"menu_order":0,"comment_status":"closed","ping_status":"closed","template":"template-practice-areas.php","meta":{"footnotes":""},"class_list":["post-21687","page","type-page","status-publish","hentry"],"featured_image_src":null,"featured_image_src_square":null,"_links":{"self":[{"href":"https:\/\/flaxmanlaw.com\/es\/wp-json\/wp\/v2\/pages\/21687","targetHints":{"allow":["GET"]}}],"collection":[{"href":"https:\/\/flaxmanlaw.com\/es\/wp-json\/wp\/v2\/pages"}],"about":[{"href":"https:\/\/flaxmanlaw.com\/es\/wp-json\/wp\/v2\/types\/page"}],"author":[{"embeddable":true,"href":"https:\/\/flaxmanlaw.com\/es\/wp-json\/wp\/v2\/users\/2"}],"replies":[{"embeddable":true,"href":"https:\/\/flaxmanlaw.com\/es\/wp-json\/wp\/v2\/comments?post=21687"}],"version-history":[{"count":0,"href":"https:\/\/flaxmanlaw.com\/es\/wp-json\/wp\/v2\/pages\/21687\/revisions"}],"wp:attachment":[{"href":"https:\/\/flaxmanlaw.com\/es\/wp-json\/wp\/v2\/media?parent=21687"}],"curies":[{"name":"wp","href":"https:\/\/api.w.org\/{rel}","templated":true}]}}