{"id":21688,"date":"2024-11-22T11:25:18","date_gmt":"2024-11-22T11:25:18","guid":{"rendered":"https:\/\/flaxmanlaw.wpenginepowered.com\/west-park-lesiones-personales\/"},"modified":"2025-09-13T12:42:07","modified_gmt":"2025-09-13T12:42:07","slug":"west-park-lesiones-personales","status":"publish","type":"page","link":"https:\/\/flaxmanlaw.com\/es\/west-park-lesiones-personales\/","title":{"rendered":"West Park Lesiones Personales"},"content":{"rendered":"<h2>West Park Lesiones Personales<\/h2>\n<div class=\"description\">\n<p>West Park se constituy\u00f3 como ciudad independiente en 2005, separ\u00e1ndose de una zona que estaba en gran parte en Pembroke Park. Por esta raz\u00f3n, la nueva comunidad <a href=\"https:\/\/flaxmanlaw.com\/lawyer-attorney-1686887.html\">del condado de Broward<\/a> se conoce ahora como West Park. Actualmente, la comunidad sigue desarroll\u00e1ndose y puede cambiar de nombre en el futuro. Con unos 5,953 kil\u00f3metros cuadrados, West Park tiene una poblaci\u00f3n de m\u00e1s de 10.000 habitantes y es una mezcla de edificios residenciales e industriales.<\/p>\n<p>El <a href=\"https:\/\/flaxmanlaw.com\/lawyer-attorney-1118466.html\">Grupo Legal Flaxman<\/a> se enorgullece de haber servido a pacientes de lesiones personales en West Park. Nuestro equipo jur\u00eddico ha ayudado con \u00e9xito a v\u00edctimas de <a href=\"https:\/\/flaxmanlaw.com\/lawyer-attorney-1121037.html\">lesiones<\/a> personales en West Park y sus alrededores a recuperarse de sus lesiones con un s\u00f3lido asesoramiento y representaci\u00f3n legal. Si has sufrido lesiones en West Park en un <a href=\"https:\/\/flaxmanlaw.com\/lawyer-attorney-1119800.html\">accidente automovil\u00edstico<\/a>, <a href=\"https:\/\/flaxmanlaw.com\/lawyer-attorney-1121035.html\">peatonal<\/a>, o por alg\u00fan otro medio, <a href=\"https:\/\/flaxmanlaw.com\/lawyer-attorney-1118456.html\">contacta al Grupo Legal Flaxman<\/a> para una consulta sin costo y sin compromiso para hablar sobre tu caso de lesiones personales en West Park. No hay ning\u00fan compromiso y puede que aprendas algo sobre tus opciones y derechos legales que podr\u00eda cambiarte la vida.<\/p>\n<p>Ver\u00e1s, un caso de lesiones personales en West Park cambiar\u00e1 tu vida. Si has sufrido una lesi\u00f3n, puedes perder trabajo e ingresos, sufrir da\u00f1os materiales y acumular considerables facturas m\u00e9dicas. Si has sufrido una <a href=\"https:\/\/flaxmanlaw.com\/lawyer-attorney-1121001.html\">quemadura<\/a>, <a href=\"https:\/\/flaxmanlaw.com\/lawyer-attorney-1121045.html\">lesi\u00f3n medular<\/a> u otra lesi\u00f3n grave en West Park, es posible que tengas que afrontar gastos de rehabilitaci\u00f3n y p\u00e9rdida de ingresos durante a\u00f1os mientras te recuperas. Sin embargo, aunque hayas pagado fielmente las primas del seguro durante a\u00f1os, las compa\u00f1\u00edas de seguros no siempre calculan con exactitud el coste total de tu lesi\u00f3n. Tu reclamaci\u00f3n al seguro puede cubrir s\u00f3lo una parte de los gastos relacionados con tu lesi\u00f3n, dej\u00e1ndote a ti el pago del resto.<\/p>\n<p>Algunas v\u00edctimas de lesiones personales de West Park se enfrentan a ejecuciones hipotecarias, desahucios e incluso quiebras por no recibir de las compa\u00f1\u00edas de seguros el importe \u00edntegro de sus gastos. Trabajar con un abogado de lesiones personales en West Park del Grupo Legal Flaxman puede ayudarte. El experimentado equipo legal del Grupo Legal Flaxman ha trabajado exitosamente con miles de v\u00edctimas de lesiones personales en Florida y West Park. El equipo sabe c\u00f3mo calcular con precisi\u00f3n los costes de una lesi\u00f3n y c\u00f3mo negociar con una aseguradora el importe total. El experimentado equipo legal del Grupo Legal Flaxman tambi\u00e9n entiende c\u00f3mo investigar un accidente y c\u00f3mo encontrar a todas las partes responsables, aumentando las probabilidades de que recuperes una indemnizaci\u00f3n m\u00e1s justa por tus lesiones personales en West Park. Para hablar sobre tu caso, <a href=\"https:\/\/flaxmanlaw.com\/contact-us.html\">contacta hoy mismo con el Grupo Legal Flaxman<\/a> para una consulta gratuita sobre accidentes.<\/p>\n<p><a href=\"https:\/\/flaxmanlaw.com\/west-park-personal-injury\/\">West Park<\/a>, Florida, est\u00e1 a unos cinco minutos en coche del despacho del Grupo Legal Flaxman en Hollywood. Para llegar a nuestras oficinas, conduce hacia el oeste por W Hallandale Beach Boulevard y gira a la derecha en FL-7 N seguido de otra derecha en Johnson Street. La oficina estar\u00e1 a la izquierda, en el 5715 de la calle Johnson.<\/p>\n<\/div>\n","protected":false},"excerpt":{"rendered":"<p>West Park Lesiones Personales West Park se constituy\u00f3 como ciudad independiente &#8230; <\/p>\n","protected":false},"author":2,"featured_media":0,"parent":0,"menu_order":0,"comment_status":"closed","ping_status":"closed","template":"template-practice-areas.php","meta":{"footnotes":""},"class_list":["post-21688","page","type-page","status-publish","hentry"],"featured_image_src":null,"featured_image_src_square":null,"_links":{"self":[{"href":"https:\/\/flaxmanlaw.com\/es\/wp-json\/wp\/v2\/pages\/21688","targetHints":{"allow":["GET"]}}],"collection":[{"href":"https:\/\/flaxmanlaw.com\/es\/wp-json\/wp\/v2\/pages"}],"about":[{"href":"https:\/\/flaxmanlaw.com\/es\/wp-json\/wp\/v2\/types\/page"}],"author":[{"embeddable":true,"href":"https:\/\/flaxmanlaw.com\/es\/wp-json\/wp\/v2\/users\/2"}],"replies":[{"embeddable":true,"href":"https:\/\/flaxmanlaw.com\/es\/wp-json\/wp\/v2\/comments?post=21688"}],"version-history":[{"count":0,"href":"https:\/\/flaxmanlaw.com\/es\/wp-json\/wp\/v2\/pages\/21688\/revisions"}],"wp:attachment":[{"href":"https:\/\/flaxmanlaw.com\/es\/wp-json\/wp\/v2\/media?parent=21688"}],"curies":[{"name":"wp","href":"https:\/\/api.w.org\/{rel}","templated":true}]}}