{"id":21689,"date":"2024-11-22T11:55:09","date_gmt":"2024-11-22T11:55:09","guid":{"rendered":"https:\/\/flaxmanlaw.wpenginepowered.com\/lesiones-personales-en-miami\/"},"modified":"2024-11-22T11:55:09","modified_gmt":"2024-11-22T11:55:09","slug":"lesiones-personales-en-miami","status":"publish","type":"page","link":"https:\/\/flaxmanlaw.com\/es\/lesiones-personales-en-miami\/","title":{"rendered":"Lesiones personales en Miami"},"content":{"rendered":"<h1>Lesiones personales en Miami<\/h1>\n<div class=\"description\">\n<p>Miami es la 42\u00aa ciudad m\u00e1s grande de Estados Unidos y la mayor del sur de Florida, adem\u00e1s de una importante metr\u00f3polis mundial. Miami es l\u00edder en Florida en medios impresos, comunicaciones, artes, industria, entretenimiento, educaci\u00f3n, moda, medios de comunicaci\u00f3n, finanzas, cultura y comercio. De hecho, Miami es tan importante que a veces se la llama \u00abLa Puerta de las Am\u00e9ricas\u00bb. En t\u00e9rminos de poder adquisitivo, Miami es tambi\u00e9n la ciudad m\u00e1s rica de EEUU y uno de los centros urbanos m\u00e1s limpios del pa\u00eds. Los habitantes de Miami disfrutan de calles limpias, muchos parques y zonas verdes, buena calidad del aire y agua potable. M\u00e1s popularmente, Miami es conocida por su acceso a las playas, su gastronom\u00eda y pr\u00f3spera vida nocturna, y su hermoso clima. La belleza natural de Miami tambi\u00e9n la convierte en una parada popular para los cruceros, por lo que Miami es uno de los principales puertos de pasajeros de cruceros del mundo.<\/p>\n<p>Por desgracia, las lesiones personales y los accidentes pueden ocurrir en cualquier parte, y Miami, como gran ciudad, ve su parte justa de accidentes de coche, accidentes de cami\u00f3n y lesiones personales graves en Florida. Si has sufrido lesiones personales en Miami, podr\u00edas tener que hacer frente a importantes facturas m\u00e9dicas, p\u00e9rdida de ingresos y otros gastos. Aunque el seguro puede cubrir algunos de estos costes, es posible que no puedas recuperar todos los gastos. Un abogado cualificado especializado en lesiones personales de Miami puede ayudarte a recuperar la mayor parte posible de los da\u00f1os sufridos. Un buen abogado de lesiones personales de Miami puede investigar tu accidente, encontrar a todas las partes responsables, negociar con tu compa\u00f1\u00eda de seguros e incluso presentar agresivamente tus reclamaciones legales ante los tribunales.<\/p>\n<p>Si necesitas un abogado calificado de lesiones personales en Miami, el Grupo Legal Flaxman se enorgullece de haber sido parte de la comunidad de Miami durante d\u00e9cadas. Hemos ayudado con \u00e9xito a miles de clientes de Miami y alrededores. Nuestro compasivo y experimentado equipo conoce las compa\u00f1\u00edas de seguros y la ley para ayudarte a ti tambi\u00e9n. Charles Flaxman, del Grupo Legal Flaxman, por ejemplo, trabaj\u00f3 durante diez a\u00f1os en el sector de los seguros, lo que le hace estar en una posici\u00f3n \u00fanica para negociar con las compa\u00f1\u00edas de seguros en tu nombre. Si necesitas un abogado de lesiones personales en Miami, contacta al Grupo Legal Flaxman para una consulta gratuita y sin compromiso.<\/p>\n<p>El Grupo Legal Flaxman es uno de los muchos negocios pr\u00f3speros ubicados en Miami. Nuestro bufete de Miami est\u00e1 situado en la Suite 400 del 6303 de Blue Lagoon Drive, en Miami. Puedes ponerte en contacto con nuestra oficina de Miami llamando al (305) 621-0099. Si no puedes acudir a nuestras oficinas debido a tu lesi\u00f3n o por otros motivos, nuestro equipo se reunir\u00e1 contigo en tu domicilio, habitaci\u00f3n de hospital o lugar de trabajo para tu consulta inicial. Llama hoy mismo para programar tu consulta legal gratuita con el Grupo Legal Flaxman.<\/p>\n<\/div>\n","protected":false},"excerpt":{"rendered":"<p>Lesiones personales en Miami Miami es la 42\u00aa ciudad m\u00e1s grande &#8230; <\/p>\n","protected":false},"author":2,"featured_media":0,"parent":0,"menu_order":0,"comment_status":"closed","ping_status":"closed","template":"template-practice-areas.php","meta":{"footnotes":""},"class_list":["post-21689","page","type-page","status-publish","hentry"],"featured_image_src":null,"featured_image_src_square":null,"_links":{"self":[{"href":"https:\/\/flaxmanlaw.com\/es\/wp-json\/wp\/v2\/pages\/21689","targetHints":{"allow":["GET"]}}],"collection":[{"href":"https:\/\/flaxmanlaw.com\/es\/wp-json\/wp\/v2\/pages"}],"about":[{"href":"https:\/\/flaxmanlaw.com\/es\/wp-json\/wp\/v2\/types\/page"}],"author":[{"embeddable":true,"href":"https:\/\/flaxmanlaw.com\/es\/wp-json\/wp\/v2\/users\/2"}],"replies":[{"embeddable":true,"href":"https:\/\/flaxmanlaw.com\/es\/wp-json\/wp\/v2\/comments?post=21689"}],"version-history":[{"count":0,"href":"https:\/\/flaxmanlaw.com\/es\/wp-json\/wp\/v2\/pages\/21689\/revisions"}],"wp:attachment":[{"href":"https:\/\/flaxmanlaw.com\/es\/wp-json\/wp\/v2\/media?parent=21689"}],"curies":[{"name":"wp","href":"https:\/\/api.w.org\/{rel}","templated":true}]}}